{"id":1244,"date":"2023-02-13T13:56:39","date_gmt":"2023-02-13T10:56:39","guid":{"rendered":"https:\/\/www.beno.az\/?post_type=product&#038;p=1244"},"modified":"2023-04-02T17:25:37","modified_gmt":"2023-04-02T14:25:37","slug":"royal-canin-second-age-kitten-quru-yemi-12-aya-q%c9%99d%c9%99r-pisik-balalari-ucun-c%c9%99ki-il%c9%99","status":"publish","type":"product","link":"https:\/\/www.beno.az\/ru\/checkout\/royal-canin-second-age-kitten-quru-yemi-12-aya-q%c9%99d%c9%99r-pisik-balalari-ucun-c%c9%99ki-il%c9%99\/","title":{"rendered":"Royal Canin Second Age Kitten quru yemi 12 aya q\u0259d\u0259r pi\u015fik balalar\u0131 \u00fc\u00e7\u00fcn (\u00e7\u0259ki il\u0259)"},"content":{"rendered":"","protected":false},"excerpt":{"rendered":"","protected":false},"featured_media":1245,"comment_status":"open","ping_status":"closed","template":"","meta":[],"pwb-brand":[134],"product_brand":[],"product_cat":[31,33],"product_tag":[],"class_list":{"0":"post-1244","1":"product","2":"type-product","3":"status-publish","4":"has-post-thumbnail","6":"pwb-brand-brend-royalcanin","7":"product_cat-pisik","8":"product_cat-quruyemler-ceki-ile-pisik","10":"first","11":"instock","12":"shipping-taxable","13":"purchasable","14":"product-type-simple"},"pure_taxonomies":{"pwb-brand":[{"term_id":134,"name":"Royal Canin","slug":"brend-royalcanin","term_group":0,"term_taxonomy_id":134,"taxonomy":"pwb-brand","description":"","parent":0,"count":30,"filter":"raw","image":""}],"product_cat":[{"term_id":31,"name":"Pi\u015fiyimiz","slug":"pisik","term_group":0,"term_taxonomy_id":31,"taxonomy":"product_cat","description":"","parent":0,"count":275,"filter":"raw","image":""},{"term_id":33,"name":"Quru yeml\u0259r \u00e7\u0259ki il\u0259","slug":"quruyemler-ceki-ile-pisik","term_group":0,"term_taxonomy_id":33,"taxonomy":"product_cat","description":"","parent":31,"count":77,"filter":"raw","image":""}]},"brands":[{"id":134,"name":"Royal Canin","slug":"brend-royalcanin"}],"_links":{"self":[{"href":"https:\/\/www.beno.az\/ru\/wp-json\/wp\/v2\/product\/1244","targetHints":{"allow":["GET"]}}],"collection":[{"href":"https:\/\/www.beno.az\/ru\/wp-json\/wp\/v2\/product"}],"about":[{"href":"https:\/\/www.beno.az\/ru\/wp-json\/wp\/v2\/types\/product"}],"replies":[{"embeddable":true,"href":"https:\/\/www.beno.az\/ru\/wp-json\/wp\/v2\/comments?post=1244"}],"version-history":[{"count":0,"href":"https:\/\/www.beno.az\/ru\/wp-json\/wp\/v2\/product\/1244\/revisions"}],"wp:featuredmedia":[{"embeddable":true,"href":"https:\/\/www.beno.az\/ru\/wp-json\/wp\/v2\/media\/1245"}],"wp:attachment":[{"href":"https:\/\/www.beno.az\/ru\/wp-json\/wp\/v2\/media?parent=1244"}],"wp:term":[{"taxonomy":"pwb-brand","embeddable":true,"href":"https:\/\/www.beno.az\/ru\/wp-json\/wp\/v2\/pwb-brand?post=1244"},{"taxonomy":"product_brand","embeddable":true,"href":"https:\/\/www.beno.az\/ru\/wp-json\/wp\/v2\/product_brand?post=1244"},{"taxonomy":"product_cat","embeddable":true,"href":"https:\/\/www.beno.az\/ru\/wp-json\/wp\/v2\/product_cat?post=1244"},{"taxonomy":"product_tag","embeddable":true,"href":"https:\/\/www.beno.az\/ru\/wp-json\/wp\/v2\/product_tag?post=1244"}],"curies":[{"name":"wp","href":"https:\/\/api.w.org\/{rel}","templated":true}]}}