{"id":11588,"date":"2024-11-16T18:48:06","date_gmt":"2024-11-16T15:48:06","guid":{"rendered":"https:\/\/www.beno.az\/?post_type=product&#038;p=11588"},"modified":"2024-11-16T18:48:06","modified_gmt":"2024-11-16T15:48:06","slug":"mr-kiss-pisikl%c9%99ri-tualet%c9%99-oyr%c9%99tm%c9%99k-ucun-sprey-200-ml","status":"publish","type":"product","link":"https:\/\/www.beno.az\/ru\/checkout\/mr-kiss-pisikl%c9%99ri-tualet%c9%99-oyr%c9%99tm%c9%99k-ucun-sprey-200-ml\/","title":{"rendered":"Mr. Kiss pi\u015fikl\u0259ri tualet\u0259 \u00f6yr\u0259tm\u0259k \u00fc\u00e7\u00fcn sprey, 200 ml"},"content":{"rendered":"","protected":false},"excerpt":{"rendered":"","protected":false},"featured_media":11589,"comment_status":"open","ping_status":"closed","template":"","meta":[],"pwb-brand":[611],"product_brand":[],"product_cat":[39,31],"product_tag":[],"class_list":{"0":"post-11588","1":"product","2":"type-product","3":"status-publish","4":"has-post-thumbnail","6":"pwb-brand-ms-kiss-2","7":"product_cat-gigiyena-pisik","8":"product_cat-pisik","10":"first","11":"instock","12":"shipping-taxable","13":"purchasable","14":"product-type-simple"},"pure_taxonomies":{"pwb-brand":[{"term_id":611,"name":"Ms.Kiss","slug":"ms-kiss-2","term_group":0,"term_taxonomy_id":611,"taxonomy":"pwb-brand","description":"","parent":0,"count":3,"filter":"raw","image":""}],"product_cat":[{"term_id":39,"name":"Gigiyena","slug":"gigiyena-pisik","term_group":0,"term_taxonomy_id":39,"taxonomy":"product_cat","description":"","parent":31,"count":37,"filter":"raw","image":""},{"term_id":31,"name":"Pi\u015fiyimiz","slug":"pisik","term_group":0,"term_taxonomy_id":31,"taxonomy":"product_cat","description":"","parent":0,"count":275,"filter":"raw","image":""}]},"brands":[{"id":611,"name":"Ms.Kiss","slug":"ms-kiss-2"}],"_links":{"self":[{"href":"https:\/\/www.beno.az\/ru\/wp-json\/wp\/v2\/product\/11588","targetHints":{"allow":["GET"]}}],"collection":[{"href":"https:\/\/www.beno.az\/ru\/wp-json\/wp\/v2\/product"}],"about":[{"href":"https:\/\/www.beno.az\/ru\/wp-json\/wp\/v2\/types\/product"}],"replies":[{"embeddable":true,"href":"https:\/\/www.beno.az\/ru\/wp-json\/wp\/v2\/comments?post=11588"}],"version-history":[{"count":1,"href":"https:\/\/www.beno.az\/ru\/wp-json\/wp\/v2\/product\/11588\/revisions"}],"predecessor-version":[{"id":11590,"href":"https:\/\/www.beno.az\/ru\/wp-json\/wp\/v2\/product\/11588\/revisions\/11590"}],"wp:featuredmedia":[{"embeddable":true,"href":"https:\/\/www.beno.az\/ru\/wp-json\/wp\/v2\/media\/11589"}],"wp:attachment":[{"href":"https:\/\/www.beno.az\/ru\/wp-json\/wp\/v2\/media?parent=11588"}],"wp:term":[{"taxonomy":"pwb-brand","embeddable":true,"href":"https:\/\/www.beno.az\/ru\/wp-json\/wp\/v2\/pwb-brand?post=11588"},{"taxonomy":"product_brand","embeddable":true,"href":"https:\/\/www.beno.az\/ru\/wp-json\/wp\/v2\/product_brand?post=11588"},{"taxonomy":"product_cat","embeddable":true,"href":"https:\/\/www.beno.az\/ru\/wp-json\/wp\/v2\/product_cat?post=11588"},{"taxonomy":"product_tag","embeddable":true,"href":"https:\/\/www.beno.az\/ru\/wp-json\/wp\/v2\/product_tag?post=11588"}],"curies":[{"name":"wp","href":"https:\/\/api.w.org\/{rel}","templated":true}]}}