{"id":11582,"date":"2024-11-16T18:42:56","date_gmt":"2024-11-16T15:42:56","guid":{"rendered":"https:\/\/www.beno.az\/?post_type=product&#038;p=11582"},"modified":"2024-11-16T18:42:56","modified_gmt":"2024-11-16T15:42:56","slug":"ms-kiss-1-ci-aydan-etibar%c9%99n-bala-pisikl%c9%99r-ucun-bir%c9%99-v%c9%99-g%c9%99n%c9%99-spreyi-200-ml","status":"publish","type":"product","link":"https:\/\/www.beno.az\/ru\/checkout\/ms-kiss-1-ci-aydan-etibar%c9%99n-bala-pisikl%c9%99r-ucun-bir%c9%99-v%c9%99-g%c9%99n%c9%99-spreyi-200-ml\/","title":{"rendered":"Ms.Kiss 1-ci aydan etibar\u0259n bala pi\u015fikl\u0259r \u00fc\u00e7\u00fcn bir\u0259 v\u0259 g\u0259n\u0259 spreyi, 200 ml"},"content":{"rendered":"","protected":false},"excerpt":{"rendered":"","protected":false},"featured_media":11583,"comment_status":"open","ping_status":"closed","template":"","meta":[],"pwb-brand":[611],"product_brand":[],"product_cat":[36,31],"product_tag":[],"class_list":{"0":"post-11582","1":"product","2":"type-product","3":"status-publish","4":"has-post-thumbnail","6":"pwb-brand-ms-kiss-2","7":"product_cat-baytarliq-pisik","8":"product_cat-pisik","10":"first","11":"instock","12":"shipping-taxable","13":"purchasable","14":"product-type-simple"},"pure_taxonomies":{"pwb-brand":[{"term_id":611,"name":"Ms.Kiss","slug":"ms-kiss-2","term_group":0,"term_taxonomy_id":611,"taxonomy":"pwb-brand","description":"","parent":0,"count":3,"filter":"raw","image":""}],"product_cat":[{"term_id":36,"name":"Baytarl\u0131q","slug":"baytarliq-pisik","term_group":0,"term_taxonomy_id":36,"taxonomy":"product_cat","description":"","parent":31,"count":47,"filter":"raw","image":""},{"term_id":31,"name":"Pi\u015fiyimiz","slug":"pisik","term_group":0,"term_taxonomy_id":31,"taxonomy":"product_cat","description":"","parent":0,"count":275,"filter":"raw","image":""}]},"brands":[{"id":611,"name":"Ms.Kiss","slug":"ms-kiss-2"}],"_links":{"self":[{"href":"https:\/\/www.beno.az\/ru\/wp-json\/wp\/v2\/product\/11582","targetHints":{"allow":["GET"]}}],"collection":[{"href":"https:\/\/www.beno.az\/ru\/wp-json\/wp\/v2\/product"}],"about":[{"href":"https:\/\/www.beno.az\/ru\/wp-json\/wp\/v2\/types\/product"}],"replies":[{"embeddable":true,"href":"https:\/\/www.beno.az\/ru\/wp-json\/wp\/v2\/comments?post=11582"}],"version-history":[{"count":1,"href":"https:\/\/www.beno.az\/ru\/wp-json\/wp\/v2\/product\/11582\/revisions"}],"predecessor-version":[{"id":11584,"href":"https:\/\/www.beno.az\/ru\/wp-json\/wp\/v2\/product\/11582\/revisions\/11584"}],"wp:featuredmedia":[{"embeddable":true,"href":"https:\/\/www.beno.az\/ru\/wp-json\/wp\/v2\/media\/11583"}],"wp:attachment":[{"href":"https:\/\/www.beno.az\/ru\/wp-json\/wp\/v2\/media?parent=11582"}],"wp:term":[{"taxonomy":"pwb-brand","embeddable":true,"href":"https:\/\/www.beno.az\/ru\/wp-json\/wp\/v2\/pwb-brand?post=11582"},{"taxonomy":"product_brand","embeddable":true,"href":"https:\/\/www.beno.az\/ru\/wp-json\/wp\/v2\/product_brand?post=11582"},{"taxonomy":"product_cat","embeddable":true,"href":"https:\/\/www.beno.az\/ru\/wp-json\/wp\/v2\/product_cat?post=11582"},{"taxonomy":"product_tag","embeddable":true,"href":"https:\/\/www.beno.az\/ru\/wp-json\/wp\/v2\/product_tag?post=11582"}],"curies":[{"name":"wp","href":"https:\/\/api.w.org\/{rel}","templated":true}]}}