{"id":11570,"date":"2024-11-16T18:14:32","date_gmt":"2024-11-16T15:14:32","guid":{"rendered":"https:\/\/www.beno.az\/?post_type=product&#038;p=11570"},"modified":"2024-11-16T18:14:32","modified_gmt":"2024-11-16T15:14:32","slug":"bars-it-ucun-bit-bir%c9%99-v%c9%99-g%c9%99n%c9%99-%c9%99leyhin%c9%99-sprey-100ml","status":"publish","type":"product","link":"https:\/\/www.beno.az\/ru\/checkout\/bars-it-ucun-bit-bir%c9%99-v%c9%99-g%c9%99n%c9%99-%c9%99leyhin%c9%99-sprey-100ml\/","title":{"rendered":"Bars \u0130t \u00fc\u00e7\u00fcn bit-bir\u0259 v\u0259 g\u0259n\u0259 \u0259leyhin\u0259 sprey, 100ml"},"content":{"rendered":"<p>Sprey Bars bir\u0259 v\u0259 g\u0259n\u0259y\u0259 qar\u015f\u0131 itl\u0259r \u00fc\u00e7\u00fcn 100 ml G\u0259n\u0259 v\u0259 bir\u0259l\u0259r\u0259 qar\u015f\u0131 y\u00fcks\u0259k t\u0259sirli. it\u0259l\u0259yici h\u0259r\u0259k\u0259t. Uzunm\u00fcdd\u0259tli qorunma. H\u0259m heyvan\u0131n \u00f6z\u00fcn\u00fcn, h\u0259m d\u0259 ya\u015fay\u0131\u015f yerl\u0259rinin insektisid v\u0259 akarisid m\u00fcalic\u0259si \u00fc\u00e7\u00fcn ideald\u0131r. T\u0259rkibi v\u0259 farmakoloji x\u00fcsusiyy\u0259tl\u0259ri. T\u0259rkibind\u0259 aktiv madd\u0259 kimi fipronil var. Fipronil itl\u0259r, pi\u015fikl\u0259r, b\u0259n\u00f6v\u015f\u0259l\u0259r v\u0259 b\u0259z\u0259k g\u0259miricil\u0259rind\u0259 parazitlik ed\u0259n bir\u0259l\u0259rin, bitl\u0259rin, sol\u011funlar\u0131n, ixodid v\u0259 sarkoptoid g\u0259n\u0259l\u0259rin inki\u015faf\u0131n\u0131n s\u00fcrf\u0259 v\u0259 cinsi yetkin fazalar\u0131na ayd\u0131n t\u0259masda v\u0259 ba\u011f\u0131rsaqda insektisid t\u0259sir g\u00f6st\u0259rir. Heyvan\u0131n d\u0259risini v\u0259 sa\u00e7\u0131n\u0131 p\u00fcsk\u00fcrtd\u00fckd\u0259n sonra fipronil t\u0259dric\u0259n b\u0259d\u0259nin b\u00fct\u00fcn s\u0259thin\u0259 yay\u0131l\u0131r v\u0259 praktiki olaraq sistem d\u00f6vriyy\u0259sin\u0259 hopmur, epidermisd\u0259, sa\u00e7 follikullar\u0131nda v\u0259 ya\u011f bezl\u0259rind\u0259 toplan\u0131r v\u0259 uzunm\u00fcdd\u0259tli insektisid t\u0259sirini t\u0259min edir. t\u0259siri, heyvanlar\u0131 h\u0259\u015f\u0259ratlar\u0131n t\u0259krar h\u00fccumlar\u0131ndan \u0259n az\u0131 1 ay, ixodid g\u0259n\u0259l\u0259rd\u0259n qorumaq &#8211; \u0259n az\u0131 2 h\u0259ft\u0259<\/p>","protected":false},"excerpt":{"rendered":"<p>Sprey Bars bir\u0259 v\u0259 g\u0259n\u0259y\u0259 qar\u015f\u0131 itl\u0259r \u00fc\u00e7\u00fcn 100 ml G\u0259n\u0259 v\u0259 bir\u0259l\u0259r\u0259 qar\u015f\u0131 y\u00fcks\u0259k t\u0259sirli. it\u0259l\u0259yici h\u0259r\u0259k\u0259t. Uzunm\u00fcdd\u0259tli qorunma.<\/p>","protected":false},"featured_media":11571,"comment_status":"open","ping_status":"closed","template":"","meta":[],"pwb-brand":[163],"product_brand":[],"product_cat":[19,16],"product_tag":[],"class_list":{"0":"post-11570","1":"product","2":"type-product","3":"status-publish","4":"has-post-thumbnail","6":"pwb-brand-bars","7":"product_cat-baytarliq-it","8":"product_cat-it","10":"first","11":"instock","12":"shipping-taxable","13":"purchasable","14":"product-type-simple"},"pure_taxonomies":{"pwb-brand":[{"term_id":163,"name":"Bars","slug":"bars","term_group":0,"term_taxonomy_id":163,"taxonomy":"pwb-brand","description":"","parent":0,"count":7,"filter":"raw","image":""}],"product_cat":[{"term_id":19,"name":"Baytarl\u0131q","slug":"baytarliq-it","term_group":0,"term_taxonomy_id":19,"taxonomy":"product_cat","description":"","parent":16,"count":59,"filter":"raw","image":""},{"term_id":16,"name":"\u0130TL\u018fR","slug":"it","term_group":0,"term_taxonomy_id":16,"taxonomy":"product_cat","description":"","parent":0,"count":228,"filter":"raw","image":""}]},"brands":[{"id":163,"name":"Bars","slug":"bars"}],"_links":{"self":[{"href":"https:\/\/www.beno.az\/ru\/wp-json\/wp\/v2\/product\/11570","targetHints":{"allow":["GET"]}}],"collection":[{"href":"https:\/\/www.beno.az\/ru\/wp-json\/wp\/v2\/product"}],"about":[{"href":"https:\/\/www.beno.az\/ru\/wp-json\/wp\/v2\/types\/product"}],"replies":[{"embeddable":true,"href":"https:\/\/www.beno.az\/ru\/wp-json\/wp\/v2\/comments?post=11570"}],"version-history":[{"count":1,"href":"https:\/\/www.beno.az\/ru\/wp-json\/wp\/v2\/product\/11570\/revisions"}],"predecessor-version":[{"id":11572,"href":"https:\/\/www.beno.az\/ru\/wp-json\/wp\/v2\/product\/11570\/revisions\/11572"}],"wp:featuredmedia":[{"embeddable":true,"href":"https:\/\/www.beno.az\/ru\/wp-json\/wp\/v2\/media\/11571"}],"wp:attachment":[{"href":"https:\/\/www.beno.az\/ru\/wp-json\/wp\/v2\/media?parent=11570"}],"wp:term":[{"taxonomy":"pwb-brand","embeddable":true,"href":"https:\/\/www.beno.az\/ru\/wp-json\/wp\/v2\/pwb-brand?post=11570"},{"taxonomy":"product_brand","embeddable":true,"href":"https:\/\/www.beno.az\/ru\/wp-json\/wp\/v2\/product_brand?post=11570"},{"taxonomy":"product_cat","embeddable":true,"href":"https:\/\/www.beno.az\/ru\/wp-json\/wp\/v2\/product_cat?post=11570"},{"taxonomy":"product_tag","embeddable":true,"href":"https:\/\/www.beno.az\/ru\/wp-json\/wp\/v2\/product_tag?post=11570"}],"curies":[{"name":"wp","href":"https:\/\/api.w.org\/{rel}","templated":true}]}}