{"id":11554,"date":"2024-11-16T17:47:25","date_gmt":"2024-11-16T14:47:25","guid":{"rendered":"https:\/\/www.beno.az\/?post_type=product&#038;p=11554"},"modified":"2024-11-16T17:47:25","modified_gmt":"2024-11-16T14:47:25","slug":"bars-sprey-pisikl%c9%99r-ucun-bit-bir%c9%99-v%c9%99-g%c9%99n%c9%99-%c9%99leyhin%c9%99-sprey-100-ml","status":"publish","type":"product","link":"https:\/\/www.beno.az\/ru\/checkout\/bars-sprey-pisikl%c9%99r-ucun-bit-bir%c9%99-v%c9%99-g%c9%99n%c9%99-%c9%99leyhin%c9%99-sprey-100-ml\/","title":{"rendered":"Bars Sprey Pi\u015fikl\u0259r \u00fc\u00e7\u00fcn bit-bir\u0259 v\u0259 g\u0259n\u0259 \u0259leyhin\u0259 sprey, 100 ml"},"content":{"rendered":"<p>G\u0259n\u0259 v\u0259 bir\u0259l\u0259r\u0259 qar\u015f\u0131 y\u00fcks\u0259k t\u0259sirli. H\u0259\u015f\u0259ratlardan qorunma 1 ay, g\u0259n\u0259l\u0259r\u0259 qar\u015f\u0131 2 h\u0259ft\u0259. H\u0259m heyvan\u0131n \u00f6z\u00fcn\u00fcn, h\u0259m d\u0259 ya\u015fay\u0131\u015f yerl\u0259rinin insektisid v\u0259 akarisid m\u00fcalic\u0259si \u00fc\u00e7\u00fcn ideald\u0131r. T\u0259rkibind\u0259 aktiv madd\u0259 kimi fipronil var. Fipronil itl\u0259r, pi\u015fikl\u0259r, ferretl\u0259r v\u0259 b\u0259z\u0259k g\u0259miricil\u0259rind\u0259 parazitlik ed\u0259n bir\u0259, bit, quru, ixodid v\u0259 sarkoptoid g\u0259n\u0259l\u0259rin inki\u015faf\u0131n\u0131n s\u00fcrf\u0259 v\u0259 cinsi yetkin fazalar\u0131na ayd\u0131n t\u0259masda v\u0259 ba\u011f\u0131rsaqda insektisid t\u0259sir g\u00f6st\u0259rir. Heyvan\u0131n d\u0259risini v\u0259 sa\u00e7\u0131n\u0131 p\u00fcsk\u00fcrtd\u00fckd\u0259n sonra fipronil t\u0259dric\u0259n b\u0259d\u0259nin b\u00fct\u00fcn s\u0259thin\u0259 yay\u0131l\u0131r v\u0259 praktiki olaraq sistem d\u00f6vriyy\u0259sin\u0259 hopmur, epidermisd\u0259, sa\u00e7 follikullar\u0131nda v\u0259 ya\u011f bezl\u0259rind\u0259 toplan\u0131r v\u0259 uzunm\u00fcdd\u0259tli insektisid t\u0259sirini t\u0259min edir. t\u0259siri, heyvanlar\u0131 h\u0259\u015f\u0259ratlar\u0131n t\u0259krar h\u00fccumlar\u0131ndan \u0259n az\u0131 1 ay, ixodid g\u0259n\u0259l\u0259rd\u0259n qorumaq &#8211; \u0259n az\u0131 2 h\u0259ft\u0259.<\/p>","protected":false},"excerpt":{"rendered":"<p>G\u0259n\u0259 v\u0259 bir\u0259l\u0259r\u0259 qar\u015f\u0131 y\u00fcks\u0259k t\u0259sirli. H\u0259\u015f\u0259ratlardan qorunma 1 ay, g\u0259n\u0259l\u0259r\u0259 qar\u015f\u0131 2 h\u0259ft\u0259. H\u0259m heyvan\u0131n \u00f6z\u00fcn\u00fcn, h\u0259m d\u0259 ya\u015fay\u0131\u015f<\/p>","protected":false},"featured_media":11555,"comment_status":"open","ping_status":"closed","template":"","meta":[],"pwb-brand":[163],"product_brand":[],"product_cat":[36,31],"product_tag":[],"class_list":{"0":"post-11554","1":"product","2":"type-product","3":"status-publish","4":"has-post-thumbnail","6":"pwb-brand-bars","7":"product_cat-baytarliq-pisik","8":"product_cat-pisik","10":"first","11":"instock","12":"shipping-taxable","13":"purchasable","14":"product-type-simple"},"pure_taxonomies":{"pwb-brand":[{"term_id":163,"name":"Bars","slug":"bars","term_group":0,"term_taxonomy_id":163,"taxonomy":"pwb-brand","description":"","parent":0,"count":7,"filter":"raw","image":""}],"product_cat":[{"term_id":36,"name":"Baytarl\u0131q","slug":"baytarliq-pisik","term_group":0,"term_taxonomy_id":36,"taxonomy":"product_cat","description":"","parent":31,"count":47,"filter":"raw","image":""},{"term_id":31,"name":"Pi\u015fiyimiz","slug":"pisik","term_group":0,"term_taxonomy_id":31,"taxonomy":"product_cat","description":"","parent":0,"count":275,"filter":"raw","image":""}]},"brands":[{"id":163,"name":"Bars","slug":"bars"}],"_links":{"self":[{"href":"https:\/\/www.beno.az\/ru\/wp-json\/wp\/v2\/product\/11554","targetHints":{"allow":["GET"]}}],"collection":[{"href":"https:\/\/www.beno.az\/ru\/wp-json\/wp\/v2\/product"}],"about":[{"href":"https:\/\/www.beno.az\/ru\/wp-json\/wp\/v2\/types\/product"}],"replies":[{"embeddable":true,"href":"https:\/\/www.beno.az\/ru\/wp-json\/wp\/v2\/comments?post=11554"}],"version-history":[{"count":1,"href":"https:\/\/www.beno.az\/ru\/wp-json\/wp\/v2\/product\/11554\/revisions"}],"predecessor-version":[{"id":11556,"href":"https:\/\/www.beno.az\/ru\/wp-json\/wp\/v2\/product\/11554\/revisions\/11556"}],"wp:featuredmedia":[{"embeddable":true,"href":"https:\/\/www.beno.az\/ru\/wp-json\/wp\/v2\/media\/11555"}],"wp:attachment":[{"href":"https:\/\/www.beno.az\/ru\/wp-json\/wp\/v2\/media?parent=11554"}],"wp:term":[{"taxonomy":"pwb-brand","embeddable":true,"href":"https:\/\/www.beno.az\/ru\/wp-json\/wp\/v2\/pwb-brand?post=11554"},{"taxonomy":"product_brand","embeddable":true,"href":"https:\/\/www.beno.az\/ru\/wp-json\/wp\/v2\/product_brand?post=11554"},{"taxonomy":"product_cat","embeddable":true,"href":"https:\/\/www.beno.az\/ru\/wp-json\/wp\/v2\/product_cat?post=11554"},{"taxonomy":"product_tag","embeddable":true,"href":"https:\/\/www.beno.az\/ru\/wp-json\/wp\/v2\/product_tag?post=11554"}],"curies":[{"name":"wp","href":"https:\/\/api.w.org\/{rel}","templated":true}]}}