{"id":11544,"date":"2024-11-16T17:02:37","date_gmt":"2024-11-16T14:02:37","guid":{"rendered":"https:\/\/www.beno.az\/?post_type=product&#038;p=11544"},"modified":"2024-11-16T17:02:38","modified_gmt":"2024-11-16T14:02:38","slug":"stop-problem-pisikl%c9%99r-v%c9%99-itl%c9%99r-ucun-goz-losyonu-25-ml","status":"publish","type":"product","link":"https:\/\/www.beno.az\/ru\/checkout\/stop-problem-pisikl%c9%99r-v%c9%99-itl%c9%99r-ucun-goz-losyonu-25-ml\/","title":{"rendered":"Stop-Problem pi\u015fikl\u0259r v\u0259 itl\u0259r \u00fc\u00e7\u00fcn g\u00f6z losyonu, 25 ml"},"content":{"rendered":"","protected":false},"excerpt":{"rendered":"","protected":false},"featured_media":11545,"comment_status":"open","ping_status":"closed","template":"","meta":[],"pwb-brand":[165],"product_brand":[],"product_cat":[19,36,16,31],"product_tag":[],"class_list":{"0":"post-11544","1":"product","2":"type-product","3":"status-publish","4":"has-post-thumbnail","6":"pwb-brand-stop-problema","7":"product_cat-baytarliq-it","8":"product_cat-baytarliq-pisik","9":"product_cat-it","10":"product_cat-pisik","12":"first","13":"instock","14":"shipping-taxable","15":"purchasable","16":"product-type-simple"},"pure_taxonomies":{"pwb-brand":[{"term_id":165,"name":"Stop Problema","slug":"stop-problema","term_group":0,"term_taxonomy_id":165,"taxonomy":"pwb-brand","description":"","parent":0,"count":3,"filter":"raw","image":""}],"product_cat":[{"term_id":19,"name":"Baytarl\u0131q","slug":"baytarliq-it","term_group":0,"term_taxonomy_id":19,"taxonomy":"product_cat","description":"","parent":16,"count":59,"filter":"raw","image":""},{"term_id":36,"name":"Baytarl\u0131q","slug":"baytarliq-pisik","term_group":0,"term_taxonomy_id":36,"taxonomy":"product_cat","description":"","parent":31,"count":47,"filter":"raw","image":""},{"term_id":16,"name":"\u0130TL\u018fR","slug":"it","term_group":0,"term_taxonomy_id":16,"taxonomy":"product_cat","description":"","parent":0,"count":228,"filter":"raw","image":""},{"term_id":31,"name":"Pi\u015fiyimiz","slug":"pisik","term_group":0,"term_taxonomy_id":31,"taxonomy":"product_cat","description":"","parent":0,"count":275,"filter":"raw","image":""}]},"brands":[{"id":165,"name":"Stop Problema","slug":"stop-problema"}],"_links":{"self":[{"href":"https:\/\/www.beno.az\/ru\/wp-json\/wp\/v2\/product\/11544","targetHints":{"allow":["GET"]}}],"collection":[{"href":"https:\/\/www.beno.az\/ru\/wp-json\/wp\/v2\/product"}],"about":[{"href":"https:\/\/www.beno.az\/ru\/wp-json\/wp\/v2\/types\/product"}],"replies":[{"embeddable":true,"href":"https:\/\/www.beno.az\/ru\/wp-json\/wp\/v2\/comments?post=11544"}],"version-history":[{"count":1,"href":"https:\/\/www.beno.az\/ru\/wp-json\/wp\/v2\/product\/11544\/revisions"}],"predecessor-version":[{"id":11546,"href":"https:\/\/www.beno.az\/ru\/wp-json\/wp\/v2\/product\/11544\/revisions\/11546"}],"wp:featuredmedia":[{"embeddable":true,"href":"https:\/\/www.beno.az\/ru\/wp-json\/wp\/v2\/media\/11545"}],"wp:attachment":[{"href":"https:\/\/www.beno.az\/ru\/wp-json\/wp\/v2\/media?parent=11544"}],"wp:term":[{"taxonomy":"pwb-brand","embeddable":true,"href":"https:\/\/www.beno.az\/ru\/wp-json\/wp\/v2\/pwb-brand?post=11544"},{"taxonomy":"product_brand","embeddable":true,"href":"https:\/\/www.beno.az\/ru\/wp-json\/wp\/v2\/product_brand?post=11544"},{"taxonomy":"product_cat","embeddable":true,"href":"https:\/\/www.beno.az\/ru\/wp-json\/wp\/v2\/product_cat?post=11544"},{"taxonomy":"product_tag","embeddable":true,"href":"https:\/\/www.beno.az\/ru\/wp-json\/wp\/v2\/product_tag?post=11544"}],"curies":[{"name":"wp","href":"https:\/\/api.w.org\/{rel}","templated":true}]}}