{"id":11515,"date":"2024-11-16T15:46:54","date_gmt":"2024-11-16T12:46:54","guid":{"rendered":"https:\/\/www.beno.az\/?post_type=product&#038;p=11515"},"modified":"2024-11-16T15:46:54","modified_gmt":"2024-11-16T12:46:54","slug":"chistotel-maksimum-pisikl%c9%99r-ucun-bir%c9%99-sampunu-180-ml","status":"publish","type":"product","link":"https:\/\/www.beno.az\/ru\/checkout\/chistotel-maksimum-pisikl%c9%99r-ucun-bir%c9%99-sampunu-180-ml\/","title":{"rendered":"Chistotel Maksimum pi\u015fikl\u0259r \u00fc\u00e7\u00fcn bir\u0259 \u015fampunu, 180 ml"},"content":{"rendered":"","protected":false},"excerpt":{"rendered":"","protected":false},"featured_media":11516,"comment_status":"open","ping_status":"closed","template":"","meta":[],"pwb-brand":[135],"product_brand":[],"product_cat":[39,31],"product_tag":[],"class_list":{"0":"post-11515","1":"product","2":"type-product","3":"status-publish","4":"has-post-thumbnail","6":"pwb-brand-chistotel","7":"product_cat-gigiyena-pisik","8":"product_cat-pisik","10":"first","11":"instock","12":"shipping-taxable","13":"purchasable","14":"product-type-simple"},"pure_taxonomies":{"pwb-brand":[{"term_id":135,"name":"Chistotel","slug":"chistotel","term_group":0,"term_taxonomy_id":135,"taxonomy":"pwb-brand","description":"","parent":0,"count":17,"filter":"raw","image":""}],"product_cat":[{"term_id":39,"name":"Gigiyena","slug":"gigiyena-pisik","term_group":0,"term_taxonomy_id":39,"taxonomy":"product_cat","description":"","parent":31,"count":37,"filter":"raw","image":""},{"term_id":31,"name":"Pi\u015fiyimiz","slug":"pisik","term_group":0,"term_taxonomy_id":31,"taxonomy":"product_cat","description":"","parent":0,"count":275,"filter":"raw","image":""}]},"brands":[{"id":135,"name":"Chistotel","slug":"chistotel"}],"_links":{"self":[{"href":"https:\/\/www.beno.az\/ru\/wp-json\/wp\/v2\/product\/11515","targetHints":{"allow":["GET"]}}],"collection":[{"href":"https:\/\/www.beno.az\/ru\/wp-json\/wp\/v2\/product"}],"about":[{"href":"https:\/\/www.beno.az\/ru\/wp-json\/wp\/v2\/types\/product"}],"replies":[{"embeddable":true,"href":"https:\/\/www.beno.az\/ru\/wp-json\/wp\/v2\/comments?post=11515"}],"version-history":[{"count":1,"href":"https:\/\/www.beno.az\/ru\/wp-json\/wp\/v2\/product\/11515\/revisions"}],"predecessor-version":[{"id":11517,"href":"https:\/\/www.beno.az\/ru\/wp-json\/wp\/v2\/product\/11515\/revisions\/11517"}],"wp:featuredmedia":[{"embeddable":true,"href":"https:\/\/www.beno.az\/ru\/wp-json\/wp\/v2\/media\/11516"}],"wp:attachment":[{"href":"https:\/\/www.beno.az\/ru\/wp-json\/wp\/v2\/media?parent=11515"}],"wp:term":[{"taxonomy":"pwb-brand","embeddable":true,"href":"https:\/\/www.beno.az\/ru\/wp-json\/wp\/v2\/pwb-brand?post=11515"},{"taxonomy":"product_brand","embeddable":true,"href":"https:\/\/www.beno.az\/ru\/wp-json\/wp\/v2\/product_brand?post=11515"},{"taxonomy":"product_cat","embeddable":true,"href":"https:\/\/www.beno.az\/ru\/wp-json\/wp\/v2\/product_cat?post=11515"},{"taxonomy":"product_tag","embeddable":true,"href":"https:\/\/www.beno.az\/ru\/wp-json\/wp\/v2\/product_tag?post=11515"}],"curies":[{"name":"wp","href":"https:\/\/api.w.org\/{rel}","templated":true}]}}