{"id":11501,"date":"2024-11-16T15:31:14","date_gmt":"2024-11-16T12:31:14","guid":{"rendered":"https:\/\/www.beno.az\/?post_type=product&#038;p=11501"},"modified":"2024-11-16T15:31:27","modified_gmt":"2024-11-16T12:31:27","slug":"lepus-pet-derma-care-pisik-v%c9%99-itl%c9%99rin-problemli-d%c9%99risi-ucun-sampun-400-ml","status":"publish","type":"product","link":"https:\/\/www.beno.az\/ru\/checkout\/lepus-pet-derma-care-pisik-v%c9%99-itl%c9%99rin-problemli-d%c9%99risi-ucun-sampun-400-ml\/","title":{"rendered":"Lepus Pet Derma Care Pi\u015fik v\u0259 itl\u0259rin problemli d\u0259risi \u00fc\u00e7\u00fcn \u015eampun 400 ml"},"content":{"rendered":"","protected":false},"excerpt":{"rendered":"","protected":false},"featured_media":11502,"comment_status":"open","ping_status":"closed","template":"","meta":[],"pwb-brand":[610],"product_brand":[],"product_cat":[39,26,16,31],"product_tag":[],"class_list":{"0":"post-11501","1":"product","2":"type-product","3":"status-publish","4":"has-post-thumbnail","6":"pwb-brand-lepus","7":"product_cat-gigiyena-pisik","8":"product_cat-giyiyena-it","9":"product_cat-it","10":"product_cat-pisik","12":"first","13":"instock","14":"shipping-taxable","15":"purchasable","16":"product-type-simple"},"pure_taxonomies":{"pwb-brand":[{"term_id":610,"name":"Lepus","slug":"lepus","term_group":0,"term_taxonomy_id":610,"taxonomy":"pwb-brand","description":"","parent":0,"count":4,"filter":"raw","image":""}],"product_cat":[{"term_id":39,"name":"Gigiyena","slug":"gigiyena-pisik","term_group":0,"term_taxonomy_id":39,"taxonomy":"product_cat","description":"","parent":31,"count":37,"filter":"raw","image":""},{"term_id":26,"name":"Gigiyena","slug":"giyiyena-it","term_group":0,"term_taxonomy_id":26,"taxonomy":"product_cat","description":"","parent":16,"count":55,"filter":"raw","image":""},{"term_id":16,"name":"\u0130TL\u018fR","slug":"it","term_group":0,"term_taxonomy_id":16,"taxonomy":"product_cat","description":"","parent":0,"count":228,"filter":"raw","image":""},{"term_id":31,"name":"Pi\u015fiyimiz","slug":"pisik","term_group":0,"term_taxonomy_id":31,"taxonomy":"product_cat","description":"","parent":0,"count":275,"filter":"raw","image":""}]},"brands":[{"id":610,"name":"Lepus","slug":"lepus"}],"_links":{"self":[{"href":"https:\/\/www.beno.az\/ru\/wp-json\/wp\/v2\/product\/11501","targetHints":{"allow":["GET"]}}],"collection":[{"href":"https:\/\/www.beno.az\/ru\/wp-json\/wp\/v2\/product"}],"about":[{"href":"https:\/\/www.beno.az\/ru\/wp-json\/wp\/v2\/types\/product"}],"replies":[{"embeddable":true,"href":"https:\/\/www.beno.az\/ru\/wp-json\/wp\/v2\/comments?post=11501"}],"version-history":[{"count":2,"href":"https:\/\/www.beno.az\/ru\/wp-json\/wp\/v2\/product\/11501\/revisions"}],"predecessor-version":[{"id":11504,"href":"https:\/\/www.beno.az\/ru\/wp-json\/wp\/v2\/product\/11501\/revisions\/11504"}],"wp:featuredmedia":[{"embeddable":true,"href":"https:\/\/www.beno.az\/ru\/wp-json\/wp\/v2\/media\/11502"}],"wp:attachment":[{"href":"https:\/\/www.beno.az\/ru\/wp-json\/wp\/v2\/media?parent=11501"}],"wp:term":[{"taxonomy":"pwb-brand","embeddable":true,"href":"https:\/\/www.beno.az\/ru\/wp-json\/wp\/v2\/pwb-brand?post=11501"},{"taxonomy":"product_brand","embeddable":true,"href":"https:\/\/www.beno.az\/ru\/wp-json\/wp\/v2\/product_brand?post=11501"},{"taxonomy":"product_cat","embeddable":true,"href":"https:\/\/www.beno.az\/ru\/wp-json\/wp\/v2\/product_cat?post=11501"},{"taxonomy":"product_tag","embeddable":true,"href":"https:\/\/www.beno.az\/ru\/wp-json\/wp\/v2\/product_tag?post=11501"}],"curies":[{"name":"wp","href":"https:\/\/api.w.org\/{rel}","templated":true}]}}