{"id":11486,"date":"2024-11-16T14:53:30","date_gmt":"2024-11-16T11:53:30","guid":{"rendered":"https:\/\/www.beno.az\/?post_type=product&#038;p=11486"},"modified":"2024-11-16T14:53:30","modified_gmt":"2024-11-16T11:53:30","slug":"beaphar-provitamin-shampoo-bala-itl%c9%99r-ucun-provitamin-sampunu-250-ml","status":"publish","type":"product","link":"https:\/\/www.beno.az\/ru\/checkout\/beaphar-provitamin-shampoo-bala-itl%c9%99r-ucun-provitamin-sampunu-250-ml\/","title":{"rendered":"Beaphar Provitamin Shampoo bala itl\u0259r \u00fc\u00e7\u00fcn provitamin \u015fampunu 250 ml"},"content":{"rendered":"","protected":false},"excerpt":{"rendered":"","protected":false},"featured_media":11487,"comment_status":"open","ping_status":"closed","template":"","meta":[],"pwb-brand":[186],"product_brand":[],"product_cat":[26,16],"product_tag":[],"class_list":{"0":"post-11486","1":"product","2":"type-product","3":"status-publish","4":"has-post-thumbnail","6":"pwb-brand-beaphar","7":"product_cat-giyiyena-it","8":"product_cat-it","10":"first","11":"instock","12":"shipping-taxable","13":"purchasable","14":"product-type-simple"},"pure_taxonomies":{"pwb-brand":[{"term_id":186,"name":"Beaphar","slug":"beaphar","term_group":0,"term_taxonomy_id":186,"taxonomy":"pwb-brand","description":"","parent":0,"count":25,"filter":"raw","image":""}],"product_cat":[{"term_id":26,"name":"Gigiyena","slug":"giyiyena-it","term_group":0,"term_taxonomy_id":26,"taxonomy":"product_cat","description":"","parent":16,"count":55,"filter":"raw","image":""},{"term_id":16,"name":"\u0130TL\u018fR","slug":"it","term_group":0,"term_taxonomy_id":16,"taxonomy":"product_cat","description":"","parent":0,"count":228,"filter":"raw","image":""}]},"brands":[{"id":186,"name":"Beaphar","slug":"beaphar"}],"_links":{"self":[{"href":"https:\/\/www.beno.az\/ru\/wp-json\/wp\/v2\/product\/11486","targetHints":{"allow":["GET"]}}],"collection":[{"href":"https:\/\/www.beno.az\/ru\/wp-json\/wp\/v2\/product"}],"about":[{"href":"https:\/\/www.beno.az\/ru\/wp-json\/wp\/v2\/types\/product"}],"replies":[{"embeddable":true,"href":"https:\/\/www.beno.az\/ru\/wp-json\/wp\/v2\/comments?post=11486"}],"version-history":[{"count":1,"href":"https:\/\/www.beno.az\/ru\/wp-json\/wp\/v2\/product\/11486\/revisions"}],"predecessor-version":[{"id":11488,"href":"https:\/\/www.beno.az\/ru\/wp-json\/wp\/v2\/product\/11486\/revisions\/11488"}],"wp:featuredmedia":[{"embeddable":true,"href":"https:\/\/www.beno.az\/ru\/wp-json\/wp\/v2\/media\/11487"}],"wp:attachment":[{"href":"https:\/\/www.beno.az\/ru\/wp-json\/wp\/v2\/media?parent=11486"}],"wp:term":[{"taxonomy":"pwb-brand","embeddable":true,"href":"https:\/\/www.beno.az\/ru\/wp-json\/wp\/v2\/pwb-brand?post=11486"},{"taxonomy":"product_brand","embeddable":true,"href":"https:\/\/www.beno.az\/ru\/wp-json\/wp\/v2\/product_brand?post=11486"},{"taxonomy":"product_cat","embeddable":true,"href":"https:\/\/www.beno.az\/ru\/wp-json\/wp\/v2\/product_cat?post=11486"},{"taxonomy":"product_tag","embeddable":true,"href":"https:\/\/www.beno.az\/ru\/wp-json\/wp\/v2\/product_tag?post=11486"}],"curies":[{"name":"wp","href":"https:\/\/api.w.org\/{rel}","templated":true}]}}