{"id":11477,"date":"2024-11-16T14:43:43","date_gmt":"2024-11-16T11:43:43","guid":{"rendered":"https:\/\/www.beno.az\/?post_type=product&#038;p=11477"},"modified":"2024-11-16T14:43:44","modified_gmt":"2024-11-16T11:43:44","slug":"beaphar-kittys-taurine-biotin-pisikl%c9%99r-ucun-biotin-taurin-proteinli-qida-%c9%99lav%c9%99si-75-h%c9%99b","status":"publish","type":"product","link":"https:\/\/www.beno.az\/ru\/checkout\/beaphar-kittys-taurine-biotin-pisikl%c9%99r-ucun-biotin-taurin-proteinli-qida-%c9%99lav%c9%99si-75-h%c9%99b\/","title":{"rendered":"Beaphar Kitty&#8217;s Taurine-Biotin Pi\u015fikl\u0259r \u00fc\u00e7\u00fcn Biotin, Taurin, Proteinli Qida \u018flav\u0259si, 75 h\u0259b"},"content":{"rendered":"","protected":false},"excerpt":{"rendered":"","protected":false},"featured_media":11478,"comment_status":"open","ping_status":"closed","template":"","meta":[],"pwb-brand":[186],"product_brand":[],"product_cat":[31,37],"product_tag":[],"class_list":{"0":"post-11477","1":"product","2":"type-product","3":"status-publish","4":"has-post-thumbnail","6":"pwb-brand-beaphar","7":"product_cat-pisik","8":"product_cat-vitaminlerveqidaelaveleri-pisik","10":"first","11":"instock","12":"shipping-taxable","13":"purchasable","14":"product-type-simple"},"pure_taxonomies":{"pwb-brand":[{"term_id":186,"name":"Beaphar","slug":"beaphar","term_group":0,"term_taxonomy_id":186,"taxonomy":"pwb-brand","description":"","parent":0,"count":25,"filter":"raw","image":""}],"product_cat":[{"term_id":31,"name":"Pi\u015fiyimiz","slug":"pisik","term_group":0,"term_taxonomy_id":31,"taxonomy":"product_cat","description":"","parent":0,"count":275,"filter":"raw","image":""},{"term_id":37,"name":"Vitaminl\u0259r, qida \u0259lav\u0259l\u0259ri","slug":"vitaminlerveqidaelaveleri-pisik","term_group":0,"term_taxonomy_id":37,"taxonomy":"product_cat","description":"","parent":31,"count":8,"filter":"raw","image":""}]},"brands":[{"id":186,"name":"Beaphar","slug":"beaphar"}],"_links":{"self":[{"href":"https:\/\/www.beno.az\/ru\/wp-json\/wp\/v2\/product\/11477","targetHints":{"allow":["GET"]}}],"collection":[{"href":"https:\/\/www.beno.az\/ru\/wp-json\/wp\/v2\/product"}],"about":[{"href":"https:\/\/www.beno.az\/ru\/wp-json\/wp\/v2\/types\/product"}],"replies":[{"embeddable":true,"href":"https:\/\/www.beno.az\/ru\/wp-json\/wp\/v2\/comments?post=11477"}],"version-history":[{"count":1,"href":"https:\/\/www.beno.az\/ru\/wp-json\/wp\/v2\/product\/11477\/revisions"}],"predecessor-version":[{"id":11479,"href":"https:\/\/www.beno.az\/ru\/wp-json\/wp\/v2\/product\/11477\/revisions\/11479"}],"wp:featuredmedia":[{"embeddable":true,"href":"https:\/\/www.beno.az\/ru\/wp-json\/wp\/v2\/media\/11478"}],"wp:attachment":[{"href":"https:\/\/www.beno.az\/ru\/wp-json\/wp\/v2\/media?parent=11477"}],"wp:term":[{"taxonomy":"pwb-brand","embeddable":true,"href":"https:\/\/www.beno.az\/ru\/wp-json\/wp\/v2\/pwb-brand?post=11477"},{"taxonomy":"product_brand","embeddable":true,"href":"https:\/\/www.beno.az\/ru\/wp-json\/wp\/v2\/product_brand?post=11477"},{"taxonomy":"product_cat","embeddable":true,"href":"https:\/\/www.beno.az\/ru\/wp-json\/wp\/v2\/product_cat?post=11477"},{"taxonomy":"product_tag","embeddable":true,"href":"https:\/\/www.beno.az\/ru\/wp-json\/wp\/v2\/product_tag?post=11477"}],"curies":[{"name":"wp","href":"https:\/\/api.w.org\/{rel}","templated":true}]}}