{"id":11467,"date":"2024-11-16T14:29:28","date_gmt":"2024-11-16T11:29:28","guid":{"rendered":"https:\/\/www.beno.az\/?post_type=product&#038;p=11467"},"modified":"2024-11-16T14:29:28","modified_gmt":"2024-11-16T11:29:28","slug":"beaphar-doggys-itl%c9%99r-ucun-biotin-taurin-proteinli-qida-%c9%99lav%c9%99si-180-h%c9%99b","status":"publish","type":"product","link":"https:\/\/www.beno.az\/ru\/checkout\/beaphar-doggys-itl%c9%99r-ucun-biotin-taurin-proteinli-qida-%c9%99lav%c9%99si-180-h%c9%99b\/","title":{"rendered":"Beaphar Doggy\u2019s \u0130tl\u0259r \u00fc\u00e7\u00fcn Biotin, Taurin, Proteinli Qida \u018flav\u0259si, 180 h\u0259b"},"content":{"rendered":"","protected":false},"excerpt":{"rendered":"","protected":false},"featured_media":11469,"comment_status":"open","ping_status":"closed","template":"","meta":[],"pwb-brand":[186],"product_brand":[],"product_cat":[16,20],"product_tag":[],"class_list":{"0":"post-11467","1":"product","2":"type-product","3":"status-publish","4":"has-post-thumbnail","6":"pwb-brand-beaphar","7":"product_cat-it","8":"product_cat-vitaminlerveqidaelaveleri-it","10":"first","11":"instock","12":"shipping-taxable","13":"purchasable","14":"product-type-simple"},"pure_taxonomies":{"pwb-brand":[{"term_id":186,"name":"Beaphar","slug":"beaphar","term_group":0,"term_taxonomy_id":186,"taxonomy":"pwb-brand","description":"","parent":0,"count":25,"filter":"raw","image":""}],"product_cat":[{"term_id":16,"name":"\u0130TL\u018fR","slug":"it","term_group":0,"term_taxonomy_id":16,"taxonomy":"product_cat","description":"","parent":0,"count":228,"filter":"raw","image":""},{"term_id":20,"name":"Vitaminl\u0259r v\u0259 qida \u0259lav\u0259l\u0259ri","slug":"vitaminlerveqidaelaveleri-it","term_group":0,"term_taxonomy_id":20,"taxonomy":"product_cat","description":"","parent":16,"count":19,"filter":"raw","image":""}]},"brands":[{"id":186,"name":"Beaphar","slug":"beaphar"}],"_links":{"self":[{"href":"https:\/\/www.beno.az\/ru\/wp-json\/wp\/v2\/product\/11467","targetHints":{"allow":["GET"]}}],"collection":[{"href":"https:\/\/www.beno.az\/ru\/wp-json\/wp\/v2\/product"}],"about":[{"href":"https:\/\/www.beno.az\/ru\/wp-json\/wp\/v2\/types\/product"}],"replies":[{"embeddable":true,"href":"https:\/\/www.beno.az\/ru\/wp-json\/wp\/v2\/comments?post=11467"}],"version-history":[{"count":1,"href":"https:\/\/www.beno.az\/ru\/wp-json\/wp\/v2\/product\/11467\/revisions"}],"predecessor-version":[{"id":11470,"href":"https:\/\/www.beno.az\/ru\/wp-json\/wp\/v2\/product\/11467\/revisions\/11470"}],"wp:featuredmedia":[{"embeddable":true,"href":"https:\/\/www.beno.az\/ru\/wp-json\/wp\/v2\/media\/11469"}],"wp:attachment":[{"href":"https:\/\/www.beno.az\/ru\/wp-json\/wp\/v2\/media?parent=11467"}],"wp:term":[{"taxonomy":"pwb-brand","embeddable":true,"href":"https:\/\/www.beno.az\/ru\/wp-json\/wp\/v2\/pwb-brand?post=11467"},{"taxonomy":"product_brand","embeddable":true,"href":"https:\/\/www.beno.az\/ru\/wp-json\/wp\/v2\/product_brand?post=11467"},{"taxonomy":"product_cat","embeddable":true,"href":"https:\/\/www.beno.az\/ru\/wp-json\/wp\/v2\/product_cat?post=11467"},{"taxonomy":"product_tag","embeddable":true,"href":"https:\/\/www.beno.az\/ru\/wp-json\/wp\/v2\/product_tag?post=11467"}],"curies":[{"name":"wp","href":"https:\/\/api.w.org\/{rel}","templated":true}]}}