{"id":11449,"date":"2024-11-16T13:56:49","date_gmt":"2024-11-16T10:56:49","guid":{"rendered":"https:\/\/www.beno.az\/?post_type=product&#038;p=11449"},"modified":"2024-11-16T13:56:50","modified_gmt":"2024-11-16T10:56:50","slug":"canvit-biotin-pisikl%c9%99r-ucun-d%c9%99rini-gucl%c9%99ndirm%c9%99k-v%c9%99-sac-tokulm%c9%99sin%c9%99-qarsi-vitaminl%c9%99r-100-t","status":"publish","type":"product","link":"https:\/\/www.beno.az\/ru\/checkout\/canvit-biotin-pisikl%c9%99r-ucun-d%c9%99rini-gucl%c9%99ndirm%c9%99k-v%c9%99-sac-tokulm%c9%99sin%c9%99-qarsi-vitaminl%c9%99r-100-t\/","title":{"rendered":"Canvit Biotin pi\u015fikl\u0259r \u00fc\u00e7\u00fcn d\u0259rini g\u00fccl\u0259ndirm\u0259k v\u0259 sa\u00e7 t\u00f6k\u00fclm\u0259sin\u0259 qar\u015f\u0131 vitaminl\u0259r, 100 t"},"content":{"rendered":"<p>Sa\u011flam d\u0259ri v\u0259 qal\u0131n, par\u0131lt\u0131l\u0131 t\u00fckl\u0259r \u00fc\u00e7\u00fcn d\u0259st\u0259k<\/p>\n<p>Sa\u011flam d\u0259ri, g\u00fcr x\u0259zi v\u0259 keratin \u00fc\u00e7\u00fcn vitamin v\u0259 \u00fczvi ba\u011fl\u0131 minerallar kompleksi. Canvit Biotin-d\u0259 olan qidal\u0131 madd\u0259l\u0259r d\u0259rinin yenil\u0259nm\u0259sini v\u0259 t pi\u015fikl\u0259rin g\u00f6r\u00fcn\u00fc\u015f\u00fc \u00fc\u00e7\u00fcn z\u0259ruri olan qal\u0131n v\u0259 \u015f\u0131q x\u0259zinin inki\u015faf\u0131n\u0131 d\u0259st\u0259kl\u0259yir.<\/p>\n<p>Gur t\u00fck v\u0259 d\u0259ri \u0259traf m\u00fchitin t\u0259hl\u00fck\u0259l\u0259rin\u0259 qar\u015f\u0131 orqanizmin ilk m\u00fcdafi\u0259 qat\u0131n\u0131 t\u0259\u015fkil edir. D\u0259rinin qorunmas\u0131n\u0131 t\u0259min etm\u0259k \u00fc\u00e7\u00fcn onun metabolizmi \u00fc\u00e7\u00fcn biotin, B2, B3 (niakinamid) vitaminl\u0259ri v\u0259 B5 (kalium pantotenit) kimi qidal\u0131 madd\u0259l\u0259rin kifay\u0259t q\u0259d\u0259r m\u0259nb\u0259yi, h\u0259m\u00e7inin zink, mis v\u0259 metionin kimi mikroelementl\u0259r v\u0259 amin tur\u015fular\u0131 t\u0259l\u0259b olunur. Canvit Biotin d\u0259ri v\u0259 sa\u00e7lar\u0131n\u0131n sa\u011flam f\u0259aliyy\u0259ti v\u0259 inki\u015faf\u0131 \u00fc\u00e7\u00fcn z\u0259ruri olan qidal\u0131 madd\u0259l\u0259rin kompleks m\u0259nb\u0259yidir.<\/p>","protected":false},"excerpt":{"rendered":"<p>Sa\u011flam d\u0259ri v\u0259 qal\u0131n, par\u0131lt\u0131l\u0131 t\u00fckl\u0259r \u00fc\u00e7\u00fcn d\u0259st\u0259k Sa\u011flam d\u0259ri, g\u00fcr x\u0259zi v\u0259 keratin \u00fc\u00e7\u00fcn vitamin v\u0259 \u00fczvi ba\u011fl\u0131 minerallar<\/p>","protected":false},"featured_media":11450,"comment_status":"open","ping_status":"closed","template":"","meta":[],"pwb-brand":[609],"product_brand":[],"product_cat":[31,37],"product_tag":[],"class_list":{"0":"post-11449","1":"product","2":"type-product","3":"status-publish","4":"has-post-thumbnail","6":"pwb-brand-canvit","7":"product_cat-pisik","8":"product_cat-vitaminlerveqidaelaveleri-pisik","10":"first","11":"instock","12":"shipping-taxable","13":"purchasable","14":"product-type-simple"},"pure_taxonomies":{"pwb-brand":[{"term_id":609,"name":"Canvit","slug":"canvit","term_group":0,"term_taxonomy_id":609,"taxonomy":"pwb-brand","description":"","parent":0,"count":6,"filter":"raw","image":""}],"product_cat":[{"term_id":31,"name":"Pi\u015fiyimiz","slug":"pisik","term_group":0,"term_taxonomy_id":31,"taxonomy":"product_cat","description":"","parent":0,"count":275,"filter":"raw","image":""},{"term_id":37,"name":"Vitaminl\u0259r, qida \u0259lav\u0259l\u0259ri","slug":"vitaminlerveqidaelaveleri-pisik","term_group":0,"term_taxonomy_id":37,"taxonomy":"product_cat","description":"","parent":31,"count":8,"filter":"raw","image":""}]},"brands":[{"id":609,"name":"Canvit","slug":"canvit"}],"_links":{"self":[{"href":"https:\/\/www.beno.az\/ru\/wp-json\/wp\/v2\/product\/11449","targetHints":{"allow":["GET"]}}],"collection":[{"href":"https:\/\/www.beno.az\/ru\/wp-json\/wp\/v2\/product"}],"about":[{"href":"https:\/\/www.beno.az\/ru\/wp-json\/wp\/v2\/types\/product"}],"replies":[{"embeddable":true,"href":"https:\/\/www.beno.az\/ru\/wp-json\/wp\/v2\/comments?post=11449"}],"version-history":[{"count":1,"href":"https:\/\/www.beno.az\/ru\/wp-json\/wp\/v2\/product\/11449\/revisions"}],"predecessor-version":[{"id":11451,"href":"https:\/\/www.beno.az\/ru\/wp-json\/wp\/v2\/product\/11449\/revisions\/11451"}],"wp:featuredmedia":[{"embeddable":true,"href":"https:\/\/www.beno.az\/ru\/wp-json\/wp\/v2\/media\/11450"}],"wp:attachment":[{"href":"https:\/\/www.beno.az\/ru\/wp-json\/wp\/v2\/media?parent=11449"}],"wp:term":[{"taxonomy":"pwb-brand","embeddable":true,"href":"https:\/\/www.beno.az\/ru\/wp-json\/wp\/v2\/pwb-brand?post=11449"},{"taxonomy":"product_brand","embeddable":true,"href":"https:\/\/www.beno.az\/ru\/wp-json\/wp\/v2\/product_brand?post=11449"},{"taxonomy":"product_cat","embeddable":true,"href":"https:\/\/www.beno.az\/ru\/wp-json\/wp\/v2\/product_cat?post=11449"},{"taxonomy":"product_tag","embeddable":true,"href":"https:\/\/www.beno.az\/ru\/wp-json\/wp\/v2\/product_tag?post=11449"}],"curies":[{"name":"wp","href":"https:\/\/api.w.org\/{rel}","templated":true}]}}