{"id":11442,"date":"2024-11-16T13:33:16","date_gmt":"2024-11-16T10:33:16","guid":{"rendered":"https:\/\/www.beno.az\/?post_type=product&#038;p=11442"},"modified":"2024-11-16T13:33:16","modified_gmt":"2024-11-16T10:33:16","slug":"tabletka-apicenna-%d0%b4%d0%b8%d1%80%d0%be%d1%84%d0%b5%d0%bd-kicik-v%c9%99-orta-cinsl%c9%99rin-itl%c9%99ri-v%c9%99-pisikl%c9%99ri-ucun-daxili-parazit-%c9%99leyhin%c9%99","status":"publish","type":"product","link":"https:\/\/www.beno.az\/ru\/checkout\/tabletka-apicenna-%d0%b4%d0%b8%d1%80%d0%be%d1%84%d0%b5%d0%bd-kicik-v%c9%99-orta-cinsl%c9%99rin-itl%c9%99ri-v%c9%99-pisikl%c9%99ri-ucun-daxili-parazit-%c9%99leyhin%c9%99\/","title":{"rendered":"Tabletka Apicenna &#8220;\u0414\u0438\u0440\u043e\u0444\u0435\u043d&#8221; ki\u00e7ik v\u0259 orta cinsl\u0259rin itl\u0259ri v\u0259 pi\u015fikl\u0259ri \u00fc\u00e7\u00fcn daxili parazit \u0259leyhin\u0259"},"content":{"rendered":"","protected":false},"excerpt":{"rendered":"<p>Ki\u00e7ik v\u0259 orta cins pi\u015fik v\u0259 itl\u0259rin degelmintizasiyas\u0131 \u00fc\u00e7\u00fcn Dirofen tabletl\u0259ri \u2800<\/p>\n<p>DOZA V\u018f \u0130ST\u0130FAD\u018f \u00dcSULU \u2800 Dirofen tabletl\u0259ri heyvanlar t\u0259r\u0259find\u0259n f\u0259rdi olaraq, s\u0259h\u0259rl\u0259r az miqdarda qida v\u0259 ya m\u00fcalic\u0259 il\u0259 qidalanan zaman istifad\u0259 olunur. \u018fvv\u0259lc\u0259d\u0259n oruc tutmaq \u00fc\u00e7\u00fcn p\u0259hriz v\u0259 ya laksatifl\u0259rin istifad\u0259si t\u0259l\u0259b olunmur. \u2800 Profilaktika m\u0259qs\u0259di il\u0259 degelmintizasiya bir d\u0259f\u0259, r\u00fcbl\u00fck, h\u0259m\u00e7inin h\u0259r peyv\u0259ndd\u0259n \u0259vv\u0259l apar\u0131l\u0131r. \u2800 Terapevtik m\u0259qs\u0259dl\u0259rl\u0259, el\u0259c\u0259 d\u0259 heyvanlar\u0131n qrup (s\u0131xl\u0131q) saxlanmas\u0131 zaman\u0131 profilaktika m\u0259qs\u0259di il\u0259 (itxanalar, s\u0131\u011f\u0131nacaqlar, vivariumlar) m\u00fcalic\u0259 apar\u0131l\u0131r: nematodlar \u00fc\u00e7\u00fcn &#8211; 14 g\u00fcn fasil\u0259 il\u0259 iki d\u0259f\u0259; cestodias v\u0259 \u0259laq\u0259li nematodo-cestodal invaziyalar \u00fc\u00e7\u00fcn &#8211; 14 g\u00fcn fasil\u0259 il\u0259 iki d\u0259f\u0259, g\u00fcnd\u0259 bir d\u0259f\u0259 3 g\u00fcn ard\u0131c\u0131l olaraq a\u015fa\u011f\u0131dak\u0131 dozalarda: \u2800 \u2022 Ki\u00e7ik v\u0259 orta cins pi\u015fikl\u0259r v\u0259 itl\u0259r \u00fc\u00e7\u00fcn Dirofen tabletl\u0259ri &#8211; 5 kq heyvana 1 tablet. \u00e7\u0259ki. \u2800 D\u0259rman\u0131n h\u0259ddind\u0259n art\u0131q dozas\u0131 zaman\u0131 heyvan depressiya, qidalanmadan imtina, h\u0259ddind\u0259n art\u0131q t\u00fcp\u00fcrc\u0259k ifraz\u0131 v\u0259 m\u0259d\u0259-ba\u011f\u0131rsaq poz\u011funlu\u011fu il\u0259 qar\u015f\u0131la\u015fa bil\u0259r. Bu hallarda, d\u0259rman\u0131 b\u0259d\u0259nd\u0259n \u00e7\u0131xarma\u011fa y\u00f6n\u0259lmi\u015f \u00fcmumi t\u0259dbirl\u0259r istifad\u0259 olunur. \u2800<\/p>\n<p>\u018fKS G\u00d6ST\u018fR\u0130\u015eL\u018fR \u2800 \u0130stifad\u0259y\u0259 \u0259ks g\u00f6st\u0259ri\u015f preparat\u0131n t\u0259rkib hiss\u0259l\u0259rin\u0259 f\u0259rdi d\u00f6z\u00fcms\u00fczl\u00fckd\u00fcr (o c\u00fcml\u0259d\u0259n tarix). \u2800 Dirofen h\u0259bl\u0259ri t\u00fck\u0259nmi\u015f heyvanlar, yoluxucu x\u0259st\u0259likl\u0259rd\u0259n \u0259ziyy\u0259t \u00e7\u0259k\u0259nl\u0259r v\u0259 sa\u011falma d\u00f6vr\u00fc olan heyvanlar, h\u0259m\u00e7inin hamil\u0259liyin ilk yar\u0131s\u0131nda di\u015fil\u0259r, bala, 3 h\u0259ft\u0259lik pi\u015fik balalar\u0131 t\u0259r\u0259find\u0259n istifad\u0259 edilm\u0259m\u0259lidir; \u2800 Hamil\u0259 qad\u0131nlara, laz\u0131m g\u0259l\u0259rs\u0259, preparat g\u00f6zl\u0259nil\u0259n do\u011fu\u015fdan 3 h\u0259ft\u0259 \u0259vv\u0259l ehtiyatla, baytar h\u0259kiminin n\u0259zar\u0259ti alt\u0131nda, s\u00fcd ver\u0259n qad\u0131nlara is\u0259 do\u011fu\u015fdan 2-3 h\u0259ft\u0259 sonra t\u0259yin edilir. \u2800 X\u00dcSUS\u0130 T\u018fL\u0130MAT \u2800 Dirofen tabletl\u0259ri piperazin v\u0259 xolinesteraza inhibitorlar\u0131 il\u0259 eyni vaxtda istifad\u0259 edilm\u0259m\u0259lidir. \u2800 D\u0259rman m\u0259hsuldar heyvanlarda istifad\u0259 \u00fc\u00e7\u00fcn n\u0259z\u0259rd\u0259 tutulmay\u0131b.<\/p>","protected":false},"featured_media":11441,"comment_status":"open","ping_status":"closed","template":"","meta":[],"pwb-brand":[155],"product_brand":[],"product_cat":[36,19,16,31],"product_tag":[],"class_list":{"0":"post-11442","1":"product","2":"type-product","3":"status-publish","4":"has-post-thumbnail","6":"pwb-brand-apicenna","7":"product_cat-baytarliq-pisik","8":"product_cat-baytarliq-it","9":"product_cat-it","10":"product_cat-pisik","12":"first","13":"instock","14":"shipping-taxable","15":"purchasable","16":"product-type-simple"},"pure_taxonomies":{"pwb-brand":[{"term_id":155,"name":"Apicenna","slug":"apicenna","term_group":0,"term_taxonomy_id":155,"taxonomy":"pwb-brand","description":"","parent":0,"count":5,"filter":"raw","image":""}],"product_cat":[{"term_id":36,"name":"Baytarl\u0131q","slug":"baytarliq-pisik","term_group":0,"term_taxonomy_id":36,"taxonomy":"product_cat","description":"","parent":31,"count":47,"filter":"raw","image":""},{"term_id":19,"name":"Baytarl\u0131q","slug":"baytarliq-it","term_group":0,"term_taxonomy_id":19,"taxonomy":"product_cat","description":"","parent":16,"count":59,"filter":"raw","image":""},{"term_id":16,"name":"\u0130TL\u018fR","slug":"it","term_group":0,"term_taxonomy_id":16,"taxonomy":"product_cat","description":"","parent":0,"count":228,"filter":"raw","image":""},{"term_id":31,"name":"Pi\u015fiyimiz","slug":"pisik","term_group":0,"term_taxonomy_id":31,"taxonomy":"product_cat","description":"","parent":0,"count":275,"filter":"raw","image":""}]},"brands":[{"id":155,"name":"Apicenna","slug":"apicenna"}],"_links":{"self":[{"href":"https:\/\/www.beno.az\/ru\/wp-json\/wp\/v2\/product\/11442","targetHints":{"allow":["GET"]}}],"collection":[{"href":"https:\/\/www.beno.az\/ru\/wp-json\/wp\/v2\/product"}],"about":[{"href":"https:\/\/www.beno.az\/ru\/wp-json\/wp\/v2\/types\/product"}],"replies":[{"embeddable":true,"href":"https:\/\/www.beno.az\/ru\/wp-json\/wp\/v2\/comments?post=11442"}],"version-history":[{"count":1,"href":"https:\/\/www.beno.az\/ru\/wp-json\/wp\/v2\/product\/11442\/revisions"}],"predecessor-version":[{"id":11443,"href":"https:\/\/www.beno.az\/ru\/wp-json\/wp\/v2\/product\/11442\/revisions\/11443"}],"wp:featuredmedia":[{"embeddable":true,"href":"https:\/\/www.beno.az\/ru\/wp-json\/wp\/v2\/media\/11441"}],"wp:attachment":[{"href":"https:\/\/www.beno.az\/ru\/wp-json\/wp\/v2\/media?parent=11442"}],"wp:term":[{"taxonomy":"pwb-brand","embeddable":true,"href":"https:\/\/www.beno.az\/ru\/wp-json\/wp\/v2\/pwb-brand?post=11442"},{"taxonomy":"product_brand","embeddable":true,"href":"https:\/\/www.beno.az\/ru\/wp-json\/wp\/v2\/product_brand?post=11442"},{"taxonomy":"product_cat","embeddable":true,"href":"https:\/\/www.beno.az\/ru\/wp-json\/wp\/v2\/product_cat?post=11442"},{"taxonomy":"product_tag","embeddable":true,"href":"https:\/\/www.beno.az\/ru\/wp-json\/wp\/v2\/product_tag?post=11442"}],"curies":[{"name":"wp","href":"https:\/\/api.w.org\/{rel}","templated":true}]}}