{"id":11283,"date":"2023-12-25T15:22:43","date_gmt":"2023-12-25T12:22:43","guid":{"rendered":"https:\/\/www.beno.az\/?post_type=product&#038;p=11283"},"modified":"2024-04-14T00:05:29","modified_gmt":"2024-04-13T21:05:29","slug":"n%c9%99m-yem-pisikl%c9%99r-ucun-felix-sensations-tomat-sousunda-treska-baligi-il%c9%99-75-q","status":"publish","type":"product","link":"https:\/\/www.beno.az\/ru\/checkout\/n%c9%99m-yem-pisikl%c9%99r-ucun-felix-sensations-tomat-sousunda-treska-baligi-il%c9%99-75-q\/","title":{"rendered":"N\u0259m yem pi\u015fikl\u0259r \u00fc\u00e7\u00fcn Felix Sensations tomat sousunda treska bal\u0131\u011f\u0131 il\u0259 75 q"},"content":{"rendered":"","protected":false},"excerpt":{"rendered":"","protected":false},"featured_media":11284,"comment_status":"open","ping_status":"closed","template":"","meta":[],"pwb-brand":[562],"product_brand":[],"product_cat":[34,31],"product_tag":[563],"class_list":{"0":"post-11283","1":"product","2":"type-product","3":"status-publish","4":"has-post-thumbnail","6":"pwb-brand-felix","7":"product_cat-nemyemlerkonservler-pisik","8":"product_cat-pisik","9":"product_tag-felix","11":"first","12":"instock","13":"shipping-taxable","14":"purchasable","15":"product-type-simple"},"pure_taxonomies":{"pwb-brand":[{"term_id":562,"name":"Felix","slug":"felix","term_group":0,"term_taxonomy_id":562,"taxonomy":"pwb-brand","description":"","parent":0,"count":7,"filter":"raw","image":""}],"product_cat":[{"term_id":34,"name":"N\u0259m yeml\u0259r v\u0259 konservl\u0259r","slug":"nemyemlerkonservler-pisik","term_group":0,"term_taxonomy_id":34,"taxonomy":"product_cat","description":"","parent":31,"count":54,"filter":"raw","image":""},{"term_id":31,"name":"Pi\u015fiyimiz","slug":"pisik","term_group":0,"term_taxonomy_id":31,"taxonomy":"product_cat","description":"","parent":0,"count":275,"filter":"raw","image":""}],"product_tag":[{"term_id":563,"name":"felix","slug":"felix","term_group":0,"term_taxonomy_id":563,"taxonomy":"product_tag","description":"","parent":0,"count":7,"filter":"raw","image":""}]},"brands":[{"id":562,"name":"Felix","slug":"felix"}],"_links":{"self":[{"href":"https:\/\/www.beno.az\/ru\/wp-json\/wp\/v2\/product\/11283","targetHints":{"allow":["GET"]}}],"collection":[{"href":"https:\/\/www.beno.az\/ru\/wp-json\/wp\/v2\/product"}],"about":[{"href":"https:\/\/www.beno.az\/ru\/wp-json\/wp\/v2\/types\/product"}],"replies":[{"embeddable":true,"href":"https:\/\/www.beno.az\/ru\/wp-json\/wp\/v2\/comments?post=11283"}],"version-history":[{"count":1,"href":"https:\/\/www.beno.az\/ru\/wp-json\/wp\/v2\/product\/11283\/revisions"}],"predecessor-version":[{"id":11285,"href":"https:\/\/www.beno.az\/ru\/wp-json\/wp\/v2\/product\/11283\/revisions\/11285"}],"wp:featuredmedia":[{"embeddable":true,"href":"https:\/\/www.beno.az\/ru\/wp-json\/wp\/v2\/media\/11284"}],"wp:attachment":[{"href":"https:\/\/www.beno.az\/ru\/wp-json\/wp\/v2\/media?parent=11283"}],"wp:term":[{"taxonomy":"pwb-brand","embeddable":true,"href":"https:\/\/www.beno.az\/ru\/wp-json\/wp\/v2\/pwb-brand?post=11283"},{"taxonomy":"product_brand","embeddable":true,"href":"https:\/\/www.beno.az\/ru\/wp-json\/wp\/v2\/product_brand?post=11283"},{"taxonomy":"product_cat","embeddable":true,"href":"https:\/\/www.beno.az\/ru\/wp-json\/wp\/v2\/product_cat?post=11283"},{"taxonomy":"product_tag","embeddable":true,"href":"https:\/\/www.beno.az\/ru\/wp-json\/wp\/v2\/product_tag?post=11283"}],"curies":[{"name":"wp","href":"https:\/\/api.w.org\/{rel}","templated":true}]}}