{"id":11257,"date":"2023-12-25T14:57:51","date_gmt":"2023-12-25T11:57:51","guid":{"rendered":"https:\/\/www.beno.az\/?post_type=product&#038;p=11257"},"modified":"2024-04-13T23:12:57","modified_gmt":"2024-04-13T20:12:57","slug":"q%c9%99f%c9%99s-ekzotik-v%c9%99-dalgali-tutuqusular-ucun-yasil-30x23x39-sm","status":"publish","type":"product","link":"https:\/\/www.beno.az\/ru\/checkout\/q%c9%99f%c9%99s-ekzotik-v%c9%99-dalgali-tutuqusular-ucun-yasil-30x23x39-sm\/","title":{"rendered":"Q\u0259f\u0259s ekzotik v\u0259 dal\u011fal\u0131 tutuqu\u015fular \u00fc\u00e7\u00fcn, ya\u015f\u0131l, 30x23x39 sm"},"content":{"rendered":"","protected":false},"excerpt":{"rendered":"","protected":false},"featured_media":11259,"comment_status":"open","ping_status":"closed","template":"","meta":[],"pwb-brand":[141],"product_brand":[],"product_cat":[50,47],"product_tag":[484],"class_list":{"0":"post-11257","1":"product","2":"type-product","3":"status-publish","4":"has-post-thumbnail","6":"pwb-brand-brend-beno","7":"product_cat-qefesler-qush","8":"product_cat-qus","9":"product_tag-qfs","11":"first","12":"instock","13":"shipping-taxable","14":"purchasable","15":"product-type-simple"},"pure_taxonomies":{"pwb-brand":[{"term_id":141,"name":"Beno","slug":"brend-beno","term_group":0,"term_taxonomy_id":141,"taxonomy":"pwb-brand","description":"","parent":0,"count":46,"filter":"raw","image":""}],"product_cat":[{"term_id":50,"name":"Q\u0259f\u0259sl\u0259r","slug":"qefesler-qush","term_group":0,"term_taxonomy_id":50,"taxonomy":"product_cat","description":"","parent":47,"count":5,"filter":"raw","image":""},{"term_id":47,"name":"QU\u015eLAR","slug":"qus","term_group":0,"term_taxonomy_id":47,"taxonomy":"product_cat","description":"","parent":0,"count":26,"filter":"raw","image":""}],"product_tag":[{"term_id":484,"name":"q\u0259f\u0259s","slug":"q%c9%99f%c9%99s","term_group":0,"term_taxonomy_id":484,"taxonomy":"product_tag","description":"","parent":0,"count":5,"filter":"raw","image":""}]},"brands":[{"id":141,"name":"Beno","slug":"brend-beno"}],"_links":{"self":[{"href":"https:\/\/www.beno.az\/ru\/wp-json\/wp\/v2\/product\/11257","targetHints":{"allow":["GET"]}}],"collection":[{"href":"https:\/\/www.beno.az\/ru\/wp-json\/wp\/v2\/product"}],"about":[{"href":"https:\/\/www.beno.az\/ru\/wp-json\/wp\/v2\/types\/product"}],"replies":[{"embeddable":true,"href":"https:\/\/www.beno.az\/ru\/wp-json\/wp\/v2\/comments?post=11257"}],"version-history":[{"count":1,"href":"https:\/\/www.beno.az\/ru\/wp-json\/wp\/v2\/product\/11257\/revisions"}],"predecessor-version":[{"id":11260,"href":"https:\/\/www.beno.az\/ru\/wp-json\/wp\/v2\/product\/11257\/revisions\/11260"}],"wp:featuredmedia":[{"embeddable":true,"href":"https:\/\/www.beno.az\/ru\/wp-json\/wp\/v2\/media\/11259"}],"wp:attachment":[{"href":"https:\/\/www.beno.az\/ru\/wp-json\/wp\/v2\/media?parent=11257"}],"wp:term":[{"taxonomy":"pwb-brand","embeddable":true,"href":"https:\/\/www.beno.az\/ru\/wp-json\/wp\/v2\/pwb-brand?post=11257"},{"taxonomy":"product_brand","embeddable":true,"href":"https:\/\/www.beno.az\/ru\/wp-json\/wp\/v2\/product_brand?post=11257"},{"taxonomy":"product_cat","embeddable":true,"href":"https:\/\/www.beno.az\/ru\/wp-json\/wp\/v2\/product_cat?post=11257"},{"taxonomy":"product_tag","embeddable":true,"href":"https:\/\/www.beno.az\/ru\/wp-json\/wp\/v2\/product_tag?post=11257"}],"curies":[{"name":"wp","href":"https:\/\/api.w.org\/{rel}","templated":true}]}}