{"id":11239,"date":"2023-12-25T14:40:28","date_gmt":"2023-12-25T11:40:28","guid":{"rendered":"https:\/\/www.beno.az\/?post_type=product&#038;p=11239"},"modified":"2025-09-16T02:04:29","modified_gmt":"2025-09-15T23:04:29","slug":"doldurucu-van-cat-cat-litter-lavender-perfumed-20-kq-m%c9%99hsul-cesidd%c9%99","status":"publish","type":"product","link":"https:\/\/www.beno.az\/ru\/checkout\/doldurucu-van-cat-cat-litter-lavender-perfumed-20-kq-m%c9%99hsul-cesidd%c9%99\/","title":{"rendered":"Vancat Lavander Bentonite Super Clumping- Pi\u015fikl\u0259r \u00fc\u00e7\u00fcn lavanda doldurucu 20kq."},"content":{"rendered":"","protected":false},"excerpt":{"rendered":"","protected":false},"featured_media":11240,"comment_status":"open","ping_status":"closed","template":"","meta":[],"pwb-brand":[136],"product_brand":[],"product_cat":[35,31],"product_tag":[207,560],"class_list":{"0":"post-11239","1":"product","2":"type-product","3":"status-publish","4":"has-post-thumbnail","6":"pwb-brand-van-cat","7":"product_cat-doldurucu-pisik","8":"product_cat-pisik","9":"product_tag-van-cat","10":"product_tag-vancat","12":"first","13":"instock","14":"shipping-taxable","15":"purchasable","16":"product-type-simple"},"pure_taxonomies":{"pwb-brand":[{"term_id":136,"name":"Van Cat","slug":"van-cat","term_group":0,"term_taxonomy_id":136,"taxonomy":"pwb-brand","description":"","parent":0,"count":12,"filter":"raw","image":""}],"product_cat":[{"term_id":35,"name":"Doldurucular","slug":"doldurucu-pisik","term_group":0,"term_taxonomy_id":35,"taxonomy":"product_cat","description":"","parent":31,"count":23,"filter":"raw","image":""},{"term_id":31,"name":"Pi\u015fiyimiz","slug":"pisik","term_group":0,"term_taxonomy_id":31,"taxonomy":"product_cat","description":"","parent":0,"count":275,"filter":"raw","image":""}],"product_tag":[{"term_id":207,"name":"van cat","slug":"van-cat","term_group":0,"term_taxonomy_id":207,"taxonomy":"product_tag","description":"","parent":0,"count":4,"filter":"raw","image":""},{"term_id":560,"name":"vancat","slug":"vancat","term_group":0,"term_taxonomy_id":560,"taxonomy":"product_tag","description":"","parent":0,"count":1,"filter":"raw","image":""}]},"brands":[{"id":136,"name":"Van Cat","slug":"van-cat"}],"_links":{"self":[{"href":"https:\/\/www.beno.az\/ru\/wp-json\/wp\/v2\/product\/11239","targetHints":{"allow":["GET"]}}],"collection":[{"href":"https:\/\/www.beno.az\/ru\/wp-json\/wp\/v2\/product"}],"about":[{"href":"https:\/\/www.beno.az\/ru\/wp-json\/wp\/v2\/types\/product"}],"replies":[{"embeddable":true,"href":"https:\/\/www.beno.az\/ru\/wp-json\/wp\/v2\/comments?post=11239"}],"version-history":[{"count":2,"href":"https:\/\/www.beno.az\/ru\/wp-json\/wp\/v2\/product\/11239\/revisions"}],"predecessor-version":[{"id":17205,"href":"https:\/\/www.beno.az\/ru\/wp-json\/wp\/v2\/product\/11239\/revisions\/17205"}],"wp:featuredmedia":[{"embeddable":true,"href":"https:\/\/www.beno.az\/ru\/wp-json\/wp\/v2\/media\/11240"}],"wp:attachment":[{"href":"https:\/\/www.beno.az\/ru\/wp-json\/wp\/v2\/media?parent=11239"}],"wp:term":[{"taxonomy":"pwb-brand","embeddable":true,"href":"https:\/\/www.beno.az\/ru\/wp-json\/wp\/v2\/pwb-brand?post=11239"},{"taxonomy":"product_brand","embeddable":true,"href":"https:\/\/www.beno.az\/ru\/wp-json\/wp\/v2\/product_brand?post=11239"},{"taxonomy":"product_cat","embeddable":true,"href":"https:\/\/www.beno.az\/ru\/wp-json\/wp\/v2\/product_cat?post=11239"},{"taxonomy":"product_tag","embeddable":true,"href":"https:\/\/www.beno.az\/ru\/wp-json\/wp\/v2\/product_tag?post=11239"}],"curies":[{"name":"wp","href":"https:\/\/api.w.org\/{rel}","templated":true}]}}