{"id":11162,"date":"2023-12-25T13:29:01","date_gmt":"2023-12-25T10:29:01","guid":{"rendered":"https:\/\/www.beno.az\/?post_type=product&#038;p=11162"},"modified":"2023-12-25T13:30:34","modified_gmt":"2023-12-25T10:30:34","slug":"quru-yem-trendline-sterilised-sterilizasiya-olunmus-v%c9%99-axtalanmis-pisikl%c9%99r-ucuntoyuq-dadi-il%c9%991-kq","status":"publish","type":"product","link":"https:\/\/www.beno.az\/ru\/checkout\/quru-yem-trendline-sterilised-sterilizasiya-olunmus-v%c9%99-axtalanmis-pisikl%c9%99r-ucuntoyuq-dadi-il%c9%991-kq\/","title":{"rendered":"Quru yem Trendline Sterilised sterilizasiya olunmu\u015f v\u0259 axtalanm\u0131\u015f pi\u015fikl\u0259r \u00fc\u00e7\u00fcn,toyuq dad\u0131 il\u0259,1 kq"},"content":{"rendered":"","protected":false},"excerpt":{"rendered":"","protected":false},"featured_media":11163,"comment_status":"open","ping_status":"closed","template":"","meta":[],"pwb-brand":[253],"product_brand":[],"product_cat":[31,33],"product_tag":[552],"class_list":{"0":"post-11162","1":"product","2":"type-product","3":"status-publish","4":"has-post-thumbnail","6":"pwb-brand-trendline","7":"product_cat-pisik","8":"product_cat-quruyemler-ceki-ile-pisik","9":"product_tag-trendline","11":"first","12":"instock","13":"shipping-taxable","14":"purchasable","15":"product-type-simple"},"pure_taxonomies":{"pwb-brand":[{"term_id":253,"name":"Trendline","slug":"trendline","term_group":0,"term_taxonomy_id":253,"taxonomy":"pwb-brand","description":"","parent":0,"count":4,"filter":"raw","image":""}],"product_cat":[{"term_id":31,"name":"Pi\u015fiyimiz","slug":"pisik","term_group":0,"term_taxonomy_id":31,"taxonomy":"product_cat","description":"","parent":0,"count":275,"filter":"raw","image":""},{"term_id":33,"name":"Quru yeml\u0259r \u00e7\u0259ki il\u0259","slug":"quruyemler-ceki-ile-pisik","term_group":0,"term_taxonomy_id":33,"taxonomy":"product_cat","description":"","parent":31,"count":77,"filter":"raw","image":""}],"product_tag":[{"term_id":552,"name":"trendline","slug":"trendline","term_group":0,"term_taxonomy_id":552,"taxonomy":"product_tag","description":"","parent":0,"count":3,"filter":"raw","image":""}]},"brands":[{"id":253,"name":"Trendline","slug":"trendline"}],"_links":{"self":[{"href":"https:\/\/www.beno.az\/ru\/wp-json\/wp\/v2\/product\/11162","targetHints":{"allow":["GET"]}}],"collection":[{"href":"https:\/\/www.beno.az\/ru\/wp-json\/wp\/v2\/product"}],"about":[{"href":"https:\/\/www.beno.az\/ru\/wp-json\/wp\/v2\/types\/product"}],"replies":[{"embeddable":true,"href":"https:\/\/www.beno.az\/ru\/wp-json\/wp\/v2\/comments?post=11162"}],"version-history":[{"count":1,"href":"https:\/\/www.beno.az\/ru\/wp-json\/wp\/v2\/product\/11162\/revisions"}],"predecessor-version":[{"id":11164,"href":"https:\/\/www.beno.az\/ru\/wp-json\/wp\/v2\/product\/11162\/revisions\/11164"}],"wp:featuredmedia":[{"embeddable":true,"href":"https:\/\/www.beno.az\/ru\/wp-json\/wp\/v2\/media\/11163"}],"wp:attachment":[{"href":"https:\/\/www.beno.az\/ru\/wp-json\/wp\/v2\/media?parent=11162"}],"wp:term":[{"taxonomy":"pwb-brand","embeddable":true,"href":"https:\/\/www.beno.az\/ru\/wp-json\/wp\/v2\/pwb-brand?post=11162"},{"taxonomy":"product_brand","embeddable":true,"href":"https:\/\/www.beno.az\/ru\/wp-json\/wp\/v2\/product_brand?post=11162"},{"taxonomy":"product_cat","embeddable":true,"href":"https:\/\/www.beno.az\/ru\/wp-json\/wp\/v2\/product_cat?post=11162"},{"taxonomy":"product_tag","embeddable":true,"href":"https:\/\/www.beno.az\/ru\/wp-json\/wp\/v2\/product_tag?post=11162"}],"curies":[{"name":"wp","href":"https:\/\/api.w.org\/{rel}","templated":true}]}}