{"id":1116,"date":"2023-02-13T10:23:36","date_gmt":"2023-02-13T07:23:36","guid":{"rendered":"https:\/\/www.beno.az\/?post_type=product&#038;p=1116"},"modified":"2025-09-16T01:51:07","modified_gmt":"2025-09-15T22:51:07","slug":"van-cat-cat-lavander-piskl%c9%99r-ucun-lavanda-%c9%99tirli-doldurucu-5-kq","status":"publish","type":"product","link":"https:\/\/www.beno.az\/ru\/checkout\/van-cat-cat-lavander-piskl%c9%99r-ucun-lavanda-%c9%99tirli-doldurucu-5-kq\/","title":{"rendered":"Vancat Lavander Bentonite Super Clumping- Pi\u015fikl\u0259r \u00fc\u00e7\u00fcn lavanda qoxulu doldurucu 5kq."},"content":{"rendered":"","protected":false},"excerpt":{"rendered":"","protected":false},"featured_media":1117,"comment_status":"open","ping_status":"closed","template":"","meta":[],"pwb-brand":[136],"product_brand":[],"product_cat":[39,31],"product_tag":[],"class_list":{"0":"post-1116","1":"product","2":"type-product","3":"status-publish","4":"has-post-thumbnail","6":"pwb-brand-van-cat","7":"product_cat-gigiyena-pisik","8":"product_cat-pisik","10":"first","11":"instock","12":"shipping-taxable","13":"purchasable","14":"product-type-simple"},"pure_taxonomies":{"pwb-brand":[{"term_id":136,"name":"Van Cat","slug":"van-cat","term_group":0,"term_taxonomy_id":136,"taxonomy":"pwb-brand","description":"","parent":0,"count":12,"filter":"raw","image":""}],"product_cat":[{"term_id":39,"name":"Gigiyena","slug":"gigiyena-pisik","term_group":0,"term_taxonomy_id":39,"taxonomy":"product_cat","description":"","parent":31,"count":37,"filter":"raw","image":""},{"term_id":31,"name":"Pi\u015fiyimiz","slug":"pisik","term_group":0,"term_taxonomy_id":31,"taxonomy":"product_cat","description":"","parent":0,"count":275,"filter":"raw","image":""}]},"brands":[{"id":136,"name":"Van Cat","slug":"van-cat"}],"_links":{"self":[{"href":"https:\/\/www.beno.az\/ru\/wp-json\/wp\/v2\/product\/1116","targetHints":{"allow":["GET"]}}],"collection":[{"href":"https:\/\/www.beno.az\/ru\/wp-json\/wp\/v2\/product"}],"about":[{"href":"https:\/\/www.beno.az\/ru\/wp-json\/wp\/v2\/types\/product"}],"replies":[{"embeddable":true,"href":"https:\/\/www.beno.az\/ru\/wp-json\/wp\/v2\/comments?post=1116"}],"version-history":[{"count":1,"href":"https:\/\/www.beno.az\/ru\/wp-json\/wp\/v2\/product\/1116\/revisions"}],"predecessor-version":[{"id":17196,"href":"https:\/\/www.beno.az\/ru\/wp-json\/wp\/v2\/product\/1116\/revisions\/17196"}],"wp:featuredmedia":[{"embeddable":true,"href":"https:\/\/www.beno.az\/ru\/wp-json\/wp\/v2\/media\/1117"}],"wp:attachment":[{"href":"https:\/\/www.beno.az\/ru\/wp-json\/wp\/v2\/media?parent=1116"}],"wp:term":[{"taxonomy":"pwb-brand","embeddable":true,"href":"https:\/\/www.beno.az\/ru\/wp-json\/wp\/v2\/pwb-brand?post=1116"},{"taxonomy":"product_brand","embeddable":true,"href":"https:\/\/www.beno.az\/ru\/wp-json\/wp\/v2\/product_brand?post=1116"},{"taxonomy":"product_cat","embeddable":true,"href":"https:\/\/www.beno.az\/ru\/wp-json\/wp\/v2\/product_cat?post=1116"},{"taxonomy":"product_tag","embeddable":true,"href":"https:\/\/www.beno.az\/ru\/wp-json\/wp\/v2\/product_tag?post=1116"}],"curies":[{"name":"wp","href":"https:\/\/api.w.org\/{rel}","templated":true}]}}