{"id":11149,"date":"2023-12-25T13:21:41","date_gmt":"2023-12-25T10:21:41","guid":{"rendered":"https:\/\/www.beno.az\/?post_type=product&#038;p=11149"},"modified":"2023-12-25T13:21:41","modified_gmt":"2023-12-25T10:21:41","slug":"quru-yem-spectrum-kitten-38-pisik-balalari-ucun-qus-%c9%99ti-il%c9%99-1-kq","status":"publish","type":"product","link":"https:\/\/www.beno.az\/ru\/checkout\/quru-yem-spectrum-kitten-38-pisik-balalari-ucun-qus-%c9%99ti-il%c9%99-1-kq\/","title":{"rendered":"Quru yem Spectrum Kitten 38, pi\u015fik balalar\u0131 \u00fc\u00e7\u00fcn, qu\u015f \u0259ti il\u0259, 1 kq"},"content":{"rendered":"","protected":false},"excerpt":{"rendered":"","protected":false},"featured_media":11150,"comment_status":"open","ping_status":"closed","template":"","meta":[],"pwb-brand":[550],"product_brand":[],"product_cat":[31,33],"product_tag":[551],"class_list":{"0":"post-11149","1":"product","2":"type-product","3":"status-publish","4":"has-post-thumbnail","6":"pwb-brand-spectrum","7":"product_cat-pisik","8":"product_cat-quruyemler-ceki-ile-pisik","9":"product_tag-spectrum","11":"first","12":"instock","13":"shipping-taxable","14":"purchasable","15":"product-type-simple"},"pure_taxonomies":{"pwb-brand":[{"term_id":550,"name":"Spectrum","slug":"spectrum","term_group":0,"term_taxonomy_id":550,"taxonomy":"pwb-brand","description":"","parent":0,"count":1,"filter":"raw","image":""}],"product_cat":[{"term_id":31,"name":"Pi\u015fiyimiz","slug":"pisik","term_group":0,"term_taxonomy_id":31,"taxonomy":"product_cat","description":"","parent":0,"count":275,"filter":"raw","image":""},{"term_id":33,"name":"Quru yeml\u0259r \u00e7\u0259ki il\u0259","slug":"quruyemler-ceki-ile-pisik","term_group":0,"term_taxonomy_id":33,"taxonomy":"product_cat","description":"","parent":31,"count":77,"filter":"raw","image":""}],"product_tag":[{"term_id":551,"name":"spectrum","slug":"spectrum","term_group":0,"term_taxonomy_id":551,"taxonomy":"product_tag","description":"","parent":0,"count":1,"filter":"raw","image":""}]},"brands":[{"id":550,"name":"Spectrum","slug":"spectrum"}],"_links":{"self":[{"href":"https:\/\/www.beno.az\/ru\/wp-json\/wp\/v2\/product\/11149","targetHints":{"allow":["GET"]}}],"collection":[{"href":"https:\/\/www.beno.az\/ru\/wp-json\/wp\/v2\/product"}],"about":[{"href":"https:\/\/www.beno.az\/ru\/wp-json\/wp\/v2\/types\/product"}],"replies":[{"embeddable":true,"href":"https:\/\/www.beno.az\/ru\/wp-json\/wp\/v2\/comments?post=11149"}],"version-history":[{"count":1,"href":"https:\/\/www.beno.az\/ru\/wp-json\/wp\/v2\/product\/11149\/revisions"}],"predecessor-version":[{"id":11151,"href":"https:\/\/www.beno.az\/ru\/wp-json\/wp\/v2\/product\/11149\/revisions\/11151"}],"wp:featuredmedia":[{"embeddable":true,"href":"https:\/\/www.beno.az\/ru\/wp-json\/wp\/v2\/media\/11150"}],"wp:attachment":[{"href":"https:\/\/www.beno.az\/ru\/wp-json\/wp\/v2\/media?parent=11149"}],"wp:term":[{"taxonomy":"pwb-brand","embeddable":true,"href":"https:\/\/www.beno.az\/ru\/wp-json\/wp\/v2\/pwb-brand?post=11149"},{"taxonomy":"product_brand","embeddable":true,"href":"https:\/\/www.beno.az\/ru\/wp-json\/wp\/v2\/product_brand?post=11149"},{"taxonomy":"product_cat","embeddable":true,"href":"https:\/\/www.beno.az\/ru\/wp-json\/wp\/v2\/product_cat?post=11149"},{"taxonomy":"product_tag","embeddable":true,"href":"https:\/\/www.beno.az\/ru\/wp-json\/wp\/v2\/product_tag?post=11149"}],"curies":[{"name":"wp","href":"https:\/\/api.w.org\/{rel}","templated":true}]}}