{"id":11137,"date":"2023-12-25T13:12:32","date_gmt":"2023-12-25T10:12:32","guid":{"rendered":"https:\/\/www.beno.az\/?post_type=product&#038;p=11137"},"modified":"2023-12-25T13:12:33","modified_gmt":"2023-12-25T10:12:33","slug":"qisirlasdirmadan-sonra-yetkin-pisikl%c9%99r-v%c9%99-itl%c9%99r-ucun-quru-yem-natures-protection-1-kq","status":"publish","type":"product","link":"https:\/\/www.beno.az\/ru\/checkout\/qisirlasdirmadan-sonra-yetkin-pisikl%c9%99r-v%c9%99-itl%c9%99r-ucun-quru-yem-natures-protection-1-kq\/","title":{"rendered":"Q\u0131s\u0131rla\u015fd\u0131rmadan sonra yetkin pi\u015fikl\u0259r v\u0259 itl\u0259r \u00fc\u00e7\u00fcn quru yem Nature&#8217;s Protection, 1 kq"},"content":{"rendered":"","protected":false},"excerpt":{"rendered":"","protected":false},"featured_media":11138,"comment_status":"open","ping_status":"closed","template":"","meta":[],"pwb-brand":[215],"product_brand":[],"product_cat":[31,33],"product_tag":[524],"class_list":{"0":"post-11137","1":"product","2":"type-product","3":"status-publish","4":"has-post-thumbnail","6":"pwb-brand-natures-protection","7":"product_cat-pisik","8":"product_cat-quruyemler-ceki-ile-pisik","9":"product_tag-natures-protection","11":"first","12":"instock","13":"shipping-taxable","14":"purchasable","15":"product-type-simple"},"pure_taxonomies":{"pwb-brand":[{"term_id":215,"name":"Natures Protection","slug":"natures-protection","term_group":0,"term_taxonomy_id":215,"taxonomy":"pwb-brand","description":"","parent":0,"count":13,"filter":"raw","image":""}],"product_cat":[{"term_id":31,"name":"Pi\u015fiyimiz","slug":"pisik","term_group":0,"term_taxonomy_id":31,"taxonomy":"product_cat","description":"","parent":0,"count":275,"filter":"raw","image":""},{"term_id":33,"name":"Quru yeml\u0259r \u00e7\u0259ki il\u0259","slug":"quruyemler-ceki-ile-pisik","term_group":0,"term_taxonomy_id":33,"taxonomy":"product_cat","description":"","parent":31,"count":77,"filter":"raw","image":""}],"product_tag":[{"term_id":524,"name":"natures protection","slug":"natures-protection","term_group":0,"term_taxonomy_id":524,"taxonomy":"product_tag","description":"","parent":0,"count":3,"filter":"raw","image":""}]},"brands":[{"id":215,"name":"Natures Protection","slug":"natures-protection"}],"_links":{"self":[{"href":"https:\/\/www.beno.az\/ru\/wp-json\/wp\/v2\/product\/11137","targetHints":{"allow":["GET"]}}],"collection":[{"href":"https:\/\/www.beno.az\/ru\/wp-json\/wp\/v2\/product"}],"about":[{"href":"https:\/\/www.beno.az\/ru\/wp-json\/wp\/v2\/types\/product"}],"replies":[{"embeddable":true,"href":"https:\/\/www.beno.az\/ru\/wp-json\/wp\/v2\/comments?post=11137"}],"version-history":[{"count":1,"href":"https:\/\/www.beno.az\/ru\/wp-json\/wp\/v2\/product\/11137\/revisions"}],"predecessor-version":[{"id":11139,"href":"https:\/\/www.beno.az\/ru\/wp-json\/wp\/v2\/product\/11137\/revisions\/11139"}],"wp:featuredmedia":[{"embeddable":true,"href":"https:\/\/www.beno.az\/ru\/wp-json\/wp\/v2\/media\/11138"}],"wp:attachment":[{"href":"https:\/\/www.beno.az\/ru\/wp-json\/wp\/v2\/media?parent=11137"}],"wp:term":[{"taxonomy":"pwb-brand","embeddable":true,"href":"https:\/\/www.beno.az\/ru\/wp-json\/wp\/v2\/pwb-brand?post=11137"},{"taxonomy":"product_brand","embeddable":true,"href":"https:\/\/www.beno.az\/ru\/wp-json\/wp\/v2\/product_brand?post=11137"},{"taxonomy":"product_cat","embeddable":true,"href":"https:\/\/www.beno.az\/ru\/wp-json\/wp\/v2\/product_cat?post=11137"},{"taxonomy":"product_tag","embeddable":true,"href":"https:\/\/www.beno.az\/ru\/wp-json\/wp\/v2\/product_tag?post=11137"}],"curies":[{"name":"wp","href":"https:\/\/api.w.org\/{rel}","templated":true}]}}