{"id":11091,"date":"2023-12-25T12:31:24","date_gmt":"2023-12-25T09:31:24","guid":{"rendered":"https:\/\/www.beno.az\/?post_type=product&#038;p=11091"},"modified":"2023-12-25T12:31:24","modified_gmt":"2023-12-25T09:31:24","slug":"quru-yem-club-4-paws-dovsan-%c9%99ti-il%c9%99-yetkin-pisikl%c9%99r-ucun-premium-1-kq","status":"publish","type":"product","link":"https:\/\/www.beno.az\/ru\/checkout\/quru-yem-club-4-paws-dovsan-%c9%99ti-il%c9%99-yetkin-pisikl%c9%99r-ucun-premium-1-kq\/","title":{"rendered":"Quru yem Club 4 Paws dov\u015fan \u0259ti il\u0259, yetkin pi\u015fikl\u0259r \u00fc\u00e7\u00fcn, Premium, 1 kq"},"content":{"rendered":"","protected":false},"excerpt":{"rendered":"","protected":false},"featured_media":11092,"comment_status":"open","ping_status":"closed","template":"","meta":[],"pwb-brand":[232],"product_brand":[],"product_cat":[31,33],"product_tag":[536],"class_list":{"0":"post-11091","1":"product","2":"type-product","3":"status-publish","4":"has-post-thumbnail","6":"pwb-brand-club-4-paws","7":"product_cat-pisik","8":"product_cat-quruyemler-ceki-ile-pisik","9":"product_tag-club4paws","11":"first","12":"instock","13":"shipping-taxable","14":"purchasable","15":"product-type-simple"},"pure_taxonomies":{"pwb-brand":[{"term_id":232,"name":"Club 4 Paws","slug":"club-4-paws","term_group":0,"term_taxonomy_id":232,"taxonomy":"pwb-brand","description":"","parent":0,"count":8,"filter":"raw","image":""}],"product_cat":[{"term_id":31,"name":"Pi\u015fiyimiz","slug":"pisik","term_group":0,"term_taxonomy_id":31,"taxonomy":"product_cat","description":"","parent":0,"count":275,"filter":"raw","image":""},{"term_id":33,"name":"Quru yeml\u0259r \u00e7\u0259ki il\u0259","slug":"quruyemler-ceki-ile-pisik","term_group":0,"term_taxonomy_id":33,"taxonomy":"product_cat","description":"","parent":31,"count":77,"filter":"raw","image":""}],"product_tag":[{"term_id":536,"name":"club4paws","slug":"club4paws","term_group":0,"term_taxonomy_id":536,"taxonomy":"product_tag","description":"","parent":0,"count":4,"filter":"raw","image":""}]},"brands":[{"id":232,"name":"Club 4 Paws","slug":"club-4-paws"}],"_links":{"self":[{"href":"https:\/\/www.beno.az\/ru\/wp-json\/wp\/v2\/product\/11091","targetHints":{"allow":["GET"]}}],"collection":[{"href":"https:\/\/www.beno.az\/ru\/wp-json\/wp\/v2\/product"}],"about":[{"href":"https:\/\/www.beno.az\/ru\/wp-json\/wp\/v2\/types\/product"}],"replies":[{"embeddable":true,"href":"https:\/\/www.beno.az\/ru\/wp-json\/wp\/v2\/comments?post=11091"}],"version-history":[{"count":1,"href":"https:\/\/www.beno.az\/ru\/wp-json\/wp\/v2\/product\/11091\/revisions"}],"predecessor-version":[{"id":11093,"href":"https:\/\/www.beno.az\/ru\/wp-json\/wp\/v2\/product\/11091\/revisions\/11093"}],"wp:featuredmedia":[{"embeddable":true,"href":"https:\/\/www.beno.az\/ru\/wp-json\/wp\/v2\/media\/11092"}],"wp:attachment":[{"href":"https:\/\/www.beno.az\/ru\/wp-json\/wp\/v2\/media?parent=11091"}],"wp:term":[{"taxonomy":"pwb-brand","embeddable":true,"href":"https:\/\/www.beno.az\/ru\/wp-json\/wp\/v2\/pwb-brand?post=11091"},{"taxonomy":"product_brand","embeddable":true,"href":"https:\/\/www.beno.az\/ru\/wp-json\/wp\/v2\/product_brand?post=11091"},{"taxonomy":"product_cat","embeddable":true,"href":"https:\/\/www.beno.az\/ru\/wp-json\/wp\/v2\/product_cat?post=11091"},{"taxonomy":"product_tag","embeddable":true,"href":"https:\/\/www.beno.az\/ru\/wp-json\/wp\/v2\/product_tag?post=11091"}],"curies":[{"name":"wp","href":"https:\/\/api.w.org\/{rel}","templated":true}]}}