{"id":11079,"date":"2023-12-25T12:22:24","date_gmt":"2023-12-25T09:22:24","guid":{"rendered":"https:\/\/www.beno.az\/?post_type=product&#038;p=11079"},"modified":"2024-04-13T23:34:39","modified_gmt":"2024-04-13T20:34:39","slug":"quru-yem-pro%d1%85%d0%b2%d0%be%d1%81%d1%82-mal-%c9%99ti-1-kq","status":"publish","type":"product","link":"https:\/\/www.beno.az\/ru\/checkout\/quru-yem-pro%d1%85%d0%b2%d0%be%d1%81%d1%82-mal-%c9%99ti-1-kq\/","title":{"rendered":"Pi\u015fikl\u0259r \u00fc\u00e7\u00fcn Quru yem Pro\u0425\u0432\u043e\u0441\u0442 mal \u0259ti 1 kq"},"content":{"rendered":"","protected":false},"excerpt":{"rendered":"","protected":false},"featured_media":11087,"comment_status":"open","ping_status":"closed","template":"","meta":[],"pwb-brand":[292],"product_brand":[],"product_cat":[31,33],"product_tag":[535],"class_list":{"0":"post-11079","1":"product","2":"type-product","3":"status-publish","4":"has-post-thumbnail","6":"pwb-brand-pro-xvost","7":"product_cat-pisik","8":"product_cat-quruyemler-ceki-ile-pisik","9":"product_tag-pro","11":"first","12":"instock","13":"shipping-taxable","14":"purchasable","15":"product-type-simple"},"pure_taxonomies":{"pwb-brand":[{"term_id":292,"name":"Pro Xvost","slug":"pro-xvost","term_group":0,"term_taxonomy_id":292,"taxonomy":"pwb-brand","description":"","parent":0,"count":1,"filter":"raw","image":""}],"product_cat":[{"term_id":31,"name":"Pi\u015fiyimiz","slug":"pisik","term_group":0,"term_taxonomy_id":31,"taxonomy":"product_cat","description":"","parent":0,"count":275,"filter":"raw","image":""},{"term_id":33,"name":"Quru yeml\u0259r \u00e7\u0259ki il\u0259","slug":"quruyemler-ceki-ile-pisik","term_group":0,"term_taxonomy_id":33,"taxonomy":"product_cat","description":"","parent":31,"count":77,"filter":"raw","image":""}],"product_tag":[{"term_id":535,"name":"pro\u0445\u0432\u043e\u0441\u0442","slug":"pro%d1%85%d0%b2%d0%be%d1%81%d1%82","term_group":0,"term_taxonomy_id":535,"taxonomy":"product_tag","description":"","parent":0,"count":1,"filter":"raw","image":""}]},"brands":[{"id":292,"name":"Pro Xvost","slug":"pro-xvost"}],"_links":{"self":[{"href":"https:\/\/www.beno.az\/ru\/wp-json\/wp\/v2\/product\/11079","targetHints":{"allow":["GET"]}}],"collection":[{"href":"https:\/\/www.beno.az\/ru\/wp-json\/wp\/v2\/product"}],"about":[{"href":"https:\/\/www.beno.az\/ru\/wp-json\/wp\/v2\/types\/product"}],"replies":[{"embeddable":true,"href":"https:\/\/www.beno.az\/ru\/wp-json\/wp\/v2\/comments?post=11079"}],"version-history":[{"count":2,"href":"https:\/\/www.beno.az\/ru\/wp-json\/wp\/v2\/product\/11079\/revisions"}],"predecessor-version":[{"id":11082,"href":"https:\/\/www.beno.az\/ru\/wp-json\/wp\/v2\/product\/11079\/revisions\/11082"}],"wp:featuredmedia":[{"embeddable":true,"href":"https:\/\/www.beno.az\/ru\/wp-json\/wp\/v2\/media\/11087"}],"wp:attachment":[{"href":"https:\/\/www.beno.az\/ru\/wp-json\/wp\/v2\/media?parent=11079"}],"wp:term":[{"taxonomy":"pwb-brand","embeddable":true,"href":"https:\/\/www.beno.az\/ru\/wp-json\/wp\/v2\/pwb-brand?post=11079"},{"taxonomy":"product_brand","embeddable":true,"href":"https:\/\/www.beno.az\/ru\/wp-json\/wp\/v2\/product_brand?post=11079"},{"taxonomy":"product_cat","embeddable":true,"href":"https:\/\/www.beno.az\/ru\/wp-json\/wp\/v2\/product_cat?post=11079"},{"taxonomy":"product_tag","embeddable":true,"href":"https:\/\/www.beno.az\/ru\/wp-json\/wp\/v2\/product_tag?post=11079"}],"curies":[{"name":"wp","href":"https:\/\/api.w.org\/{rel}","templated":true}]}}