{"id":11044,"date":"2023-12-25T11:38:35","date_gmt":"2023-12-25T08:38:35","guid":{"rendered":"https:\/\/www.beno.az\/?post_type=product&#038;p=11044"},"modified":"2024-10-30T12:36:03","modified_gmt":"2024-10-30T09:36:03","slug":"royal-canin-maxi-puppy-quru-yemi-15-aya-q%c9%99d%c9%99r-boyuk-cins-it-balalari-ucun","status":"publish","type":"product","link":"https:\/\/www.beno.az\/ru\/checkout\/royal-canin-maxi-puppy-quru-yemi-15-aya-q%c9%99d%c9%99r-boyuk-cins-it-balalari-ucun\/","title":{"rendered":"Royal Canin Maxi Puppy 2 aydan 15 aya q\u0259d\u0259r b\u00f6y\u00fck cins bala itl\u0259r \u00fc\u00e7\u00fcn quru yem (\u00c7\u0259ki il\u0259)"},"content":{"rendered":"","protected":false},"excerpt":{"rendered":"","protected":false},"featured_media":11045,"comment_status":"open","ping_status":"closed","template":"","meta":[],"pwb-brand":[134],"product_brand":[],"product_cat":[16,18],"product_tag":[263],"class_list":{"0":"post-11044","1":"product","2":"type-product","3":"status-publish","4":"has-post-thumbnail","6":"pwb-brand-brend-royalcanin","7":"product_cat-it","8":"product_cat-quruyemler-ceki-ile-it","9":"product_tag-royal-canin","11":"first","12":"instock","13":"shipping-taxable","14":"purchasable","15":"product-type-simple"},"pure_taxonomies":{"pwb-brand":[{"term_id":134,"name":"Royal Canin","slug":"brend-royalcanin","term_group":0,"term_taxonomy_id":134,"taxonomy":"pwb-brand","description":"","parent":0,"count":30,"filter":"raw","image":""}],"product_cat":[{"term_id":16,"name":"\u0130TL\u018fR","slug":"it","term_group":0,"term_taxonomy_id":16,"taxonomy":"product_cat","description":"","parent":0,"count":228,"filter":"raw","image":""},{"term_id":18,"name":"Quru yeml\u0259r \u00e7\u0259ki il\u0259","slug":"quruyemler-ceki-ile-it","term_group":0,"term_taxonomy_id":18,"taxonomy":"product_cat","description":"","parent":16,"count":35,"filter":"raw","image":""}],"product_tag":[{"term_id":263,"name":"royal canin","slug":"royal-canin","term_group":0,"term_taxonomy_id":263,"taxonomy":"product_tag","description":"","parent":0,"count":10,"filter":"raw","image":""}]},"brands":[{"id":134,"name":"Royal Canin","slug":"brend-royalcanin"}],"_links":{"self":[{"href":"https:\/\/www.beno.az\/ru\/wp-json\/wp\/v2\/product\/11044","targetHints":{"allow":["GET"]}}],"collection":[{"href":"https:\/\/www.beno.az\/ru\/wp-json\/wp\/v2\/product"}],"about":[{"href":"https:\/\/www.beno.az\/ru\/wp-json\/wp\/v2\/types\/product"}],"replies":[{"embeddable":true,"href":"https:\/\/www.beno.az\/ru\/wp-json\/wp\/v2\/comments?post=11044"}],"version-history":[{"count":4,"href":"https:\/\/www.beno.az\/ru\/wp-json\/wp\/v2\/product\/11044\/revisions"}],"predecessor-version":[{"id":11405,"href":"https:\/\/www.beno.az\/ru\/wp-json\/wp\/v2\/product\/11044\/revisions\/11405"}],"wp:featuredmedia":[{"embeddable":true,"href":"https:\/\/www.beno.az\/ru\/wp-json\/wp\/v2\/media\/11045"}],"wp:attachment":[{"href":"https:\/\/www.beno.az\/ru\/wp-json\/wp\/v2\/media?parent=11044"}],"wp:term":[{"taxonomy":"pwb-brand","embeddable":true,"href":"https:\/\/www.beno.az\/ru\/wp-json\/wp\/v2\/pwb-brand?post=11044"},{"taxonomy":"product_brand","embeddable":true,"href":"https:\/\/www.beno.az\/ru\/wp-json\/wp\/v2\/product_brand?post=11044"},{"taxonomy":"product_cat","embeddable":true,"href":"https:\/\/www.beno.az\/ru\/wp-json\/wp\/v2\/product_cat?post=11044"},{"taxonomy":"product_tag","embeddable":true,"href":"https:\/\/www.beno.az\/ru\/wp-json\/wp\/v2\/product_tag?post=11044"}],"curies":[{"name":"wp","href":"https:\/\/api.w.org\/{rel}","templated":true}]}}