{"id":11021,"date":"2023-12-25T10:54:48","date_gmt":"2023-12-25T07:54:48","guid":{"rendered":"https:\/\/www.beno.az\/?post_type=product&#038;p=11021"},"modified":"2023-12-25T10:58:49","modified_gmt":"2023-12-25T07:58:49","slug":"natures-protection-superior-care-itl%c9%99r-ucun-ruru-yem-c%c9%99ki-il%c9%99","status":"publish","type":"product","link":"https:\/\/www.beno.az\/ru\/checkout\/natures-protection-superior-care-itl%c9%99r-ucun-ruru-yem-c%c9%99ki-il%c9%99\/","title":{"rendered":"Nature&#8217;s Protection Superior Care \u0130tl\u0259r \u00fc\u00e7\u00fcn ruru yem (\u00e7\u0259ki il\u0259)"},"content":{"rendered":"<p>White Dogs, a\u011f itl\u0259r \u00fc\u00e7\u00fcn \u0259n optimal qidalanma h\u0259llini t\u0259min etm\u0259k \u00fc\u00e7\u00fcn x\u00fcsusi olaraq haz\u0131rlanm\u0131\u015fd\u0131r. M\u0259hsul itl\u0259rin a\u011f paltosuna qulluq etm\u0259y\u0259 v\u0259 r\u0259ngini saxlama\u011fa k\u00f6m\u0259k edir, h\u0259m\u00e7inin sa\u00e7 \u015faft\u0131n\u0131 i\u00e7\u0259rid\u0259n g\u00fccl\u0259ndirir. \u015eotlandiyan\u0131n y\u00fcks\u0259k keyfiyy\u0259tli quzu heyvan m\u0259n\u015f\u0259li \u0259sas m\u0259nb\u0259yidir. T\u0259rkibl\u0259rin diqq\u0259tl\u0259 se\u00e7ilm\u0259si b\u00f6y\u00fck dad v\u0259 m\u00fcst\u0259sna h\u0259zm qabiliyy\u0259tini t\u0259min edir, n\u0259tic\u0259d\u0259 ki\u00e7ik v\u0259 m\u00f6hk\u0259m n\u0259cis yaran\u0131r.<\/p>","protected":false},"excerpt":{"rendered":"<p>White Dogs, a\u011f itl\u0259r \u00fc\u00e7\u00fcn \u0259n optimal qidalanma h\u0259llini t\u0259min etm\u0259k \u00fc\u00e7\u00fcn x\u00fcsusi olaraq haz\u0131rlanm\u0131\u015fd\u0131r. M\u0259hsul itl\u0259rin a\u011f paltosuna qulluq<\/p>","protected":false},"featured_media":11022,"comment_status":"open","ping_status":"closed","template":"","meta":[],"pwb-brand":[215],"product_brand":[],"product_cat":[16,18],"product_tag":[524,525],"class_list":{"0":"post-11021","1":"product","2":"type-product","3":"status-publish","4":"has-post-thumbnail","6":"pwb-brand-natures-protection","7":"product_cat-it","8":"product_cat-quruyemler-ceki-ile-it","9":"product_tag-natures-protection","10":"product_tag-quru-yemlr","12":"first","13":"instock","14":"shipping-taxable","15":"purchasable","16":"product-type-simple"},"pure_taxonomies":{"pwb-brand":[{"term_id":215,"name":"Natures Protection","slug":"natures-protection","term_group":0,"term_taxonomy_id":215,"taxonomy":"pwb-brand","description":"","parent":0,"count":13,"filter":"raw","image":""}],"product_cat":[{"term_id":16,"name":"\u0130TL\u018fR","slug":"it","term_group":0,"term_taxonomy_id":16,"taxonomy":"product_cat","description":"","parent":0,"count":228,"filter":"raw","image":""},{"term_id":18,"name":"Quru yeml\u0259r \u00e7\u0259ki il\u0259","slug":"quruyemler-ceki-ile-it","term_group":0,"term_taxonomy_id":18,"taxonomy":"product_cat","description":"","parent":16,"count":35,"filter":"raw","image":""}],"product_tag":[{"term_id":524,"name":"natures protection","slug":"natures-protection","term_group":0,"term_taxonomy_id":524,"taxonomy":"product_tag","description":"","parent":0,"count":3,"filter":"raw","image":""},{"term_id":525,"name":"quru yeml\u0259r","slug":"quru-yeml%c9%99r","term_group":0,"term_taxonomy_id":525,"taxonomy":"product_tag","description":"","parent":0,"count":1,"filter":"raw","image":""}]},"brands":[{"id":215,"name":"Natures Protection","slug":"natures-protection"}],"_links":{"self":[{"href":"https:\/\/www.beno.az\/ru\/wp-json\/wp\/v2\/product\/11021","targetHints":{"allow":["GET"]}}],"collection":[{"href":"https:\/\/www.beno.az\/ru\/wp-json\/wp\/v2\/product"}],"about":[{"href":"https:\/\/www.beno.az\/ru\/wp-json\/wp\/v2\/types\/product"}],"replies":[{"embeddable":true,"href":"https:\/\/www.beno.az\/ru\/wp-json\/wp\/v2\/comments?post=11021"}],"version-history":[{"count":2,"href":"https:\/\/www.beno.az\/ru\/wp-json\/wp\/v2\/product\/11021\/revisions"}],"predecessor-version":[{"id":11027,"href":"https:\/\/www.beno.az\/ru\/wp-json\/wp\/v2\/product\/11021\/revisions\/11027"}],"wp:featuredmedia":[{"embeddable":true,"href":"https:\/\/www.beno.az\/ru\/wp-json\/wp\/v2\/media\/11022"}],"wp:attachment":[{"href":"https:\/\/www.beno.az\/ru\/wp-json\/wp\/v2\/media?parent=11021"}],"wp:term":[{"taxonomy":"pwb-brand","embeddable":true,"href":"https:\/\/www.beno.az\/ru\/wp-json\/wp\/v2\/pwb-brand?post=11021"},{"taxonomy":"product_brand","embeddable":true,"href":"https:\/\/www.beno.az\/ru\/wp-json\/wp\/v2\/product_brand?post=11021"},{"taxonomy":"product_cat","embeddable":true,"href":"https:\/\/www.beno.az\/ru\/wp-json\/wp\/v2\/product_cat?post=11021"},{"taxonomy":"product_tag","embeddable":true,"href":"https:\/\/www.beno.az\/ru\/wp-json\/wp\/v2\/product_tag?post=11021"}],"curies":[{"name":"wp","href":"https:\/\/api.w.org\/{rel}","templated":true}]}}