{"id":1096,"date":"2023-02-13T10:02:42","date_gmt":"2023-02-13T07:02:42","guid":{"rendered":"https:\/\/www.beno.az\/?post_type=product&#038;p=1096"},"modified":"2023-02-13T10:02:42","modified_gmt":"2023-02-13T07:02:42","slug":"sanicat-clumping-white-cotton-fresh-t%c9%99z%c9%99-pambiq-qoxusu-olan-ag-yigilmis-doldurucu-10-l","status":"publish","type":"product","link":"https:\/\/www.beno.az\/ru\/checkout\/sanicat-clumping-white-cotton-fresh-t%c9%99z%c9%99-pambiq-qoxusu-olan-ag-yigilmis-doldurucu-10-l\/","title":{"rendered":"Sanicat Clumping White Cotton Fresh  &#8211; t\u0259z\u0259 pamb\u0131q qoxusu olan a\u011f y\u0131\u011f\u0131lm\u0131\u015f doldurucu, 10 l"},"content":{"rendered":"","protected":false},"excerpt":{"rendered":"","protected":false},"featured_media":1097,"comment_status":"open","ping_status":"closed","template":"","meta":[],"pwb-brand":[243],"product_brand":[],"product_cat":[35,31],"product_tag":[],"class_list":{"0":"post-1096","1":"product","2":"type-product","3":"status-publish","4":"has-post-thumbnail","6":"pwb-brand-sanicat","7":"product_cat-doldurucu-pisik","8":"product_cat-pisik","10":"first","11":"instock","12":"shipping-taxable","13":"product-type-simple"},"pure_taxonomies":{"pwb-brand":[{"term_id":243,"name":"Sanicat","slug":"sanicat","term_group":0,"term_taxonomy_id":243,"taxonomy":"pwb-brand","description":"","parent":0,"count":2,"filter":"raw","image":""}],"product_cat":[{"term_id":35,"name":"Doldurucular","slug":"doldurucu-pisik","term_group":0,"term_taxonomy_id":35,"taxonomy":"product_cat","description":"","parent":31,"count":23,"filter":"raw","image":""},{"term_id":31,"name":"Pi\u015fiyimiz","slug":"pisik","term_group":0,"term_taxonomy_id":31,"taxonomy":"product_cat","description":"","parent":0,"count":275,"filter":"raw","image":""}]},"brands":[{"id":243,"name":"Sanicat","slug":"sanicat"}],"_links":{"self":[{"href":"https:\/\/www.beno.az\/ru\/wp-json\/wp\/v2\/product\/1096","targetHints":{"allow":["GET"]}}],"collection":[{"href":"https:\/\/www.beno.az\/ru\/wp-json\/wp\/v2\/product"}],"about":[{"href":"https:\/\/www.beno.az\/ru\/wp-json\/wp\/v2\/types\/product"}],"replies":[{"embeddable":true,"href":"https:\/\/www.beno.az\/ru\/wp-json\/wp\/v2\/comments?post=1096"}],"version-history":[{"count":0,"href":"https:\/\/www.beno.az\/ru\/wp-json\/wp\/v2\/product\/1096\/revisions"}],"wp:featuredmedia":[{"embeddable":true,"href":"https:\/\/www.beno.az\/ru\/wp-json\/wp\/v2\/media\/1097"}],"wp:attachment":[{"href":"https:\/\/www.beno.az\/ru\/wp-json\/wp\/v2\/media?parent=1096"}],"wp:term":[{"taxonomy":"pwb-brand","embeddable":true,"href":"https:\/\/www.beno.az\/ru\/wp-json\/wp\/v2\/pwb-brand?post=1096"},{"taxonomy":"product_brand","embeddable":true,"href":"https:\/\/www.beno.az\/ru\/wp-json\/wp\/v2\/product_brand?post=1096"},{"taxonomy":"product_cat","embeddable":true,"href":"https:\/\/www.beno.az\/ru\/wp-json\/wp\/v2\/product_cat?post=1096"},{"taxonomy":"product_tag","embeddable":true,"href":"https:\/\/www.beno.az\/ru\/wp-json\/wp\/v2\/product_tag?post=1096"}],"curies":[{"name":"wp","href":"https:\/\/api.w.org\/{rel}","templated":true}]}}