{"id":10888,"date":"2023-07-07T16:35:15","date_gmt":"2023-07-07T13:35:15","guid":{"rendered":"https:\/\/www.beno.az\/?post_type=product&#038;p=10888"},"modified":"2023-07-07T16:36:26","modified_gmt":"2023-07-07T13:36:26","slug":"quru-yem-%d0%bc%d1%8f%d1%83-pisikl%c9%99r-ucun-toyuq-il%c9%99-1-kq","status":"publish","type":"product","link":"https:\/\/www.beno.az\/ru\/checkout\/quru-yem-%d0%bc%d1%8f%d1%83-pisikl%c9%99r-ucun-toyuq-il%c9%99-1-kq\/","title":{"rendered":"Quru yem \u041c\u044f\u0443! pi\u015fikl\u0259r \u00fc\u00e7\u00fcn, toyuq il\u0259, 1 kq"},"content":{"rendered":"","protected":false},"excerpt":{"rendered":"","protected":false},"featured_media":10889,"comment_status":"open","ping_status":"closed","template":"","meta":[],"pwb-brand":[519],"product_brand":[],"product_cat":[31,33],"product_tag":[521],"class_list":{"0":"post-10888","1":"product","2":"type-product","3":"status-publish","4":"has-post-thumbnail","6":"pwb-brand-519","7":"product_cat-pisik","8":"product_cat-quruyemler-ceki-ile-pisik","9":"product_tag-521","11":"first","12":"instock","13":"shipping-taxable","14":"purchasable","15":"product-type-simple"},"pure_taxonomies":{"pwb-brand":[{"term_id":519,"name":"\u041c\u044f\u0443!","slug":"%d0%bc%d1%8f%d1%83","term_group":0,"term_taxonomy_id":519,"taxonomy":"pwb-brand","description":"","parent":0,"count":15,"filter":"raw","image":""}],"product_cat":[{"term_id":31,"name":"Pi\u015fiyimiz","slug":"pisik","term_group":0,"term_taxonomy_id":31,"taxonomy":"product_cat","description":"","parent":0,"count":275,"filter":"raw","image":""},{"term_id":33,"name":"Quru yeml\u0259r \u00e7\u0259ki il\u0259","slug":"quruyemler-ceki-ile-pisik","term_group":0,"term_taxonomy_id":33,"taxonomy":"product_cat","description":"","parent":31,"count":77,"filter":"raw","image":""}],"product_tag":[{"term_id":521,"name":"\u043c\u044f\u0443","slug":"%d0%bc%d1%8f%d1%83","term_group":0,"term_taxonomy_id":521,"taxonomy":"product_tag","description":"","parent":0,"count":6,"filter":"raw","image":""}]},"brands":[{"id":519,"name":"\u041c\u044f\u0443!","slug":"%d0%bc%d1%8f%d1%83"}],"_links":{"self":[{"href":"https:\/\/www.beno.az\/ru\/wp-json\/wp\/v2\/product\/10888","targetHints":{"allow":["GET"]}}],"collection":[{"href":"https:\/\/www.beno.az\/ru\/wp-json\/wp\/v2\/product"}],"about":[{"href":"https:\/\/www.beno.az\/ru\/wp-json\/wp\/v2\/types\/product"}],"replies":[{"embeddable":true,"href":"https:\/\/www.beno.az\/ru\/wp-json\/wp\/v2\/comments?post=10888"}],"version-history":[{"count":1,"href":"https:\/\/www.beno.az\/ru\/wp-json\/wp\/v2\/product\/10888\/revisions"}],"predecessor-version":[{"id":10890,"href":"https:\/\/www.beno.az\/ru\/wp-json\/wp\/v2\/product\/10888\/revisions\/10890"}],"wp:featuredmedia":[{"embeddable":true,"href":"https:\/\/www.beno.az\/ru\/wp-json\/wp\/v2\/media\/10889"}],"wp:attachment":[{"href":"https:\/\/www.beno.az\/ru\/wp-json\/wp\/v2\/media?parent=10888"}],"wp:term":[{"taxonomy":"pwb-brand","embeddable":true,"href":"https:\/\/www.beno.az\/ru\/wp-json\/wp\/v2\/pwb-brand?post=10888"},{"taxonomy":"product_brand","embeddable":true,"href":"https:\/\/www.beno.az\/ru\/wp-json\/wp\/v2\/product_brand?post=10888"},{"taxonomy":"product_cat","embeddable":true,"href":"https:\/\/www.beno.az\/ru\/wp-json\/wp\/v2\/product_cat?post=10888"},{"taxonomy":"product_tag","embeddable":true,"href":"https:\/\/www.beno.az\/ru\/wp-json\/wp\/v2\/product_tag?post=10888"}],"curies":[{"name":"wp","href":"https:\/\/api.w.org\/{rel}","templated":true}]}}