{"id":1084,"date":"2023-02-13T09:37:01","date_gmt":"2023-02-13T06:37:01","guid":{"rendered":"https:\/\/www.beno.az\/?post_type=product&#038;p=1084"},"modified":"2023-02-13T09:37:58","modified_gmt":"2023-02-13T06:37:58","slug":"trixie-netural-shampoo-xususil%c9%99-yumsaq-qaygi-itl%c9%99r-ucun-sampun-1000-ml","status":"publish","type":"product","link":"https:\/\/www.beno.az\/ru\/checkout\/trixie-netural-shampoo-xususil%c9%99-yumsaq-qaygi-itl%c9%99r-ucun-sampun-1000-ml\/","title":{"rendered":"Trixie Neutral Shampoo \u2013 X\u00fcsusil\u0259 yum\u015faq qay\u011f\u0131 pi\u015fik v\u0259 itl\u0259r \u00fc\u00e7\u00fcn \u015fampun 1000 ml"},"content":{"rendered":"","protected":false},"excerpt":{"rendered":"","protected":false},"featured_media":1085,"comment_status":"open","ping_status":"closed","template":"","meta":[],"pwb-brand":[193],"product_brand":[],"product_cat":[39,26,16,31],"product_tag":[],"class_list":{"0":"post-1084","1":"product","2":"type-product","3":"status-publish","4":"has-post-thumbnail","6":"pwb-brand-trixie","7":"product_cat-gigiyena-pisik","8":"product_cat-giyiyena-it","9":"product_cat-it","10":"product_cat-pisik","12":"first","13":"instock","14":"shipping-taxable","15":"product-type-simple"},"pure_taxonomies":{"pwb-brand":[{"term_id":193,"name":"Trixie","slug":"trixie","term_group":0,"term_taxonomy_id":193,"taxonomy":"pwb-brand","description":"","parent":0,"count":19,"filter":"raw","image":""}],"product_cat":[{"term_id":39,"name":"Gigiyena","slug":"gigiyena-pisik","term_group":0,"term_taxonomy_id":39,"taxonomy":"product_cat","description":"","parent":31,"count":37,"filter":"raw","image":""},{"term_id":26,"name":"Gigiyena","slug":"giyiyena-it","term_group":0,"term_taxonomy_id":26,"taxonomy":"product_cat","description":"","parent":16,"count":55,"filter":"raw","image":""},{"term_id":16,"name":"\u0130TL\u018fR","slug":"it","term_group":0,"term_taxonomy_id":16,"taxonomy":"product_cat","description":"","parent":0,"count":228,"filter":"raw","image":""},{"term_id":31,"name":"Pi\u015fiyimiz","slug":"pisik","term_group":0,"term_taxonomy_id":31,"taxonomy":"product_cat","description":"","parent":0,"count":275,"filter":"raw","image":""}]},"brands":[{"id":193,"name":"Trixie","slug":"trixie"}],"_links":{"self":[{"href":"https:\/\/www.beno.az\/ru\/wp-json\/wp\/v2\/product\/1084","targetHints":{"allow":["GET"]}}],"collection":[{"href":"https:\/\/www.beno.az\/ru\/wp-json\/wp\/v2\/product"}],"about":[{"href":"https:\/\/www.beno.az\/ru\/wp-json\/wp\/v2\/types\/product"}],"replies":[{"embeddable":true,"href":"https:\/\/www.beno.az\/ru\/wp-json\/wp\/v2\/comments?post=1084"}],"version-history":[{"count":0,"href":"https:\/\/www.beno.az\/ru\/wp-json\/wp\/v2\/product\/1084\/revisions"}],"wp:featuredmedia":[{"embeddable":true,"href":"https:\/\/www.beno.az\/ru\/wp-json\/wp\/v2\/media\/1085"}],"wp:attachment":[{"href":"https:\/\/www.beno.az\/ru\/wp-json\/wp\/v2\/media?parent=1084"}],"wp:term":[{"taxonomy":"pwb-brand","embeddable":true,"href":"https:\/\/www.beno.az\/ru\/wp-json\/wp\/v2\/pwb-brand?post=1084"},{"taxonomy":"product_brand","embeddable":true,"href":"https:\/\/www.beno.az\/ru\/wp-json\/wp\/v2\/product_brand?post=1084"},{"taxonomy":"product_cat","embeddable":true,"href":"https:\/\/www.beno.az\/ru\/wp-json\/wp\/v2\/product_cat?post=1084"},{"taxonomy":"product_tag","embeddable":true,"href":"https:\/\/www.beno.az\/ru\/wp-json\/wp\/v2\/product_tag?post=1084"}],"curies":[{"name":"wp","href":"https:\/\/api.w.org\/{rel}","templated":true}]}}