{"id":10833,"date":"2023-07-07T13:01:09","date_gmt":"2023-07-07T10:01:09","guid":{"rendered":"https:\/\/www.beno.az\/?post_type=product&#038;p=10833"},"modified":"2023-07-07T13:01:09","modified_gmt":"2023-07-07T10:01:09","slug":"pisik-balalari-ucun-quru-yem-brit-care-cat-gf-kitten-hgrowth-development-toyuq-v%c9%99-hinduska-il%c9%99-1-kq","status":"publish","type":"product","link":"https:\/\/www.beno.az\/ru\/checkout\/pisik-balalari-ucun-quru-yem-brit-care-cat-gf-kitten-hgrowth-development-toyuq-v%c9%99-hinduska-il%c9%99-1-kq\/","title":{"rendered":"Pi\u015fik balalar\u0131 \u00fc\u00e7\u00fcn quru yem Brit Care Cat GF Kitten HGrowth &#038; Development toyuq v\u0259 hindu\u015fka il\u0259 1 kq"},"content":{"rendered":"","protected":false},"excerpt":{"rendered":"","protected":false},"featured_media":10834,"comment_status":"open","ping_status":"closed","template":"","meta":[],"pwb-brand":[517],"product_brand":[],"product_cat":[31,33],"product_tag":[518],"class_list":{"0":"post-10833","1":"product","2":"type-product","3":"status-publish","4":"has-post-thumbnail","6":"pwb-brand-brit","7":"product_cat-pisik","8":"product_cat-quruyemler-ceki-ile-pisik","9":"product_tag-brit","11":"first","12":"instock","13":"shipping-taxable","14":"purchasable","15":"product-type-simple"},"pure_taxonomies":{"pwb-brand":[{"term_id":517,"name":"Brit","slug":"brit","term_group":0,"term_taxonomy_id":517,"taxonomy":"pwb-brand","description":"","parent":0,"count":7,"filter":"raw","image":""}],"product_cat":[{"term_id":31,"name":"Pi\u015fiyimiz","slug":"pisik","term_group":0,"term_taxonomy_id":31,"taxonomy":"product_cat","description":"","parent":0,"count":275,"filter":"raw","image":""},{"term_id":33,"name":"Quru yeml\u0259r \u00e7\u0259ki il\u0259","slug":"quruyemler-ceki-ile-pisik","term_group":0,"term_taxonomy_id":33,"taxonomy":"product_cat","description":"","parent":31,"count":77,"filter":"raw","image":""}],"product_tag":[{"term_id":518,"name":"brit","slug":"brit","term_group":0,"term_taxonomy_id":518,"taxonomy":"product_tag","description":"","parent":0,"count":7,"filter":"raw","image":""}]},"brands":[{"id":517,"name":"Brit","slug":"brit"}],"_links":{"self":[{"href":"https:\/\/www.beno.az\/ru\/wp-json\/wp\/v2\/product\/10833","targetHints":{"allow":["GET"]}}],"collection":[{"href":"https:\/\/www.beno.az\/ru\/wp-json\/wp\/v2\/product"}],"about":[{"href":"https:\/\/www.beno.az\/ru\/wp-json\/wp\/v2\/types\/product"}],"replies":[{"embeddable":true,"href":"https:\/\/www.beno.az\/ru\/wp-json\/wp\/v2\/comments?post=10833"}],"version-history":[{"count":1,"href":"https:\/\/www.beno.az\/ru\/wp-json\/wp\/v2\/product\/10833\/revisions"}],"predecessor-version":[{"id":10835,"href":"https:\/\/www.beno.az\/ru\/wp-json\/wp\/v2\/product\/10833\/revisions\/10835"}],"wp:featuredmedia":[{"embeddable":true,"href":"https:\/\/www.beno.az\/ru\/wp-json\/wp\/v2\/media\/10834"}],"wp:attachment":[{"href":"https:\/\/www.beno.az\/ru\/wp-json\/wp\/v2\/media?parent=10833"}],"wp:term":[{"taxonomy":"pwb-brand","embeddable":true,"href":"https:\/\/www.beno.az\/ru\/wp-json\/wp\/v2\/pwb-brand?post=10833"},{"taxonomy":"product_brand","embeddable":true,"href":"https:\/\/www.beno.az\/ru\/wp-json\/wp\/v2\/product_brand?post=10833"},{"taxonomy":"product_cat","embeddable":true,"href":"https:\/\/www.beno.az\/ru\/wp-json\/wp\/v2\/product_cat?post=10833"},{"taxonomy":"product_tag","embeddable":true,"href":"https:\/\/www.beno.az\/ru\/wp-json\/wp\/v2\/product_tag?post=10833"}],"curies":[{"name":"wp","href":"https:\/\/api.w.org\/{rel}","templated":true}]}}