{"id":10801,"date":"2023-07-07T11:57:21","date_gmt":"2023-07-07T08:57:21","guid":{"rendered":"https:\/\/www.beno.az\/?post_type=product&#038;p=10801"},"modified":"2023-12-25T12:05:08","modified_gmt":"2023-12-25T09:05:08","slug":"purina-pro-plan-large-robust-puppy-quru-yem-boyuk-cins-bala-itl%c9%99r-ucun-toyuq-%c9%99ti-il%c9%99-1-kq","status":"publish","type":"product","link":"https:\/\/www.beno.az\/ru\/checkout\/purina-pro-plan-large-robust-puppy-quru-yem-boyuk-cins-bala-itl%c9%99r-ucun-toyuq-%c9%99ti-il%c9%99-1-kq\/","title":{"rendered":"Purina Pro Plan Large Robust Puppy Quru Yem, B\u00f6y\u00fck Cins Bala Itl\u0259r \u00dc\u00e7\u00fcn, Toyuq \u018fti Il\u0259 1 kq"},"content":{"rendered":"<p>Purina Pro Plan Large Robust Puppy &#8211; b\u00f6y\u00fck cins bala itl\u0259r \u00fc\u00e7\u00fcn tam rasionlu quru yem. Optistart kompleksi il\u0259. T\u0259rkibind\u0259 x\u00fcsusi bulama komponenti &#8211; t\u0259bii anticisiml\u0259rl\u0259 z\u0259ngin olan ilkin ana s\u00fcd\u00fc var. Optistart kompleksi, g\u00fcnd\u0259lik probleml\u0259rl\u0259 m\u00fcbariz\u0259 aparmaq \u00fc\u00e7\u00fcn bala itl\u0259rinin t\u0259bii m\u00fcdafi\u0259sini g\u00fccl\u0259ndirm\u0259y\u0259 k\u00f6m\u0259k edir.<\/p>","protected":false},"excerpt":{"rendered":"<p>Purina Pro Plan Large Robust Puppy &#8211; b\u00f6y\u00fck cins bala itl\u0259r \u00fc\u00e7\u00fcn tam rasionlu quru yem. Optistart kompleksi il\u0259. T\u0259rkibind\u0259<\/p>","protected":false},"featured_media":10802,"comment_status":"open","ping_status":"closed","template":"","meta":[],"pwb-brand":[515],"product_brand":[],"product_cat":[16,18],"product_tag":[516],"class_list":{"0":"post-10801","1":"product","2":"type-product","3":"status-publish","4":"has-post-thumbnail","6":"pwb-brand-pro-plan","7":"product_cat-it","8":"product_cat-quruyemler-ceki-ile-it","9":"product_tag-pro-plan","11":"first","12":"outofstock","13":"shipping-taxable","14":"purchasable","15":"product-type-simple"},"pure_taxonomies":{"pwb-brand":[{"term_id":515,"name":"Pro Plan","slug":"pro-plan","term_group":0,"term_taxonomy_id":515,"taxonomy":"pwb-brand","description":"","parent":0,"count":19,"filter":"raw","image":""}],"product_cat":[{"term_id":16,"name":"\u0130TL\u018fR","slug":"it","term_group":0,"term_taxonomy_id":16,"taxonomy":"product_cat","description":"","parent":0,"count":228,"filter":"raw","image":""},{"term_id":18,"name":"Quru yeml\u0259r \u00e7\u0259ki il\u0259","slug":"quruyemler-ceki-ile-it","term_group":0,"term_taxonomy_id":18,"taxonomy":"product_cat","description":"","parent":16,"count":35,"filter":"raw","image":""}],"product_tag":[{"term_id":516,"name":"pro plan","slug":"pro-plan","term_group":0,"term_taxonomy_id":516,"taxonomy":"product_tag","description":"","parent":0,"count":20,"filter":"raw","image":""}]},"brands":[{"id":515,"name":"Pro Plan","slug":"pro-plan"}],"_links":{"self":[{"href":"https:\/\/www.beno.az\/ru\/wp-json\/wp\/v2\/product\/10801","targetHints":{"allow":["GET"]}}],"collection":[{"href":"https:\/\/www.beno.az\/ru\/wp-json\/wp\/v2\/product"}],"about":[{"href":"https:\/\/www.beno.az\/ru\/wp-json\/wp\/v2\/types\/product"}],"replies":[{"embeddable":true,"href":"https:\/\/www.beno.az\/ru\/wp-json\/wp\/v2\/comments?post=10801"}],"version-history":[{"count":1,"href":"https:\/\/www.beno.az\/ru\/wp-json\/wp\/v2\/product\/10801\/revisions"}],"predecessor-version":[{"id":10803,"href":"https:\/\/www.beno.az\/ru\/wp-json\/wp\/v2\/product\/10801\/revisions\/10803"}],"wp:featuredmedia":[{"embeddable":true,"href":"https:\/\/www.beno.az\/ru\/wp-json\/wp\/v2\/media\/10802"}],"wp:attachment":[{"href":"https:\/\/www.beno.az\/ru\/wp-json\/wp\/v2\/media?parent=10801"}],"wp:term":[{"taxonomy":"pwb-brand","embeddable":true,"href":"https:\/\/www.beno.az\/ru\/wp-json\/wp\/v2\/pwb-brand?post=10801"},{"taxonomy":"product_brand","embeddable":true,"href":"https:\/\/www.beno.az\/ru\/wp-json\/wp\/v2\/product_brand?post=10801"},{"taxonomy":"product_cat","embeddable":true,"href":"https:\/\/www.beno.az\/ru\/wp-json\/wp\/v2\/product_cat?post=10801"},{"taxonomy":"product_tag","embeddable":true,"href":"https:\/\/www.beno.az\/ru\/wp-json\/wp\/v2\/product_tag?post=10801"}],"curies":[{"name":"wp","href":"https:\/\/api.w.org\/{rel}","templated":true}]}}