{"id":10798,"date":"2023-07-07T11:54:24","date_gmt":"2023-07-07T08:54:24","guid":{"rendered":"https:\/\/www.beno.az\/?post_type=product&#038;p=10798"},"modified":"2023-07-07T11:54:24","modified_gmt":"2023-07-07T08:54:24","slug":"purina-pro-plan-medium-puppy-quru-yem-orta-cins-bala-itl%c9%99r-ucun-toyuq-%c9%99ti-il%c9%99-1-kq","status":"publish","type":"product","link":"https:\/\/www.beno.az\/ru\/checkout\/purina-pro-plan-medium-puppy-quru-yem-orta-cins-bala-itl%c9%99r-ucun-toyuq-%c9%99ti-il%c9%99-1-kq\/","title":{"rendered":"Purina Pro Plan Medium Puppy Quru Yem, Orta Cins Bala Itl\u0259r \u00dc\u00e7\u00fcn, Toyuq \u018fti Il\u0259 1 kq"},"content":{"rendered":"<p>Purina Pro Plan Medium Puppy &#8211; orta cins bala itl\u0259r \u00fc\u00e7\u00fcn tam rasionlu quru yem.<\/p>","protected":false},"excerpt":{"rendered":"<p>Purina Pro Plan Medium Puppy &#8211; orta cins bala itl\u0259r \u00fc\u00e7\u00fcn tam rasionlu quru yem.<\/p>","protected":false},"featured_media":10799,"comment_status":"open","ping_status":"closed","template":"","meta":[],"pwb-brand":[515],"product_brand":[],"product_cat":[16,18],"product_tag":[516],"class_list":{"0":"post-10798","1":"product","2":"type-product","3":"status-publish","4":"has-post-thumbnail","6":"pwb-brand-pro-plan","7":"product_cat-it","8":"product_cat-quruyemler-ceki-ile-it","9":"product_tag-pro-plan","11":"first","12":"instock","13":"shipping-taxable","14":"purchasable","15":"product-type-simple"},"pure_taxonomies":{"pwb-brand":[{"term_id":515,"name":"Pro Plan","slug":"pro-plan","term_group":0,"term_taxonomy_id":515,"taxonomy":"pwb-brand","description":"","parent":0,"count":19,"filter":"raw","image":""}],"product_cat":[{"term_id":16,"name":"\u0130TL\u018fR","slug":"it","term_group":0,"term_taxonomy_id":16,"taxonomy":"product_cat","description":"","parent":0,"count":228,"filter":"raw","image":""},{"term_id":18,"name":"Quru yeml\u0259r \u00e7\u0259ki il\u0259","slug":"quruyemler-ceki-ile-it","term_group":0,"term_taxonomy_id":18,"taxonomy":"product_cat","description":"","parent":16,"count":35,"filter":"raw","image":""}],"product_tag":[{"term_id":516,"name":"pro plan","slug":"pro-plan","term_group":0,"term_taxonomy_id":516,"taxonomy":"product_tag","description":"","parent":0,"count":20,"filter":"raw","image":""}]},"brands":[{"id":515,"name":"Pro Plan","slug":"pro-plan"}],"_links":{"self":[{"href":"https:\/\/www.beno.az\/ru\/wp-json\/wp\/v2\/product\/10798","targetHints":{"allow":["GET"]}}],"collection":[{"href":"https:\/\/www.beno.az\/ru\/wp-json\/wp\/v2\/product"}],"about":[{"href":"https:\/\/www.beno.az\/ru\/wp-json\/wp\/v2\/types\/product"}],"replies":[{"embeddable":true,"href":"https:\/\/www.beno.az\/ru\/wp-json\/wp\/v2\/comments?post=10798"}],"version-history":[{"count":1,"href":"https:\/\/www.beno.az\/ru\/wp-json\/wp\/v2\/product\/10798\/revisions"}],"predecessor-version":[{"id":10800,"href":"https:\/\/www.beno.az\/ru\/wp-json\/wp\/v2\/product\/10798\/revisions\/10800"}],"wp:featuredmedia":[{"embeddable":true,"href":"https:\/\/www.beno.az\/ru\/wp-json\/wp\/v2\/media\/10799"}],"wp:attachment":[{"href":"https:\/\/www.beno.az\/ru\/wp-json\/wp\/v2\/media?parent=10798"}],"wp:term":[{"taxonomy":"pwb-brand","embeddable":true,"href":"https:\/\/www.beno.az\/ru\/wp-json\/wp\/v2\/pwb-brand?post=10798"},{"taxonomy":"product_brand","embeddable":true,"href":"https:\/\/www.beno.az\/ru\/wp-json\/wp\/v2\/product_brand?post=10798"},{"taxonomy":"product_cat","embeddable":true,"href":"https:\/\/www.beno.az\/ru\/wp-json\/wp\/v2\/product_cat?post=10798"},{"taxonomy":"product_tag","embeddable":true,"href":"https:\/\/www.beno.az\/ru\/wp-json\/wp\/v2\/product_tag?post=10798"}],"curies":[{"name":"wp","href":"https:\/\/api.w.org\/{rel}","templated":true}]}}