{"id":10756,"date":"2023-07-07T11:14:48","date_gmt":"2023-07-07T08:14:48","guid":{"rendered":"https:\/\/www.beno.az\/?post_type=product&#038;p=10756"},"modified":"2024-04-13T23:46:03","modified_gmt":"2024-04-13T20:46:03","slug":"purina-pro-plan-sterilised-quru-yem-sterilizasiya-edilmis-pisikl%c9%99r-ucun-qizilbaliq-il%c9%99","status":"publish","type":"product","link":"https:\/\/www.beno.az\/ru\/checkout\/purina-pro-plan-sterilised-quru-yem-sterilizasiya-edilmis-pisikl%c9%99r-ucun-qizilbaliq-il%c9%99\/","title":{"rendered":"Purina Pro Plan Sterilised Quru Yem, Sterilizasiya Edilmi\u015f Pi\u015fikl\u0259r \u00dc\u00e7\u00fcn, Q\u0131z\u0131lbal\u0131q il\u0259 1 kq"},"content":{"rendered":"<p>Pro Plan\u0131n Sterilised yemi\u00a0sterilizasiya edilmi\u015f pi\u015fikl\u0259rin ehtiyaclar\u0131na tam cavab ver\u0259n balansl\u0131 bir p\u0259hriz t\u0259klif edir. Seriyan\u0131n h\u0259r bir p\u0259hrizi sidik sa\u011flaml\u0131\u011f\u0131n\u0131 v\u0259 optimal b\u0259d\u0259n \u00e7\u0259kisini t\u0259min edir. T\u0259rkibind\u0259 Optirenal formulu &#8211; antioksidantlar, arginin v\u0259 omeqa-3 ya\u011fl\u0131 tur\u015fular\u0131, b\u00f6yr\u0259k sa\u011flaml\u0131\u011f\u0131n\u0131 d\u0259st\u0259kl\u0259y\u0259n x\u00fcsusi bir qar\u0131\u015f\u0131q var.<\/p>","protected":false},"excerpt":{"rendered":"<p>Pro Plan\u0131n Sterilised yemi\u00a0sterilizasiya edilmi\u015f pi\u015fikl\u0259rin ehtiyaclar\u0131na tam cavab ver\u0259n balansl\u0131 bir p\u0259hriz t\u0259klif edir. Seriyan\u0131n h\u0259r bir p\u0259hrizi sidik<\/p>","protected":false},"featured_media":10758,"comment_status":"open","ping_status":"closed","template":"","meta":[],"pwb-brand":[515],"product_brand":[],"product_cat":[31,33],"product_tag":[516],"class_list":{"0":"post-10756","1":"product","2":"type-product","3":"status-publish","4":"has-post-thumbnail","6":"pwb-brand-pro-plan","7":"product_cat-pisik","8":"product_cat-quruyemler-ceki-ile-pisik","9":"product_tag-pro-plan","11":"first","12":"instock","13":"shipping-taxable","14":"purchasable","15":"product-type-simple"},"pure_taxonomies":{"pwb-brand":[{"term_id":515,"name":"Pro Plan","slug":"pro-plan","term_group":0,"term_taxonomy_id":515,"taxonomy":"pwb-brand","description":"","parent":0,"count":19,"filter":"raw","image":""}],"product_cat":[{"term_id":31,"name":"Pi\u015fiyimiz","slug":"pisik","term_group":0,"term_taxonomy_id":31,"taxonomy":"product_cat","description":"","parent":0,"count":275,"filter":"raw","image":""},{"term_id":33,"name":"Quru yeml\u0259r \u00e7\u0259ki il\u0259","slug":"quruyemler-ceki-ile-pisik","term_group":0,"term_taxonomy_id":33,"taxonomy":"product_cat","description":"","parent":31,"count":77,"filter":"raw","image":""}],"product_tag":[{"term_id":516,"name":"pro plan","slug":"pro-plan","term_group":0,"term_taxonomy_id":516,"taxonomy":"product_tag","description":"","parent":0,"count":20,"filter":"raw","image":""}]},"brands":[{"id":515,"name":"Pro Plan","slug":"pro-plan"}],"_links":{"self":[{"href":"https:\/\/www.beno.az\/ru\/wp-json\/wp\/v2\/product\/10756","targetHints":{"allow":["GET"]}}],"collection":[{"href":"https:\/\/www.beno.az\/ru\/wp-json\/wp\/v2\/product"}],"about":[{"href":"https:\/\/www.beno.az\/ru\/wp-json\/wp\/v2\/types\/product"}],"replies":[{"embeddable":true,"href":"https:\/\/www.beno.az\/ru\/wp-json\/wp\/v2\/comments?post=10756"}],"version-history":[{"count":4,"href":"https:\/\/www.beno.az\/ru\/wp-json\/wp\/v2\/product\/10756\/revisions"}],"predecessor-version":[{"id":11326,"href":"https:\/\/www.beno.az\/ru\/wp-json\/wp\/v2\/product\/10756\/revisions\/11326"}],"wp:featuredmedia":[{"embeddable":true,"href":"https:\/\/www.beno.az\/ru\/wp-json\/wp\/v2\/media\/10758"}],"wp:attachment":[{"href":"https:\/\/www.beno.az\/ru\/wp-json\/wp\/v2\/media?parent=10756"}],"wp:term":[{"taxonomy":"pwb-brand","embeddable":true,"href":"https:\/\/www.beno.az\/ru\/wp-json\/wp\/v2\/pwb-brand?post=10756"},{"taxonomy":"product_brand","embeddable":true,"href":"https:\/\/www.beno.az\/ru\/wp-json\/wp\/v2\/product_brand?post=10756"},{"taxonomy":"product_cat","embeddable":true,"href":"https:\/\/www.beno.az\/ru\/wp-json\/wp\/v2\/product_cat?post=10756"},{"taxonomy":"product_tag","embeddable":true,"href":"https:\/\/www.beno.az\/ru\/wp-json\/wp\/v2\/product_tag?post=10756"}],"curies":[{"name":"wp","href":"https:\/\/api.w.org\/{rel}","templated":true}]}}