{"id":10752,"date":"2023-07-07T11:05:44","date_gmt":"2023-07-07T08:05:44","guid":{"rendered":"https:\/\/www.beno.az\/?post_type=product&#038;p=10752"},"modified":"2024-04-13T23:48:38","modified_gmt":"2024-04-13T20:48:38","slug":"quru-yem-pro-plan-sterilised-axtalanmis-v%c9%99-sterill%c9%99sdirilmis-pisikl%c9%99r-ucun-hindqusu-il%c9%99-400-q","status":"publish","type":"product","link":"https:\/\/www.beno.az\/ru\/checkout\/quru-yem-pro-plan-sterilised-axtalanmis-v%c9%99-sterill%c9%99sdirilmis-pisikl%c9%99r-ucun-hindqusu-il%c9%99-400-q\/","title":{"rendered":"Quru yem Pro Plan Sterilised axtalanm\u0131\u015f v\u0259 sterill\u0259\u015fdirilmi\u015f pi\u015fikl\u0259r \u00fc\u00e7\u00fcn hindqu\u015fu il\u0259 400 q"},"content":{"rendered":"","protected":false},"excerpt":{"rendered":"","protected":false},"featured_media":10753,"comment_status":"open","ping_status":"closed","template":"","meta":[],"pwb-brand":[515],"product_brand":[],"product_cat":[31,33],"product_tag":[516],"class_list":{"0":"post-10752","1":"product","2":"type-product","3":"status-publish","4":"has-post-thumbnail","6":"pwb-brand-pro-plan","7":"product_cat-pisik","8":"product_cat-quruyemler-ceki-ile-pisik","9":"product_tag-pro-plan","11":"first","12":"outofstock","13":"shipping-taxable","14":"purchasable","15":"product-type-simple"},"pure_taxonomies":{"pwb-brand":[{"term_id":515,"name":"Pro Plan","slug":"pro-plan","term_group":0,"term_taxonomy_id":515,"taxonomy":"pwb-brand","description":"","parent":0,"count":19,"filter":"raw","image":""}],"product_cat":[{"term_id":31,"name":"Pi\u015fiyimiz","slug":"pisik","term_group":0,"term_taxonomy_id":31,"taxonomy":"product_cat","description":"","parent":0,"count":275,"filter":"raw","image":""},{"term_id":33,"name":"Quru yeml\u0259r \u00e7\u0259ki il\u0259","slug":"quruyemler-ceki-ile-pisik","term_group":0,"term_taxonomy_id":33,"taxonomy":"product_cat","description":"","parent":31,"count":77,"filter":"raw","image":""}],"product_tag":[{"term_id":516,"name":"pro plan","slug":"pro-plan","term_group":0,"term_taxonomy_id":516,"taxonomy":"product_tag","description":"","parent":0,"count":20,"filter":"raw","image":""}]},"brands":[{"id":515,"name":"Pro Plan","slug":"pro-plan"}],"_links":{"self":[{"href":"https:\/\/www.beno.az\/ru\/wp-json\/wp\/v2\/product\/10752","targetHints":{"allow":["GET"]}}],"collection":[{"href":"https:\/\/www.beno.az\/ru\/wp-json\/wp\/v2\/product"}],"about":[{"href":"https:\/\/www.beno.az\/ru\/wp-json\/wp\/v2\/types\/product"}],"replies":[{"embeddable":true,"href":"https:\/\/www.beno.az\/ru\/wp-json\/wp\/v2\/comments?post=10752"}],"version-history":[{"count":1,"href":"https:\/\/www.beno.az\/ru\/wp-json\/wp\/v2\/product\/10752\/revisions"}],"predecessor-version":[{"id":10754,"href":"https:\/\/www.beno.az\/ru\/wp-json\/wp\/v2\/product\/10752\/revisions\/10754"}],"wp:featuredmedia":[{"embeddable":true,"href":"https:\/\/www.beno.az\/ru\/wp-json\/wp\/v2\/media\/10753"}],"wp:attachment":[{"href":"https:\/\/www.beno.az\/ru\/wp-json\/wp\/v2\/media?parent=10752"}],"wp:term":[{"taxonomy":"pwb-brand","embeddable":true,"href":"https:\/\/www.beno.az\/ru\/wp-json\/wp\/v2\/pwb-brand?post=10752"},{"taxonomy":"product_brand","embeddable":true,"href":"https:\/\/www.beno.az\/ru\/wp-json\/wp\/v2\/product_brand?post=10752"},{"taxonomy":"product_cat","embeddable":true,"href":"https:\/\/www.beno.az\/ru\/wp-json\/wp\/v2\/product_cat?post=10752"},{"taxonomy":"product_tag","embeddable":true,"href":"https:\/\/www.beno.az\/ru\/wp-json\/wp\/v2\/product_tag?post=10752"}],"curies":[{"name":"wp","href":"https:\/\/api.w.org\/{rel}","templated":true}]}}