{"id":10699,"date":"2023-07-05T14:01:31","date_gmt":"2023-07-05T11:01:31","guid":{"rendered":"https:\/\/www.beno.az\/?post_type=product&#038;p=10699"},"modified":"2023-07-05T14:01:31","modified_gmt":"2023-07-05T11:01:31","slug":"dasima-cantasi-pisikl%c9%99r-ucun-olcu-m-bej","status":"publish","type":"product","link":"https:\/\/www.beno.az\/ru\/checkout\/dasima-cantasi-pisikl%c9%99r-ucun-olcu-m-bej\/","title":{"rendered":"Da\u015f\u0131ma \u00e7antas\u0131 pi\u015fikl\u0259r \u00fc\u00e7\u00fcn, \u00f6l\u00e7\u00fc M, bej"},"content":{"rendered":"","protected":false},"excerpt":{"rendered":"","protected":false},"featured_media":10700,"comment_status":"open","ping_status":"closed","template":"","meta":[],"pwb-brand":[141],"product_brand":[],"product_cat":[41,24,16,31],"product_tag":[511],"class_list":{"0":"post-10699","1":"product","2":"type-product","3":"status-publish","4":"has-post-thumbnail","6":"pwb-brand-brend-beno","7":"product_cat-dasiyicialar-pisik","8":"product_cat-dashiyicilar-it","9":"product_cat-it","10":"product_cat-pisik","11":"product_tag-canta","13":"first","14":"instock","15":"shipping-taxable","16":"purchasable","17":"product-type-simple"},"pure_taxonomies":{"pwb-brand":[{"term_id":141,"name":"Beno","slug":"brend-beno","term_group":0,"term_taxonomy_id":141,"taxonomy":"pwb-brand","description":"","parent":0,"count":46,"filter":"raw","image":""}],"product_cat":[{"term_id":41,"name":"Da\u015f\u0131y\u0131c\u0131lar","slug":"dasiyicialar-pisik","term_group":0,"term_taxonomy_id":41,"taxonomy":"product_cat","description":"","parent":31,"count":4,"filter":"raw","image":""},{"term_id":24,"name":"Da\u015f\u0131y\u0131c\u0131lar","slug":"dashiyicilar-it","term_group":0,"term_taxonomy_id":24,"taxonomy":"product_cat","description":"","parent":16,"count":4,"filter":"raw","image":""},{"term_id":16,"name":"\u0130TL\u018fR","slug":"it","term_group":0,"term_taxonomy_id":16,"taxonomy":"product_cat","description":"","parent":0,"count":228,"filter":"raw","image":""},{"term_id":31,"name":"Pi\u015fiyimiz","slug":"pisik","term_group":0,"term_taxonomy_id":31,"taxonomy":"product_cat","description":"","parent":0,"count":275,"filter":"raw","image":""}],"product_tag":[{"term_id":511,"name":"\u00e7anta","slug":"canta","term_group":0,"term_taxonomy_id":511,"taxonomy":"product_tag","description":"","parent":0,"count":3,"filter":"raw","image":""}]},"brands":[{"id":141,"name":"Beno","slug":"brend-beno"}],"_links":{"self":[{"href":"https:\/\/www.beno.az\/ru\/wp-json\/wp\/v2\/product\/10699","targetHints":{"allow":["GET"]}}],"collection":[{"href":"https:\/\/www.beno.az\/ru\/wp-json\/wp\/v2\/product"}],"about":[{"href":"https:\/\/www.beno.az\/ru\/wp-json\/wp\/v2\/types\/product"}],"replies":[{"embeddable":true,"href":"https:\/\/www.beno.az\/ru\/wp-json\/wp\/v2\/comments?post=10699"}],"version-history":[{"count":1,"href":"https:\/\/www.beno.az\/ru\/wp-json\/wp\/v2\/product\/10699\/revisions"}],"predecessor-version":[{"id":10701,"href":"https:\/\/www.beno.az\/ru\/wp-json\/wp\/v2\/product\/10699\/revisions\/10701"}],"wp:featuredmedia":[{"embeddable":true,"href":"https:\/\/www.beno.az\/ru\/wp-json\/wp\/v2\/media\/10700"}],"wp:attachment":[{"href":"https:\/\/www.beno.az\/ru\/wp-json\/wp\/v2\/media?parent=10699"}],"wp:term":[{"taxonomy":"pwb-brand","embeddable":true,"href":"https:\/\/www.beno.az\/ru\/wp-json\/wp\/v2\/pwb-brand?post=10699"},{"taxonomy":"product_brand","embeddable":true,"href":"https:\/\/www.beno.az\/ru\/wp-json\/wp\/v2\/product_brand?post=10699"},{"taxonomy":"product_cat","embeddable":true,"href":"https:\/\/www.beno.az\/ru\/wp-json\/wp\/v2\/product_cat?post=10699"},{"taxonomy":"product_tag","embeddable":true,"href":"https:\/\/www.beno.az\/ru\/wp-json\/wp\/v2\/product_tag?post=10699"}],"curies":[{"name":"wp","href":"https:\/\/api.w.org\/{rel}","templated":true}]}}