{"id":10693,"date":"2023-07-05T13:56:27","date_gmt":"2023-07-05T10:56:27","guid":{"rendered":"https:\/\/www.beno.az\/?post_type=product&#038;p=10693"},"modified":"2023-07-05T13:56:27","modified_gmt":"2023-07-05T10:56:27","slug":"dasima-cantasi-ferplast-atlas-5-pisikl%c9%99r-v%c9%99-xirda-itl%c9%99r-ucun-plastik-28x41-5x24-5-sm","status":"publish","type":"product","link":"https:\/\/www.beno.az\/ru\/checkout\/dasima-cantasi-ferplast-atlas-5-pisikl%c9%99r-v%c9%99-xirda-itl%c9%99r-ucun-plastik-28x41-5x24-5-sm\/","title":{"rendered":"Da\u015f\u0131ma \u00e7antas\u0131 Ferplast Atlas 5 pi\u015fikl\u0259r v\u0259 x\u0131rda itl\u0259r \u00fc\u00e7\u00fcn, plastik, 28&#215;41.5&#215;24.5 sm"},"content":{"rendered":"","protected":false},"excerpt":{"rendered":"","protected":false},"featured_media":10694,"comment_status":"open","ping_status":"closed","template":"","meta":[],"pwb-brand":[141],"product_brand":[],"product_cat":[41,24,16,31],"product_tag":[512],"class_list":{"0":"post-10693","1":"product","2":"type-product","3":"status-publish","4":"has-post-thumbnail","6":"pwb-brand-brend-beno","7":"product_cat-dasiyicialar-pisik","8":"product_cat-dashiyicilar-it","9":"product_cat-it","10":"product_cat-pisik","11":"product_tag-dasiyici","13":"first","14":"instock","15":"shipping-taxable","16":"purchasable","17":"product-type-simple"},"pure_taxonomies":{"pwb-brand":[{"term_id":141,"name":"Beno","slug":"brend-beno","term_group":0,"term_taxonomy_id":141,"taxonomy":"pwb-brand","description":"","parent":0,"count":46,"filter":"raw","image":""}],"product_cat":[{"term_id":41,"name":"Da\u015f\u0131y\u0131c\u0131lar","slug":"dasiyicialar-pisik","term_group":0,"term_taxonomy_id":41,"taxonomy":"product_cat","description":"","parent":31,"count":4,"filter":"raw","image":""},{"term_id":24,"name":"Da\u015f\u0131y\u0131c\u0131lar","slug":"dashiyicilar-it","term_group":0,"term_taxonomy_id":24,"taxonomy":"product_cat","description":"","parent":16,"count":4,"filter":"raw","image":""},{"term_id":16,"name":"\u0130TL\u018fR","slug":"it","term_group":0,"term_taxonomy_id":16,"taxonomy":"product_cat","description":"","parent":0,"count":228,"filter":"raw","image":""},{"term_id":31,"name":"Pi\u015fiyimiz","slug":"pisik","term_group":0,"term_taxonomy_id":31,"taxonomy":"product_cat","description":"","parent":0,"count":275,"filter":"raw","image":""}],"product_tag":[{"term_id":512,"name":"da\u015f\u0131y\u0131c\u0131","slug":"dasiyici","term_group":0,"term_taxonomy_id":512,"taxonomy":"product_tag","description":"","parent":0,"count":1,"filter":"raw","image":""}]},"brands":[{"id":141,"name":"Beno","slug":"brend-beno"}],"_links":{"self":[{"href":"https:\/\/www.beno.az\/ru\/wp-json\/wp\/v2\/product\/10693","targetHints":{"allow":["GET"]}}],"collection":[{"href":"https:\/\/www.beno.az\/ru\/wp-json\/wp\/v2\/product"}],"about":[{"href":"https:\/\/www.beno.az\/ru\/wp-json\/wp\/v2\/types\/product"}],"replies":[{"embeddable":true,"href":"https:\/\/www.beno.az\/ru\/wp-json\/wp\/v2\/comments?post=10693"}],"version-history":[{"count":1,"href":"https:\/\/www.beno.az\/ru\/wp-json\/wp\/v2\/product\/10693\/revisions"}],"predecessor-version":[{"id":10695,"href":"https:\/\/www.beno.az\/ru\/wp-json\/wp\/v2\/product\/10693\/revisions\/10695"}],"wp:featuredmedia":[{"embeddable":true,"href":"https:\/\/www.beno.az\/ru\/wp-json\/wp\/v2\/media\/10694"}],"wp:attachment":[{"href":"https:\/\/www.beno.az\/ru\/wp-json\/wp\/v2\/media?parent=10693"}],"wp:term":[{"taxonomy":"pwb-brand","embeddable":true,"href":"https:\/\/www.beno.az\/ru\/wp-json\/wp\/v2\/pwb-brand?post=10693"},{"taxonomy":"product_brand","embeddable":true,"href":"https:\/\/www.beno.az\/ru\/wp-json\/wp\/v2\/product_brand?post=10693"},{"taxonomy":"product_cat","embeddable":true,"href":"https:\/\/www.beno.az\/ru\/wp-json\/wp\/v2\/product_cat?post=10693"},{"taxonomy":"product_tag","embeddable":true,"href":"https:\/\/www.beno.az\/ru\/wp-json\/wp\/v2\/product_tag?post=10693"}],"curies":[{"name":"wp","href":"https:\/\/api.w.org\/{rel}","templated":true}]}}