{"id":10683,"date":"2023-07-05T13:48:44","date_gmt":"2023-07-05T10:48:44","guid":{"rendered":"https:\/\/www.beno.az\/?post_type=product&#038;p=10683"},"modified":"2023-07-05T13:48:44","modified_gmt":"2023-07-05T10:48:44","slug":"itl%c9%99r-ucun-qayis-flexi-goy","status":"publish","type":"product","link":"https:\/\/www.beno.az\/ru\/checkout\/itl%c9%99r-ucun-qayis-flexi-goy\/","title":{"rendered":"\u0130tl\u0259r \u00fc\u00e7\u00fcn qay\u0131\u015f Flexi, g\u00f6y"},"content":{"rendered":"","protected":false},"excerpt":{"rendered":"","protected":false},"featured_media":10684,"comment_status":"open","ping_status":"closed","template":"","meta":[],"pwb-brand":[507],"product_brand":[],"product_cat":[],"product_tag":[508],"class_list":{"0":"post-10683","1":"product","2":"type-product","3":"status-publish","4":"has-post-thumbnail","6":"pwb-brand-flexi","7":"product_tag-xalta","9":"first","10":"instock","11":"shipping-taxable","12":"purchasable","13":"product-type-simple"},"pure_taxonomies":{"pwb-brand":[{"term_id":507,"name":"Flexi","slug":"flexi","term_group":0,"term_taxonomy_id":507,"taxonomy":"pwb-brand","description":"","parent":0,"count":2,"filter":"raw","image":""}],"product_tag":[{"term_id":508,"name":"xalta","slug":"xalta","term_group":0,"term_taxonomy_id":508,"taxonomy":"product_tag","description":"","parent":0,"count":17,"filter":"raw","image":""}]},"brands":[{"id":507,"name":"Flexi","slug":"flexi"}],"_links":{"self":[{"href":"https:\/\/www.beno.az\/ru\/wp-json\/wp\/v2\/product\/10683","targetHints":{"allow":["GET"]}}],"collection":[{"href":"https:\/\/www.beno.az\/ru\/wp-json\/wp\/v2\/product"}],"about":[{"href":"https:\/\/www.beno.az\/ru\/wp-json\/wp\/v2\/types\/product"}],"replies":[{"embeddable":true,"href":"https:\/\/www.beno.az\/ru\/wp-json\/wp\/v2\/comments?post=10683"}],"version-history":[{"count":1,"href":"https:\/\/www.beno.az\/ru\/wp-json\/wp\/v2\/product\/10683\/revisions"}],"predecessor-version":[{"id":10685,"href":"https:\/\/www.beno.az\/ru\/wp-json\/wp\/v2\/product\/10683\/revisions\/10685"}],"wp:featuredmedia":[{"embeddable":true,"href":"https:\/\/www.beno.az\/ru\/wp-json\/wp\/v2\/media\/10684"}],"wp:attachment":[{"href":"https:\/\/www.beno.az\/ru\/wp-json\/wp\/v2\/media?parent=10683"}],"wp:term":[{"taxonomy":"pwb-brand","embeddable":true,"href":"https:\/\/www.beno.az\/ru\/wp-json\/wp\/v2\/pwb-brand?post=10683"},{"taxonomy":"product_brand","embeddable":true,"href":"https:\/\/www.beno.az\/ru\/wp-json\/wp\/v2\/product_brand?post=10683"},{"taxonomy":"product_cat","embeddable":true,"href":"https:\/\/www.beno.az\/ru\/wp-json\/wp\/v2\/product_cat?post=10683"},{"taxonomy":"product_tag","embeddable":true,"href":"https:\/\/www.beno.az\/ru\/wp-json\/wp\/v2\/product_tag?post=10683"}],"curies":[{"name":"wp","href":"https:\/\/api.w.org\/{rel}","templated":true}]}}