{"id":10656,"date":"2023-07-05T13:32:53","date_gmt":"2023-07-05T10:32:53","guid":{"rendered":"https:\/\/www.beno.az\/?post_type=product&#038;p=10656"},"modified":"2023-07-05T13:32:54","modified_gmt":"2023-07-05T10:32:54","slug":"orta-cins-itl%c9%99r-ucun-xalta-beno-d%c9%99ri-qara-125%d1%8520-sm","status":"publish","type":"product","link":"https:\/\/www.beno.az\/ru\/checkout\/orta-cins-itl%c9%99r-ucun-xalta-beno-d%c9%99ri-qara-125%d1%8520-sm\/","title":{"rendered":"Orta cins itl\u0259r \u00fc\u00e7\u00fcn xalta Beno d\u0259ri, qara, 125\u044520 sm"},"content":{"rendered":"","protected":false},"excerpt":{"rendered":"","protected":false},"featured_media":10657,"comment_status":"open","ping_status":"closed","template":"","meta":[],"pwb-brand":[141],"product_brand":[],"product_cat":[16,30],"product_tag":[508],"class_list":{"0":"post-10656","1":"product","2":"type-product","3":"status-publish","4":"has-post-thumbnail","6":"pwb-brand-brend-beno","7":"product_cat-it","8":"product_cat-xalta-it","9":"product_tag-xalta","11":"first","12":"instock","13":"shipping-taxable","14":"purchasable","15":"product-type-simple"},"pure_taxonomies":{"pwb-brand":[{"term_id":141,"name":"Beno","slug":"brend-beno","term_group":0,"term_taxonomy_id":141,"taxonomy":"pwb-brand","description":"","parent":0,"count":46,"filter":"raw","image":""}],"product_cat":[{"term_id":16,"name":"\u0130TL\u018fR","slug":"it","term_group":0,"term_taxonomy_id":16,"taxonomy":"product_cat","description":"","parent":0,"count":228,"filter":"raw","image":""},{"term_id":30,"name":"Xalta, xalta qay\u0131\u015flar\u0131","slug":"xalta-it","term_group":0,"term_taxonomy_id":30,"taxonomy":"product_cat","description":"","parent":16,"count":19,"filter":"raw","image":""}],"product_tag":[{"term_id":508,"name":"xalta","slug":"xalta","term_group":0,"term_taxonomy_id":508,"taxonomy":"product_tag","description":"","parent":0,"count":17,"filter":"raw","image":""}]},"brands":[{"id":141,"name":"Beno","slug":"brend-beno"}],"_links":{"self":[{"href":"https:\/\/www.beno.az\/ru\/wp-json\/wp\/v2\/product\/10656","targetHints":{"allow":["GET"]}}],"collection":[{"href":"https:\/\/www.beno.az\/ru\/wp-json\/wp\/v2\/product"}],"about":[{"href":"https:\/\/www.beno.az\/ru\/wp-json\/wp\/v2\/types\/product"}],"replies":[{"embeddable":true,"href":"https:\/\/www.beno.az\/ru\/wp-json\/wp\/v2\/comments?post=10656"}],"version-history":[{"count":1,"href":"https:\/\/www.beno.az\/ru\/wp-json\/wp\/v2\/product\/10656\/revisions"}],"predecessor-version":[{"id":10658,"href":"https:\/\/www.beno.az\/ru\/wp-json\/wp\/v2\/product\/10656\/revisions\/10658"}],"wp:featuredmedia":[{"embeddable":true,"href":"https:\/\/www.beno.az\/ru\/wp-json\/wp\/v2\/media\/10657"}],"wp:attachment":[{"href":"https:\/\/www.beno.az\/ru\/wp-json\/wp\/v2\/media?parent=10656"}],"wp:term":[{"taxonomy":"pwb-brand","embeddable":true,"href":"https:\/\/www.beno.az\/ru\/wp-json\/wp\/v2\/pwb-brand?post=10656"},{"taxonomy":"product_brand","embeddable":true,"href":"https:\/\/www.beno.az\/ru\/wp-json\/wp\/v2\/product_brand?post=10656"},{"taxonomy":"product_cat","embeddable":true,"href":"https:\/\/www.beno.az\/ru\/wp-json\/wp\/v2\/product_cat?post=10656"},{"taxonomy":"product_tag","embeddable":true,"href":"https:\/\/www.beno.az\/ru\/wp-json\/wp\/v2\/product_tag?post=10656"}],"curies":[{"name":"wp","href":"https:\/\/api.w.org\/{rel}","templated":true}]}}