{"id":10604,"date":"2023-07-05T12:58:14","date_gmt":"2023-07-05T09:58:14","guid":{"rendered":"https:\/\/www.beno.az\/?post_type=product&#038;p=10604"},"modified":"2023-07-05T12:58:15","modified_gmt":"2023-07-05T09:58:15","slug":"itl%c9%99r-ucun-qayis-amiplay-guard-samba-olcu-xs-25-32-sm-polipropilen-qirmizi","status":"publish","type":"product","link":"https:\/\/www.beno.az\/ru\/checkout\/itl%c9%99r-ucun-qayis-amiplay-guard-samba-olcu-xs-25-32-sm-polipropilen-qirmizi\/","title":{"rendered":"\u0130tl\u0259r \u00fc\u00e7\u00fcn qay\u0131\u015f Amiplay Guard Samba, \u00f6l\u00e7\u00fc XS, 25-32 sm, polipropilen, q\u0131rm\u0131z\u0131"},"content":{"rendered":"","protected":false},"excerpt":{"rendered":"","protected":false},"featured_media":10605,"comment_status":"open","ping_status":"closed","template":"","meta":[],"pwb-brand":[505],"product_brand":[],"product_cat":[16,30],"product_tag":[506],"class_list":{"0":"post-10604","1":"product","2":"type-product","3":"status-publish","4":"has-post-thumbnail","6":"pwb-brand-amiplay","7":"product_cat-it","8":"product_cat-xalta-it","9":"product_tag-qayis","11":"first","12":"instock","13":"shipping-taxable","14":"purchasable","15":"product-type-simple"},"pure_taxonomies":{"pwb-brand":[{"term_id":505,"name":"Amiplay","slug":"amiplay","term_group":0,"term_taxonomy_id":505,"taxonomy":"pwb-brand","description":"","parent":0,"count":3,"filter":"raw","image":""}],"product_cat":[{"term_id":16,"name":"\u0130TL\u018fR","slug":"it","term_group":0,"term_taxonomy_id":16,"taxonomy":"product_cat","description":"","parent":0,"count":228,"filter":"raw","image":""},{"term_id":30,"name":"Xalta, xalta qay\u0131\u015flar\u0131","slug":"xalta-it","term_group":0,"term_taxonomy_id":30,"taxonomy":"product_cat","description":"","parent":16,"count":19,"filter":"raw","image":""}],"product_tag":[{"term_id":506,"name":"qay\u0131\u015f","slug":"qayis","term_group":0,"term_taxonomy_id":506,"taxonomy":"product_tag","description":"","parent":0,"count":3,"filter":"raw","image":""}]},"brands":[{"id":505,"name":"Amiplay","slug":"amiplay"}],"_links":{"self":[{"href":"https:\/\/www.beno.az\/ru\/wp-json\/wp\/v2\/product\/10604","targetHints":{"allow":["GET"]}}],"collection":[{"href":"https:\/\/www.beno.az\/ru\/wp-json\/wp\/v2\/product"}],"about":[{"href":"https:\/\/www.beno.az\/ru\/wp-json\/wp\/v2\/types\/product"}],"replies":[{"embeddable":true,"href":"https:\/\/www.beno.az\/ru\/wp-json\/wp\/v2\/comments?post=10604"}],"version-history":[{"count":1,"href":"https:\/\/www.beno.az\/ru\/wp-json\/wp\/v2\/product\/10604\/revisions"}],"predecessor-version":[{"id":10606,"href":"https:\/\/www.beno.az\/ru\/wp-json\/wp\/v2\/product\/10604\/revisions\/10606"}],"wp:featuredmedia":[{"embeddable":true,"href":"https:\/\/www.beno.az\/ru\/wp-json\/wp\/v2\/media\/10605"}],"wp:attachment":[{"href":"https:\/\/www.beno.az\/ru\/wp-json\/wp\/v2\/media?parent=10604"}],"wp:term":[{"taxonomy":"pwb-brand","embeddable":true,"href":"https:\/\/www.beno.az\/ru\/wp-json\/wp\/v2\/pwb-brand?post=10604"},{"taxonomy":"product_brand","embeddable":true,"href":"https:\/\/www.beno.az\/ru\/wp-json\/wp\/v2\/product_brand?post=10604"},{"taxonomy":"product_cat","embeddable":true,"href":"https:\/\/www.beno.az\/ru\/wp-json\/wp\/v2\/product_cat?post=10604"},{"taxonomy":"product_tag","embeddable":true,"href":"https:\/\/www.beno.az\/ru\/wp-json\/wp\/v2\/product_tag?post=10604"}],"curies":[{"name":"wp","href":"https:\/\/api.w.org\/{rel}","templated":true}]}}