{"id":10588,"date":"2023-07-05T11:31:51","date_gmt":"2023-07-05T08:31:51","guid":{"rendered":"https:\/\/www.beno.az\/?post_type=product&#038;p=10588"},"modified":"2023-07-05T11:31:52","modified_gmt":"2023-07-05T08:31:52","slug":"itl%c9%99r-ucun-titbit-dental-qovsaq-sumuk-%e2%84%962-3%c9%99d","status":"publish","type":"product","link":"https:\/\/www.beno.az\/ru\/checkout\/itl%c9%99r-ucun-titbit-dental-qovsaq-sumuk-%e2%84%962-3%c9%99d\/","title":{"rendered":"\u0130tl\u0259r \u00fc\u00e7\u00fcn TiTBiT Dental+ Qov\u015faq s\u00fcm\u00fck \u21162, 3\u0259d"},"content":{"rendered":"","protected":false},"excerpt":{"rendered":"","protected":false},"featured_media":10589,"comment_status":"open","ping_status":"closed","template":"","meta":[],"pwb-brand":[503],"product_brand":[],"product_cat":[16,20],"product_tag":[502],"class_list":{"0":"post-10588","1":"product","2":"type-product","3":"status-publish","4":"has-post-thumbnail","6":"pwb-brand-titbit","7":"product_cat-it","8":"product_cat-vitaminlerveqidaelaveleri-it","9":"product_tag-vitamin","11":"first","12":"instock","13":"shipping-taxable","14":"purchasable","15":"product-type-simple"},"pure_taxonomies":{"pwb-brand":[{"term_id":503,"name":"Titbit","slug":"titbit","term_group":0,"term_taxonomy_id":503,"taxonomy":"pwb-brand","description":"","parent":0,"count":4,"filter":"raw","image":""}],"product_cat":[{"term_id":16,"name":"\u0130TL\u018fR","slug":"it","term_group":0,"term_taxonomy_id":16,"taxonomy":"product_cat","description":"","parent":0,"count":228,"filter":"raw","image":""},{"term_id":20,"name":"Vitaminl\u0259r v\u0259 qida \u0259lav\u0259l\u0259ri","slug":"vitaminlerveqidaelaveleri-it","term_group":0,"term_taxonomy_id":20,"taxonomy":"product_cat","description":"","parent":16,"count":19,"filter":"raw","image":""}],"product_tag":[{"term_id":502,"name":"vitamin","slug":"vitamin","term_group":0,"term_taxonomy_id":502,"taxonomy":"product_tag","description":"","parent":0,"count":7,"filter":"raw","image":""}]},"brands":[{"id":503,"name":"Titbit","slug":"titbit"}],"_links":{"self":[{"href":"https:\/\/www.beno.az\/ru\/wp-json\/wp\/v2\/product\/10588","targetHints":{"allow":["GET"]}}],"collection":[{"href":"https:\/\/www.beno.az\/ru\/wp-json\/wp\/v2\/product"}],"about":[{"href":"https:\/\/www.beno.az\/ru\/wp-json\/wp\/v2\/types\/product"}],"replies":[{"embeddable":true,"href":"https:\/\/www.beno.az\/ru\/wp-json\/wp\/v2\/comments?post=10588"}],"version-history":[{"count":1,"href":"https:\/\/www.beno.az\/ru\/wp-json\/wp\/v2\/product\/10588\/revisions"}],"predecessor-version":[{"id":10590,"href":"https:\/\/www.beno.az\/ru\/wp-json\/wp\/v2\/product\/10588\/revisions\/10590"}],"wp:featuredmedia":[{"embeddable":true,"href":"https:\/\/www.beno.az\/ru\/wp-json\/wp\/v2\/media\/10589"}],"wp:attachment":[{"href":"https:\/\/www.beno.az\/ru\/wp-json\/wp\/v2\/media?parent=10588"}],"wp:term":[{"taxonomy":"pwb-brand","embeddable":true,"href":"https:\/\/www.beno.az\/ru\/wp-json\/wp\/v2\/pwb-brand?post=10588"},{"taxonomy":"product_brand","embeddable":true,"href":"https:\/\/www.beno.az\/ru\/wp-json\/wp\/v2\/product_brand?post=10588"},{"taxonomy":"product_cat","embeddable":true,"href":"https:\/\/www.beno.az\/ru\/wp-json\/wp\/v2\/product_cat?post=10588"},{"taxonomy":"product_tag","embeddable":true,"href":"https:\/\/www.beno.az\/ru\/wp-json\/wp\/v2\/product_tag?post=10588"}],"curies":[{"name":"wp","href":"https:\/\/api.w.org\/{rel}","templated":true}]}}