{"id":10580,"date":"2023-07-05T11:27:04","date_gmt":"2023-07-05T08:27:04","guid":{"rendered":"https:\/\/www.beno.az\/?post_type=product&#038;p=10580"},"modified":"2023-07-05T11:27:04","modified_gmt":"2023-07-05T08:27:04","slug":"xirda-cinsli-itl%c9%99r-ucun-m%c9%99z%c9%99-titbit-dental-kurdan-mal-%c9%99ti-il%c9%99-26q","status":"publish","type":"product","link":"https:\/\/www.beno.az\/ru\/checkout\/xirda-cinsli-itl%c9%99r-ucun-m%c9%99z%c9%99-titbit-dental-kurdan-mal-%c9%99ti-il%c9%99-26q\/","title":{"rendered":"X\u0131rda cinsli itl\u0259r \u00fc\u00e7\u00fcn m\u0259z\u0259 TiTBiT Dental+ K\u00fcrdan mal \u0259ti il\u0259, 26q"},"content":{"rendered":"","protected":false},"excerpt":{"rendered":"","protected":false},"featured_media":10582,"comment_status":"open","ping_status":"closed","template":"","meta":[],"pwb-brand":[503],"product_brand":[],"product_cat":[16,20],"product_tag":[502],"class_list":{"0":"post-10580","1":"product","2":"type-product","3":"status-publish","4":"has-post-thumbnail","6":"pwb-brand-titbit","7":"product_cat-it","8":"product_cat-vitaminlerveqidaelaveleri-it","9":"product_tag-vitamin","11":"first","12":"instock","13":"shipping-taxable","14":"purchasable","15":"product-type-simple"},"pure_taxonomies":{"pwb-brand":[{"term_id":503,"name":"Titbit","slug":"titbit","term_group":0,"term_taxonomy_id":503,"taxonomy":"pwb-brand","description":"","parent":0,"count":4,"filter":"raw","image":""}],"product_cat":[{"term_id":16,"name":"\u0130TL\u018fR","slug":"it","term_group":0,"term_taxonomy_id":16,"taxonomy":"product_cat","description":"","parent":0,"count":228,"filter":"raw","image":""},{"term_id":20,"name":"Vitaminl\u0259r v\u0259 qida \u0259lav\u0259l\u0259ri","slug":"vitaminlerveqidaelaveleri-it","term_group":0,"term_taxonomy_id":20,"taxonomy":"product_cat","description":"","parent":16,"count":19,"filter":"raw","image":""}],"product_tag":[{"term_id":502,"name":"vitamin","slug":"vitamin","term_group":0,"term_taxonomy_id":502,"taxonomy":"product_tag","description":"","parent":0,"count":7,"filter":"raw","image":""}]},"brands":[{"id":503,"name":"Titbit","slug":"titbit"}],"_links":{"self":[{"href":"https:\/\/www.beno.az\/ru\/wp-json\/wp\/v2\/product\/10580","targetHints":{"allow":["GET"]}}],"collection":[{"href":"https:\/\/www.beno.az\/ru\/wp-json\/wp\/v2\/product"}],"about":[{"href":"https:\/\/www.beno.az\/ru\/wp-json\/wp\/v2\/types\/product"}],"replies":[{"embeddable":true,"href":"https:\/\/www.beno.az\/ru\/wp-json\/wp\/v2\/comments?post=10580"}],"version-history":[{"count":1,"href":"https:\/\/www.beno.az\/ru\/wp-json\/wp\/v2\/product\/10580\/revisions"}],"predecessor-version":[{"id":10583,"href":"https:\/\/www.beno.az\/ru\/wp-json\/wp\/v2\/product\/10580\/revisions\/10583"}],"wp:featuredmedia":[{"embeddable":true,"href":"https:\/\/www.beno.az\/ru\/wp-json\/wp\/v2\/media\/10582"}],"wp:attachment":[{"href":"https:\/\/www.beno.az\/ru\/wp-json\/wp\/v2\/media?parent=10580"}],"wp:term":[{"taxonomy":"pwb-brand","embeddable":true,"href":"https:\/\/www.beno.az\/ru\/wp-json\/wp\/v2\/pwb-brand?post=10580"},{"taxonomy":"product_brand","embeddable":true,"href":"https:\/\/www.beno.az\/ru\/wp-json\/wp\/v2\/product_brand?post=10580"},{"taxonomy":"product_cat","embeddable":true,"href":"https:\/\/www.beno.az\/ru\/wp-json\/wp\/v2\/product_cat?post=10580"},{"taxonomy":"product_tag","embeddable":true,"href":"https:\/\/www.beno.az\/ru\/wp-json\/wp\/v2\/product_tag?post=10580"}],"curies":[{"name":"wp","href":"https:\/\/api.w.org\/{rel}","templated":true}]}}