{"id":10552,"date":"2023-07-05T10:56:04","date_gmt":"2023-07-05T07:56:04","guid":{"rendered":"https:\/\/www.beno.az\/?post_type=product&#038;p=10552"},"modified":"2023-07-05T10:56:05","modified_gmt":"2023-07-05T07:56:05","slug":"iki-bolm%c9%99li-yem-qabi-beno-su-butulkasi-il%c9%99-xirda-v%c9%99-orta-cins-itl%c9%99r-ucun-mavi","status":"publish","type":"product","link":"https:\/\/www.beno.az\/ru\/checkout\/iki-bolm%c9%99li-yem-qabi-beno-su-butulkasi-il%c9%99-xirda-v%c9%99-orta-cins-itl%c9%99r-ucun-mavi\/","title":{"rendered":"\u0130ki b\u00f6lm\u0259li yem qab\u0131 Beno su butulkas\u0131 il\u0259, x\u0131rda v\u0259 orta cins itl\u0259r \u00fc\u00e7\u00fcn, mavi"},"content":{"rendered":"","protected":false},"excerpt":{"rendered":"","protected":false},"featured_media":10553,"comment_status":"open","ping_status":"closed","template":"","meta":[],"pwb-brand":[141],"product_brand":[],"product_cat":[21,46,16,31],"product_tag":[500],"class_list":{"0":"post-10552","1":"product","2":"type-product","3":"status-publish","4":"has-post-thumbnail","6":"pwb-brand-brend-beno","7":"product_cat-aksesurlar-it","8":"product_cat-aksesurlar-pisik","9":"product_cat-it","10":"product_cat-pisik","11":"product_tag-su-qabi","13":"first","14":"instock","15":"shipping-taxable","16":"purchasable","17":"product-type-simple"},"pure_taxonomies":{"pwb-brand":[{"term_id":141,"name":"Beno","slug":"brend-beno","term_group":0,"term_taxonomy_id":141,"taxonomy":"pwb-brand","description":"","parent":0,"count":46,"filter":"raw","image":""}],"product_cat":[{"term_id":21,"name":"Aksesuarlar","slug":"aksesurlar-it","term_group":0,"term_taxonomy_id":21,"taxonomy":"product_cat","description":"","parent":16,"count":5,"filter":"raw","image":""},{"term_id":46,"name":"Aksesuarlar","slug":"aksesurlar-pisik","term_group":0,"term_taxonomy_id":46,"taxonomy":"product_cat","description":"","parent":31,"count":10,"filter":"raw","image":""},{"term_id":16,"name":"\u0130TL\u018fR","slug":"it","term_group":0,"term_taxonomy_id":16,"taxonomy":"product_cat","description":"","parent":0,"count":228,"filter":"raw","image":""},{"term_id":31,"name":"Pi\u015fiyimiz","slug":"pisik","term_group":0,"term_taxonomy_id":31,"taxonomy":"product_cat","description":"","parent":0,"count":275,"filter":"raw","image":""}],"product_tag":[{"term_id":500,"name":"su qab\u0131","slug":"su-qabi","term_group":0,"term_taxonomy_id":500,"taxonomy":"product_tag","description":"","parent":0,"count":4,"filter":"raw","image":""}]},"brands":[{"id":141,"name":"Beno","slug":"brend-beno"}],"_links":{"self":[{"href":"https:\/\/www.beno.az\/ru\/wp-json\/wp\/v2\/product\/10552","targetHints":{"allow":["GET"]}}],"collection":[{"href":"https:\/\/www.beno.az\/ru\/wp-json\/wp\/v2\/product"}],"about":[{"href":"https:\/\/www.beno.az\/ru\/wp-json\/wp\/v2\/types\/product"}],"replies":[{"embeddable":true,"href":"https:\/\/www.beno.az\/ru\/wp-json\/wp\/v2\/comments?post=10552"}],"version-history":[{"count":1,"href":"https:\/\/www.beno.az\/ru\/wp-json\/wp\/v2\/product\/10552\/revisions"}],"predecessor-version":[{"id":10554,"href":"https:\/\/www.beno.az\/ru\/wp-json\/wp\/v2\/product\/10552\/revisions\/10554"}],"wp:featuredmedia":[{"embeddable":true,"href":"https:\/\/www.beno.az\/ru\/wp-json\/wp\/v2\/media\/10553"}],"wp:attachment":[{"href":"https:\/\/www.beno.az\/ru\/wp-json\/wp\/v2\/media?parent=10552"}],"wp:term":[{"taxonomy":"pwb-brand","embeddable":true,"href":"https:\/\/www.beno.az\/ru\/wp-json\/wp\/v2\/pwb-brand?post=10552"},{"taxonomy":"product_brand","embeddable":true,"href":"https:\/\/www.beno.az\/ru\/wp-json\/wp\/v2\/product_brand?post=10552"},{"taxonomy":"product_cat","embeddable":true,"href":"https:\/\/www.beno.az\/ru\/wp-json\/wp\/v2\/product_cat?post=10552"},{"taxonomy":"product_tag","embeddable":true,"href":"https:\/\/www.beno.az\/ru\/wp-json\/wp\/v2\/product_tag?post=10552"}],"curies":[{"name":"wp","href":"https:\/\/api.w.org\/{rel}","templated":true}]}}