{"id":10521,"date":"2023-07-04T16:47:12","date_gmt":"2023-07-04T13:47:12","guid":{"rendered":"https:\/\/www.beno.az\/?post_type=product&#038;p=10521"},"modified":"2023-07-04T16:47:12","modified_gmt":"2023-07-04T13:47:12","slug":"keramik-qab-ferplast-giove-g%c9%99mirici-ucun-250-ml-m%c9%99hsul-cesidd%c9%99","status":"publish","type":"product","link":"https:\/\/www.beno.az\/ru\/checkout\/keramik-qab-ferplast-giove-g%c9%99mirici-ucun-250-ml-m%c9%99hsul-cesidd%c9%99\/","title":{"rendered":"Keramik qab Ferplast Giove g\u0259mirici \u00fc\u00e7\u00fcn, 250 ml, m\u0259hsul \u00e7e\u015fidd\u0259"},"content":{"rendered":"","protected":false},"excerpt":{"rendered":"","protected":false},"featured_media":10522,"comment_status":"open","ping_status":"closed","template":"","meta":[],"pwb-brand":[480],"product_brand":[],"product_cat":[59,54],"product_tag":[495],"class_list":{"0":"post-10521","1":"product","2":"type-product","3":"status-publish","4":"has-post-thumbnail","6":"pwb-brand-ferplast","7":"product_cat-aksesuarlar-gemirici","8":"product_cat-gemirici","9":"product_tag-gmirici-aksesuar","11":"first","12":"instock","13":"shipping-taxable","14":"purchasable","15":"product-type-simple"},"pure_taxonomies":{"pwb-brand":[{"term_id":480,"name":"Ferplast","slug":"ferplast","term_group":0,"term_taxonomy_id":480,"taxonomy":"pwb-brand","description":"","parent":0,"count":13,"filter":"raw","image":""}],"product_cat":[{"term_id":59,"name":"Aksesuarlar","slug":"aksesuarlar-gemirici","term_group":0,"term_taxonomy_id":59,"taxonomy":"product_cat","description":"","parent":54,"count":5,"filter":"raw","image":""},{"term_id":54,"name":"G\u018fM\u0130R\u0130C\u0130L\u018fR","slug":"gemirici","term_group":0,"term_taxonomy_id":54,"taxonomy":"product_cat","description":"","parent":0,"count":13,"filter":"raw","image":""}],"product_tag":[{"term_id":495,"name":"g\u0259mirici aksesuar","slug":"g%c9%99mirici-aksesuar","term_group":0,"term_taxonomy_id":495,"taxonomy":"product_tag","description":"","parent":0,"count":2,"filter":"raw","image":""}]},"brands":[{"id":480,"name":"Ferplast","slug":"ferplast"}],"_links":{"self":[{"href":"https:\/\/www.beno.az\/ru\/wp-json\/wp\/v2\/product\/10521","targetHints":{"allow":["GET"]}}],"collection":[{"href":"https:\/\/www.beno.az\/ru\/wp-json\/wp\/v2\/product"}],"about":[{"href":"https:\/\/www.beno.az\/ru\/wp-json\/wp\/v2\/types\/product"}],"replies":[{"embeddable":true,"href":"https:\/\/www.beno.az\/ru\/wp-json\/wp\/v2\/comments?post=10521"}],"version-history":[{"count":1,"href":"https:\/\/www.beno.az\/ru\/wp-json\/wp\/v2\/product\/10521\/revisions"}],"predecessor-version":[{"id":10523,"href":"https:\/\/www.beno.az\/ru\/wp-json\/wp\/v2\/product\/10521\/revisions\/10523"}],"wp:featuredmedia":[{"embeddable":true,"href":"https:\/\/www.beno.az\/ru\/wp-json\/wp\/v2\/media\/10522"}],"wp:attachment":[{"href":"https:\/\/www.beno.az\/ru\/wp-json\/wp\/v2\/media?parent=10521"}],"wp:term":[{"taxonomy":"pwb-brand","embeddable":true,"href":"https:\/\/www.beno.az\/ru\/wp-json\/wp\/v2\/pwb-brand?post=10521"},{"taxonomy":"product_brand","embeddable":true,"href":"https:\/\/www.beno.az\/ru\/wp-json\/wp\/v2\/product_brand?post=10521"},{"taxonomy":"product_cat","embeddable":true,"href":"https:\/\/www.beno.az\/ru\/wp-json\/wp\/v2\/product_cat?post=10521"},{"taxonomy":"product_tag","embeddable":true,"href":"https:\/\/www.beno.az\/ru\/wp-json\/wp\/v2\/product_tag?post=10521"}],"curies":[{"name":"wp","href":"https:\/\/api.w.org\/{rel}","templated":true}]}}