{"id":10495,"date":"2023-07-04T16:23:15","date_gmt":"2023-07-04T13:23:15","guid":{"rendered":"https:\/\/www.beno.az\/?post_type=product&#038;p=10495"},"modified":"2023-07-04T16:23:16","modified_gmt":"2023-07-04T13:23:16","slug":"yem-dagsicani-ucun-quik-hamster-500-q","status":"publish","type":"product","link":"https:\/\/www.beno.az\/ru\/checkout\/yem-dagsicani-ucun-quik-hamster-500-q\/","title":{"rendered":"Yem da\u011fsi\u00e7an\u0131 \u00fc\u00e7\u00fcn Quik Hamster, 500 q"},"content":{"rendered":"","protected":false},"excerpt":{"rendered":"","protected":false},"featured_media":10496,"comment_status":"open","ping_status":"closed","template":"","meta":[],"pwb-brand":[489],"product_brand":[],"product_cat":[54,55],"product_tag":[493,492],"class_list":{"0":"post-10495","1":"product","2":"type-product","3":"status-publish","4":"has-post-thumbnail","6":"pwb-brand-quik-extra","7":"product_cat-gemirici","8":"product_cat-yem-quruot-gemirici","9":"product_tag-gmirici-yem","10":"product_tag-quik","12":"first","13":"instock","14":"shipping-taxable","15":"purchasable","16":"product-type-simple"},"pure_taxonomies":{"pwb-brand":[{"term_id":489,"name":"Quik Extra","slug":"quik-extra","term_group":0,"term_taxonomy_id":489,"taxonomy":"pwb-brand","description":"","parent":0,"count":3,"filter":"raw","image":""}],"product_cat":[{"term_id":54,"name":"G\u018fM\u0130R\u0130C\u0130L\u018fR","slug":"gemirici","term_group":0,"term_taxonomy_id":54,"taxonomy":"product_cat","description":"","parent":0,"count":13,"filter":"raw","image":""},{"term_id":55,"name":"Yem, quru ot","slug":"yem-quruot-gemirici","term_group":0,"term_taxonomy_id":55,"taxonomy":"product_cat","description":"","parent":54,"count":4,"filter":"raw","image":""}],"product_tag":[{"term_id":493,"name":"g\u0259mirici yem","slug":"g%c9%99mirici-yem","term_group":0,"term_taxonomy_id":493,"taxonomy":"product_tag","description":"","parent":0,"count":4,"filter":"raw","image":""},{"term_id":492,"name":"Quik","slug":"quik","term_group":0,"term_taxonomy_id":492,"taxonomy":"product_tag","description":"","parent":0,"count":1,"filter":"raw","image":""}]},"brands":[{"id":489,"name":"Quik Extra","slug":"quik-extra"}],"_links":{"self":[{"href":"https:\/\/www.beno.az\/ru\/wp-json\/wp\/v2\/product\/10495","targetHints":{"allow":["GET"]}}],"collection":[{"href":"https:\/\/www.beno.az\/ru\/wp-json\/wp\/v2\/product"}],"about":[{"href":"https:\/\/www.beno.az\/ru\/wp-json\/wp\/v2\/types\/product"}],"replies":[{"embeddable":true,"href":"https:\/\/www.beno.az\/ru\/wp-json\/wp\/v2\/comments?post=10495"}],"version-history":[{"count":1,"href":"https:\/\/www.beno.az\/ru\/wp-json\/wp\/v2\/product\/10495\/revisions"}],"predecessor-version":[{"id":10497,"href":"https:\/\/www.beno.az\/ru\/wp-json\/wp\/v2\/product\/10495\/revisions\/10497"}],"wp:featuredmedia":[{"embeddable":true,"href":"https:\/\/www.beno.az\/ru\/wp-json\/wp\/v2\/media\/10496"}],"wp:attachment":[{"href":"https:\/\/www.beno.az\/ru\/wp-json\/wp\/v2\/media?parent=10495"}],"wp:term":[{"taxonomy":"pwb-brand","embeddable":true,"href":"https:\/\/www.beno.az\/ru\/wp-json\/wp\/v2\/pwb-brand?post=10495"},{"taxonomy":"product_brand","embeddable":true,"href":"https:\/\/www.beno.az\/ru\/wp-json\/wp\/v2\/product_brand?post=10495"},{"taxonomy":"product_cat","embeddable":true,"href":"https:\/\/www.beno.az\/ru\/wp-json\/wp\/v2\/product_cat?post=10495"},{"taxonomy":"product_tag","embeddable":true,"href":"https:\/\/www.beno.az\/ru\/wp-json\/wp\/v2\/product_tag?post=10495"}],"curies":[{"name":"wp","href":"https:\/\/api.w.org\/{rel}","templated":true}]}}