{"id":10484,"date":"2023-07-04T16:12:40","date_gmt":"2023-07-04T13:12:40","guid":{"rendered":"https:\/\/www.beno.az\/?post_type=product&#038;p=10484"},"modified":"2023-07-04T16:12:41","modified_gmt":"2023-07-04T13:12:41","slug":"quslar-ucun-qum-quik-extra-calcium-bird-sand-250-q","status":"publish","type":"product","link":"https:\/\/www.beno.az\/ru\/checkout\/quslar-ucun-qum-quik-extra-calcium-bird-sand-250-q\/","title":{"rendered":"Qu\u015flar \u00fc\u00e7\u00fcn qum Quik Extra Calcium Bird Sand, 250 q"},"content":{"rendered":"","protected":false},"excerpt":{"rendered":"","protected":false},"featured_media":10485,"comment_status":"open","ping_status":"closed","template":"","meta":[],"pwb-brand":[489],"product_brand":[],"product_cat":[47],"product_tag":[490,491],"class_list":{"0":"post-10484","1":"product","2":"type-product","3":"status-publish","4":"has-post-thumbnail","6":"pwb-brand-quik-extra","7":"product_cat-qus","8":"product_tag-qus-doldurucu","9":"product_tag-qus-qum","11":"first","12":"instock","13":"shipping-taxable","14":"purchasable","15":"product-type-simple"},"pure_taxonomies":{"pwb-brand":[{"term_id":489,"name":"Quik Extra","slug":"quik-extra","term_group":0,"term_taxonomy_id":489,"taxonomy":"pwb-brand","description":"","parent":0,"count":3,"filter":"raw","image":""}],"product_cat":[{"term_id":47,"name":"QU\u015eLAR","slug":"qus","term_group":0,"term_taxonomy_id":47,"taxonomy":"product_cat","description":"","parent":0,"count":26,"filter":"raw","image":""}],"product_tag":[{"term_id":490,"name":"qu\u015f doldurucu","slug":"qus-doldurucu","term_group":0,"term_taxonomy_id":490,"taxonomy":"product_tag","description":"","parent":0,"count":1,"filter":"raw","image":""},{"term_id":491,"name":"qu\u015f qum","slug":"qus-qum","term_group":0,"term_taxonomy_id":491,"taxonomy":"product_tag","description":"","parent":0,"count":3,"filter":"raw","image":""}]},"brands":[{"id":489,"name":"Quik Extra","slug":"quik-extra"}],"_links":{"self":[{"href":"https:\/\/www.beno.az\/ru\/wp-json\/wp\/v2\/product\/10484","targetHints":{"allow":["GET"]}}],"collection":[{"href":"https:\/\/www.beno.az\/ru\/wp-json\/wp\/v2\/product"}],"about":[{"href":"https:\/\/www.beno.az\/ru\/wp-json\/wp\/v2\/types\/product"}],"replies":[{"embeddable":true,"href":"https:\/\/www.beno.az\/ru\/wp-json\/wp\/v2\/comments?post=10484"}],"version-history":[{"count":1,"href":"https:\/\/www.beno.az\/ru\/wp-json\/wp\/v2\/product\/10484\/revisions"}],"predecessor-version":[{"id":10486,"href":"https:\/\/www.beno.az\/ru\/wp-json\/wp\/v2\/product\/10484\/revisions\/10486"}],"wp:featuredmedia":[{"embeddable":true,"href":"https:\/\/www.beno.az\/ru\/wp-json\/wp\/v2\/media\/10485"}],"wp:attachment":[{"href":"https:\/\/www.beno.az\/ru\/wp-json\/wp\/v2\/media?parent=10484"}],"wp:term":[{"taxonomy":"pwb-brand","embeddable":true,"href":"https:\/\/www.beno.az\/ru\/wp-json\/wp\/v2\/pwb-brand?post=10484"},{"taxonomy":"product_brand","embeddable":true,"href":"https:\/\/www.beno.az\/ru\/wp-json\/wp\/v2\/product_brand?post=10484"},{"taxonomy":"product_cat","embeddable":true,"href":"https:\/\/www.beno.az\/ru\/wp-json\/wp\/v2\/product_cat?post=10484"},{"taxonomy":"product_tag","embeddable":true,"href":"https:\/\/www.beno.az\/ru\/wp-json\/wp\/v2\/product_tag?post=10484"}],"curies":[{"name":"wp","href":"https:\/\/api.w.org\/{rel}","templated":true}]}}