{"id":10441,"date":"2023-07-04T12:00:31","date_gmt":"2023-07-04T09:00:31","guid":{"rendered":"https:\/\/www.beno.az\/?post_type=product&#038;p=10441"},"modified":"2023-07-04T12:00:31","modified_gmt":"2023-07-04T09:00:31","slug":"ferplast-universal-su-qabi-quslar-ucun-50-ml","status":"publish","type":"product","link":"https:\/\/www.beno.az\/ru\/checkout\/ferplast-universal-su-qabi-quslar-ucun-50-ml\/","title":{"rendered":"Ferplast Universal Su Qab\u0131, Qu\u015flar \u00dc\u00e7\u00fcn, 50 Ml"},"content":{"rendered":"<div class=\"form-group box-info-product\">Ferplast Universal &#8211; qu\u015f q\u0259f\u0259sl\u0259ri \u00fc\u00e7\u00fcn su qab\u0131.<\/div>\n<div id=\"product\"><\/div>","protected":false},"excerpt":{"rendered":"<p>Ferplast Universal &#8211; qu\u015f q\u0259f\u0259sl\u0259ri \u00fc\u00e7\u00fcn su qab\u0131.<\/p>","protected":false},"featured_media":10443,"comment_status":"open","ping_status":"closed","template":"","meta":[],"pwb-brand":[480],"product_brand":[],"product_cat":[52,47],"product_tag":[481],"class_list":{"0":"post-10441","1":"product","2":"type-product","3":"status-publish","4":"has-post-thumbnail","6":"pwb-brand-ferplast","7":"product_cat-aksesuar-qush","8":"product_cat-qus","9":"product_tag-qus-su-qabi","11":"first","12":"instock","13":"shipping-taxable","14":"purchasable","15":"product-type-simple"},"pure_taxonomies":{"pwb-brand":[{"term_id":480,"name":"Ferplast","slug":"ferplast","term_group":0,"term_taxonomy_id":480,"taxonomy":"pwb-brand","description":"","parent":0,"count":13,"filter":"raw","image":""}],"product_cat":[{"term_id":52,"name":"Aksesuarlar","slug":"aksesuar-qush","term_group":0,"term_taxonomy_id":52,"taxonomy":"product_cat","description":"","parent":47,"count":5,"filter":"raw","image":""},{"term_id":47,"name":"QU\u015eLAR","slug":"qus","term_group":0,"term_taxonomy_id":47,"taxonomy":"product_cat","description":"","parent":0,"count":26,"filter":"raw","image":""}],"product_tag":[{"term_id":481,"name":"qu\u015f su qab\u0131","slug":"qus-su-qabi","term_group":0,"term_taxonomy_id":481,"taxonomy":"product_tag","description":"","parent":0,"count":1,"filter":"raw","image":""}]},"brands":[{"id":480,"name":"Ferplast","slug":"ferplast"}],"_links":{"self":[{"href":"https:\/\/www.beno.az\/ru\/wp-json\/wp\/v2\/product\/10441","targetHints":{"allow":["GET"]}}],"collection":[{"href":"https:\/\/www.beno.az\/ru\/wp-json\/wp\/v2\/product"}],"about":[{"href":"https:\/\/www.beno.az\/ru\/wp-json\/wp\/v2\/types\/product"}],"replies":[{"embeddable":true,"href":"https:\/\/www.beno.az\/ru\/wp-json\/wp\/v2\/comments?post=10441"}],"version-history":[{"count":1,"href":"https:\/\/www.beno.az\/ru\/wp-json\/wp\/v2\/product\/10441\/revisions"}],"predecessor-version":[{"id":10444,"href":"https:\/\/www.beno.az\/ru\/wp-json\/wp\/v2\/product\/10441\/revisions\/10444"}],"wp:featuredmedia":[{"embeddable":true,"href":"https:\/\/www.beno.az\/ru\/wp-json\/wp\/v2\/media\/10443"}],"wp:attachment":[{"href":"https:\/\/www.beno.az\/ru\/wp-json\/wp\/v2\/media?parent=10441"}],"wp:term":[{"taxonomy":"pwb-brand","embeddable":true,"href":"https:\/\/www.beno.az\/ru\/wp-json\/wp\/v2\/pwb-brand?post=10441"},{"taxonomy":"product_brand","embeddable":true,"href":"https:\/\/www.beno.az\/ru\/wp-json\/wp\/v2\/product_brand?post=10441"},{"taxonomy":"product_cat","embeddable":true,"href":"https:\/\/www.beno.az\/ru\/wp-json\/wp\/v2\/product_cat?post=10441"},{"taxonomy":"product_tag","embeddable":true,"href":"https:\/\/www.beno.az\/ru\/wp-json\/wp\/v2\/product_tag?post=10441"}],"curies":[{"name":"wp","href":"https:\/\/api.w.org\/{rel}","templated":true}]}}