{"id":10420,"date":"2023-07-04T11:28:18","date_gmt":"2023-07-04T08:28:18","guid":{"rendered":"https:\/\/www.beno.az\/?post_type=product&#038;p=10420"},"modified":"2023-07-05T09:59:00","modified_gmt":"2023-07-05T06:59:00","slug":"rio-mes%c9%99-quslari-ucun-yem-500-q","status":"publish","type":"product","link":"https:\/\/www.beno.az\/ru\/checkout\/rio-mes%c9%99-quslari-ucun-yem-500-q\/","title":{"rendered":"Rio Me\u015f\u0259 Qu\u015flar\u0131 \u00dc\u00e7\u00fcn Yem, 500 Q"},"content":{"rendered":"<p>Rio Me\u015f\u0259 qu\u015flar\u0131 \u00fc\u00e7\u00fcn yem sifari\u015fini onlayn zoo ma\u011fazam\u0131zdan ed\u0259 bil\u0259rsiniz. 24 saata \u00e7atd\u0131r\u0131lma. Qap\u0131da \u00f6d\u0259ni\u015f imkan\u0131.<\/p>","protected":false},"excerpt":{"rendered":"<p>Rio Me\u015f\u0259 qu\u015flar\u0131 \u00fc\u00e7\u00fcn yem sifari\u015fini onlayn zoo ma\u011fazam\u0131zdan ed\u0259 bil\u0259rsiniz. 24 saata \u00e7atd\u0131r\u0131lma. Qap\u0131da \u00f6d\u0259ni\u015f imkan\u0131.<\/p>","protected":false},"featured_media":10532,"comment_status":"open","ping_status":"closed","template":"","meta":[],"pwb-brand":[478],"product_brand":[],"product_cat":[47,48],"product_tag":[479],"class_list":{"0":"post-10420","1":"product","2":"type-product","3":"status-publish","4":"has-post-thumbnail","6":"pwb-brand-rio","7":"product_cat-qus","8":"product_cat-yem-qus","9":"product_tag-qus-yemi","11":"first","12":"instock","13":"shipping-taxable","14":"purchasable","15":"product-type-simple"},"pure_taxonomies":{"pwb-brand":[{"term_id":478,"name":"Rio","slug":"rio","term_group":0,"term_taxonomy_id":478,"taxonomy":"pwb-brand","description":"","parent":0,"count":8,"filter":"raw","image":""}],"product_cat":[{"term_id":47,"name":"QU\u015eLAR","slug":"qus","term_group":0,"term_taxonomy_id":47,"taxonomy":"product_cat","description":"","parent":0,"count":26,"filter":"raw","image":""},{"term_id":48,"name":"Yem","slug":"yem-qus","term_group":0,"term_taxonomy_id":48,"taxonomy":"product_cat","description":"","parent":47,"count":8,"filter":"raw","image":""}],"product_tag":[{"term_id":479,"name":"qus yemi","slug":"qus-yemi","term_group":0,"term_taxonomy_id":479,"taxonomy":"product_tag","description":"","parent":0,"count":8,"filter":"raw","image":""}]},"brands":[{"id":478,"name":"Rio","slug":"rio"}],"_links":{"self":[{"href":"https:\/\/www.beno.az\/ru\/wp-json\/wp\/v2\/product\/10420","targetHints":{"allow":["GET"]}}],"collection":[{"href":"https:\/\/www.beno.az\/ru\/wp-json\/wp\/v2\/product"}],"about":[{"href":"https:\/\/www.beno.az\/ru\/wp-json\/wp\/v2\/types\/product"}],"replies":[{"embeddable":true,"href":"https:\/\/www.beno.az\/ru\/wp-json\/wp\/v2\/comments?post=10420"}],"version-history":[{"count":1,"href":"https:\/\/www.beno.az\/ru\/wp-json\/wp\/v2\/product\/10420\/revisions"}],"predecessor-version":[{"id":10422,"href":"https:\/\/www.beno.az\/ru\/wp-json\/wp\/v2\/product\/10420\/revisions\/10422"}],"wp:featuredmedia":[{"embeddable":true,"href":"https:\/\/www.beno.az\/ru\/wp-json\/wp\/v2\/media\/10532"}],"wp:attachment":[{"href":"https:\/\/www.beno.az\/ru\/wp-json\/wp\/v2\/media?parent=10420"}],"wp:term":[{"taxonomy":"pwb-brand","embeddable":true,"href":"https:\/\/www.beno.az\/ru\/wp-json\/wp\/v2\/pwb-brand?post=10420"},{"taxonomy":"product_brand","embeddable":true,"href":"https:\/\/www.beno.az\/ru\/wp-json\/wp\/v2\/product_brand?post=10420"},{"taxonomy":"product_cat","embeddable":true,"href":"https:\/\/www.beno.az\/ru\/wp-json\/wp\/v2\/product_cat?post=10420"},{"taxonomy":"product_tag","embeddable":true,"href":"https:\/\/www.beno.az\/ru\/wp-json\/wp\/v2\/product_tag?post=10420"}],"curies":[{"name":"wp","href":"https:\/\/api.w.org\/{rel}","templated":true}]}}