{"id":10414,"date":"2023-07-04T11:25:56","date_gmt":"2023-07-04T08:25:56","guid":{"rendered":"https:\/\/www.beno.az\/?post_type=product&#038;p=10414"},"modified":"2023-07-05T09:51:53","modified_gmt":"2023-07-05T06:51:53","slug":"rio-saribulbul-quslar-ucun-yem-500-q","status":"publish","type":"product","link":"https:\/\/www.beno.az\/ru\/checkout\/rio-saribulbul-quslar-ucun-yem-500-q\/","title":{"rendered":"Rio Sar\u0131b\u00fclb\u00fcl Qu\u015flar \u00dc\u00e7\u00fcn Yem, 500 Q"},"content":{"rendered":"<p><span style=\"font-family: Helvetica;\">Rio\u00a0<b>Sar\u0131b\u00fclb\u00fcl qu\u015flar \u00fc\u00e7\u00fcn yem<\/b>.\u00a0\u018f<\/span><span style=\"font-family: Helvetica;\">n faydal\u0131 v\u0259 sevimli tax\u0131l v\u0259 toxumlar\u0131 ehtiva ed\u0259n diqq\u0259tl\u0259 balansla\u015fd\u0131r\u0131lm\u0131\u015f bir tax\u0131l qar\u0131\u015f\u0131\u011f\u0131.<\/span><\/p>","protected":false},"excerpt":{"rendered":"<p>Rio\u00a0Sar\u0131b\u00fclb\u00fcl qu\u015flar \u00fc\u00e7\u00fcn yem.\u00a0\u018fn faydal\u0131 v\u0259 sevimli tax\u0131l v\u0259 toxumlar\u0131 ehtiva ed\u0259n diqq\u0259tl\u0259 balansla\u015fd\u0131r\u0131lm\u0131\u015f bir tax\u0131l qar\u0131\u015f\u0131\u011f\u0131.<\/p>","protected":false},"featured_media":10531,"comment_status":"open","ping_status":"closed","template":"","meta":[],"pwb-brand":[478],"product_brand":[],"product_cat":[47,48],"product_tag":[479],"class_list":{"0":"post-10414","1":"product","2":"type-product","3":"status-publish","4":"has-post-thumbnail","6":"pwb-brand-rio","7":"product_cat-qus","8":"product_cat-yem-qus","9":"product_tag-qus-yemi","11":"first","12":"instock","13":"shipping-taxable","14":"purchasable","15":"product-type-simple"},"pure_taxonomies":{"pwb-brand":[{"term_id":478,"name":"Rio","slug":"rio","term_group":0,"term_taxonomy_id":478,"taxonomy":"pwb-brand","description":"","parent":0,"count":8,"filter":"raw","image":""}],"product_cat":[{"term_id":47,"name":"QU\u015eLAR","slug":"qus","term_group":0,"term_taxonomy_id":47,"taxonomy":"product_cat","description":"","parent":0,"count":26,"filter":"raw","image":""},{"term_id":48,"name":"Yem","slug":"yem-qus","term_group":0,"term_taxonomy_id":48,"taxonomy":"product_cat","description":"","parent":47,"count":8,"filter":"raw","image":""}],"product_tag":[{"term_id":479,"name":"qus yemi","slug":"qus-yemi","term_group":0,"term_taxonomy_id":479,"taxonomy":"product_tag","description":"","parent":0,"count":8,"filter":"raw","image":""}]},"brands":[{"id":478,"name":"Rio","slug":"rio"}],"_links":{"self":[{"href":"https:\/\/www.beno.az\/ru\/wp-json\/wp\/v2\/product\/10414","targetHints":{"allow":["GET"]}}],"collection":[{"href":"https:\/\/www.beno.az\/ru\/wp-json\/wp\/v2\/product"}],"about":[{"href":"https:\/\/www.beno.az\/ru\/wp-json\/wp\/v2\/types\/product"}],"replies":[{"embeddable":true,"href":"https:\/\/www.beno.az\/ru\/wp-json\/wp\/v2\/comments?post=10414"}],"version-history":[{"count":1,"href":"https:\/\/www.beno.az\/ru\/wp-json\/wp\/v2\/product\/10414\/revisions"}],"predecessor-version":[{"id":10416,"href":"https:\/\/www.beno.az\/ru\/wp-json\/wp\/v2\/product\/10414\/revisions\/10416"}],"wp:featuredmedia":[{"embeddable":true,"href":"https:\/\/www.beno.az\/ru\/wp-json\/wp\/v2\/media\/10531"}],"wp:attachment":[{"href":"https:\/\/www.beno.az\/ru\/wp-json\/wp\/v2\/media?parent=10414"}],"wp:term":[{"taxonomy":"pwb-brand","embeddable":true,"href":"https:\/\/www.beno.az\/ru\/wp-json\/wp\/v2\/pwb-brand?post=10414"},{"taxonomy":"product_brand","embeddable":true,"href":"https:\/\/www.beno.az\/ru\/wp-json\/wp\/v2\/product_brand?post=10414"},{"taxonomy":"product_cat","embeddable":true,"href":"https:\/\/www.beno.az\/ru\/wp-json\/wp\/v2\/product_cat?post=10414"},{"taxonomy":"product_tag","embeddable":true,"href":"https:\/\/www.beno.az\/ru\/wp-json\/wp\/v2\/product_tag?post=10414"}],"curies":[{"name":"wp","href":"https:\/\/api.w.org\/{rel}","templated":true}]}}