{"id":1032,"date":"2023-02-08T11:36:26","date_gmt":"2023-02-08T08:36:26","guid":{"rendered":"https:\/\/www.beno.az\/?post_type=product&#038;p=1032"},"modified":"2023-02-08T11:36:27","modified_gmt":"2023-02-08T08:36:27","slug":"club-4-paws-orta-v%c9%99-boyuk-cinsl%c9%99rin-yetkin-itl%c9%99r-ucun-c%c9%99i-il%c9%99-1-kq","status":"publish","type":"product","link":"https:\/\/www.beno.az\/ru\/checkout\/club-4-paws-orta-v%c9%99-boyuk-cinsl%c9%99rin-yetkin-itl%c9%99r-ucun-c%c9%99i-il%c9%99-1-kq\/","title":{"rendered":"Club 4 Paws orta v\u0259 b\u00f6y\u00fck cinsl\u0259rin yetkin itl\u0259r \u00fc\u00e7\u00fcn (\u00e7\u0259i il\u0259) 1 kq"},"content":{"rendered":"","protected":false},"excerpt":{"rendered":"","protected":false},"featured_media":1033,"comment_status":"open","ping_status":"closed","template":"","meta":[],"pwb-brand":[232],"product_brand":[],"product_cat":[16,18],"product_tag":[],"class_list":{"0":"post-1032","1":"product","2":"type-product","3":"status-publish","4":"has-post-thumbnail","6":"pwb-brand-club-4-paws","7":"product_cat-it","8":"product_cat-quruyemler-ceki-ile-it","10":"first","11":"instock","12":"shipping-taxable","13":"product-type-simple"},"pure_taxonomies":{"pwb-brand":[{"term_id":232,"name":"Club 4 Paws","slug":"club-4-paws","term_group":0,"term_taxonomy_id":232,"taxonomy":"pwb-brand","description":"","parent":0,"count":8,"filter":"raw","image":""}],"product_cat":[{"term_id":16,"name":"\u0130TL\u018fR","slug":"it","term_group":0,"term_taxonomy_id":16,"taxonomy":"product_cat","description":"","parent":0,"count":228,"filter":"raw","image":""},{"term_id":18,"name":"Quru yeml\u0259r \u00e7\u0259ki il\u0259","slug":"quruyemler-ceki-ile-it","term_group":0,"term_taxonomy_id":18,"taxonomy":"product_cat","description":"","parent":16,"count":35,"filter":"raw","image":""}]},"brands":[{"id":232,"name":"Club 4 Paws","slug":"club-4-paws"}],"_links":{"self":[{"href":"https:\/\/www.beno.az\/ru\/wp-json\/wp\/v2\/product\/1032","targetHints":{"allow":["GET"]}}],"collection":[{"href":"https:\/\/www.beno.az\/ru\/wp-json\/wp\/v2\/product"}],"about":[{"href":"https:\/\/www.beno.az\/ru\/wp-json\/wp\/v2\/types\/product"}],"replies":[{"embeddable":true,"href":"https:\/\/www.beno.az\/ru\/wp-json\/wp\/v2\/comments?post=1032"}],"version-history":[{"count":0,"href":"https:\/\/www.beno.az\/ru\/wp-json\/wp\/v2\/product\/1032\/revisions"}],"wp:featuredmedia":[{"embeddable":true,"href":"https:\/\/www.beno.az\/ru\/wp-json\/wp\/v2\/media\/1033"}],"wp:attachment":[{"href":"https:\/\/www.beno.az\/ru\/wp-json\/wp\/v2\/media?parent=1032"}],"wp:term":[{"taxonomy":"pwb-brand","embeddable":true,"href":"https:\/\/www.beno.az\/ru\/wp-json\/wp\/v2\/pwb-brand?post=1032"},{"taxonomy":"product_brand","embeddable":true,"href":"https:\/\/www.beno.az\/ru\/wp-json\/wp\/v2\/product_brand?post=1032"},{"taxonomy":"product_cat","embeddable":true,"href":"https:\/\/www.beno.az\/ru\/wp-json\/wp\/v2\/product_cat?post=1032"},{"taxonomy":"product_tag","embeddable":true,"href":"https:\/\/www.beno.az\/ru\/wp-json\/wp\/v2\/product_tag?post=1032"}],"curies":[{"name":"wp","href":"https:\/\/api.w.org\/{rel}","templated":true}]}}