{"id":1030,"date":"2023-02-08T11:32:42","date_gmt":"2023-02-08T08:32:42","guid":{"rendered":"https:\/\/www.beno.az\/?post_type=product&#038;p=1030"},"modified":"2023-07-05T14:26:04","modified_gmt":"2023-07-05T11:26:04","slug":"van-dog-quru-yem-itl%c9%99r-ucun-duyu-il%c9%99-quzu-%c9%99ti-c%c9%99ki-il%c9%99-15-kq","status":"publish","type":"product","link":"https:\/\/www.beno.az\/ru\/checkout\/van-dog-quru-yem-itl%c9%99r-ucun-duyu-il%c9%99-quzu-%c9%99ti-c%c9%99ki-il%c9%99-15-kq\/","title":{"rendered":"Van Dog quru yem itl\u0259r \u00fc\u00e7\u00fcn, d\u00fcy\u00fc il\u0259 quzu \u0259ti (\u00e7\u0259ki il\u0259) 15 kq"},"content":{"rendered":"","protected":false},"excerpt":{"rendered":"","protected":false},"featured_media":1028,"comment_status":"open","ping_status":"closed","template":"","meta":[],"pwb-brand":[208],"product_brand":[],"product_cat":[16,17],"product_tag":[],"class_list":{"0":"post-1030","1":"product","2":"type-product","3":"status-publish","4":"has-post-thumbnail","6":"pwb-brand-van-dog","7":"product_cat-it","8":"product_cat-quruyemler-it","10":"first","11":"outofstock","12":"shipping-taxable","13":"purchasable","14":"product-type-simple"},"pure_taxonomies":{"pwb-brand":[{"term_id":208,"name":"Van Dog","slug":"van-dog","term_group":0,"term_taxonomy_id":208,"taxonomy":"pwb-brand","description":"","parent":0,"count":3,"filter":"raw","image":""}],"product_cat":[{"term_id":16,"name":"\u0130TL\u018fR","slug":"it","term_group":0,"term_taxonomy_id":16,"taxonomy":"product_cat","description":"","parent":0,"count":228,"filter":"raw","image":""},{"term_id":17,"name":"Quru yeml\u0259r","slug":"quruyemler-it","term_group":0,"term_taxonomy_id":17,"taxonomy":"product_cat","description":"","parent":16,"count":5,"filter":"raw","image":""}]},"brands":[{"id":208,"name":"Van Dog","slug":"van-dog"}],"_links":{"self":[{"href":"https:\/\/www.beno.az\/ru\/wp-json\/wp\/v2\/product\/1030","targetHints":{"allow":["GET"]}}],"collection":[{"href":"https:\/\/www.beno.az\/ru\/wp-json\/wp\/v2\/product"}],"about":[{"href":"https:\/\/www.beno.az\/ru\/wp-json\/wp\/v2\/types\/product"}],"replies":[{"embeddable":true,"href":"https:\/\/www.beno.az\/ru\/wp-json\/wp\/v2\/comments?post=1030"}],"version-history":[{"count":1,"href":"https:\/\/www.beno.az\/ru\/wp-json\/wp\/v2\/product\/1030\/revisions"}],"predecessor-version":[{"id":10724,"href":"https:\/\/www.beno.az\/ru\/wp-json\/wp\/v2\/product\/1030\/revisions\/10724"}],"wp:featuredmedia":[{"embeddable":true,"href":"https:\/\/www.beno.az\/ru\/wp-json\/wp\/v2\/media\/1028"}],"wp:attachment":[{"href":"https:\/\/www.beno.az\/ru\/wp-json\/wp\/v2\/media?parent=1030"}],"wp:term":[{"taxonomy":"pwb-brand","embeddable":true,"href":"https:\/\/www.beno.az\/ru\/wp-json\/wp\/v2\/pwb-brand?post=1030"},{"taxonomy":"product_brand","embeddable":true,"href":"https:\/\/www.beno.az\/ru\/wp-json\/wp\/v2\/product_brand?post=1030"},{"taxonomy":"product_cat","embeddable":true,"href":"https:\/\/www.beno.az\/ru\/wp-json\/wp\/v2\/product_cat?post=1030"},{"taxonomy":"product_tag","embeddable":true,"href":"https:\/\/www.beno.az\/ru\/wp-json\/wp\/v2\/product_tag?post=1030"}],"curies":[{"name":"wp","href":"https:\/\/api.w.org\/{rel}","templated":true}]}}