{"id":10057,"date":"2023-03-25T17:46:23","date_gmt":"2023-03-25T14:46:23","guid":{"rendered":"https:\/\/www.beno.az\/?post_type=product&#038;p=10057"},"modified":"2023-06-19T15:52:11","modified_gmt":"2023-06-19T12:52:11","slug":"beeztees-christa-pisikl%c9%99r-ucun-dirnaq-etil%c9%99y%c9%99n-ev-60x30","status":"publish","type":"product","link":"https:\/\/www.beno.az\/ru\/checkout\/beeztees-christa-pisikl%c9%99r-ucun-dirnaq-etil%c9%99y%c9%99n-ev-60x30\/","title":{"rendered":"Beeztees Christa Pi\u015fikl\u0259r \u00fc\u00e7\u00fcn d\u0131rnaq etil\u0259y\u0259n ev 60&#215;30"},"content":{"rendered":"","protected":false},"excerpt":{"rendered":"","protected":false},"featured_media":10059,"comment_status":"open","ping_status":"closed","template":"","meta":[],"pwb-brand":[404],"product_brand":[],"product_cat":[43,31],"product_tag":[],"class_list":{"0":"post-10057","1":"product","2":"type-product","3":"status-publish","4":"has-post-thumbnail","6":"pwb-brand-beeztees","7":"product_cat-dirnaqitileyen-pisik","8":"product_cat-pisik","10":"first","11":"instock","12":"shipping-taxable","13":"purchasable","14":"product-type-simple"},"pure_taxonomies":{"pwb-brand":[{"term_id":404,"name":"Beeztees","slug":"beeztees","term_group":0,"term_taxonomy_id":404,"taxonomy":"pwb-brand","description":"","parent":0,"count":6,"filter":"raw","image":""}],"product_cat":[{"term_id":43,"name":"D\u0131rnaq itiley\u0259nl\u0259r","slug":"dirnaqitileyen-pisik","term_group":0,"term_taxonomy_id":43,"taxonomy":"product_cat","description":"","parent":31,"count":2,"filter":"raw","image":""},{"term_id":31,"name":"Pi\u015fiyimiz","slug":"pisik","term_group":0,"term_taxonomy_id":31,"taxonomy":"product_cat","description":"","parent":0,"count":275,"filter":"raw","image":""}]},"brands":[{"id":404,"name":"Beeztees","slug":"beeztees"}],"_links":{"self":[{"href":"https:\/\/www.beno.az\/ru\/wp-json\/wp\/v2\/product\/10057","targetHints":{"allow":["GET"]}}],"collection":[{"href":"https:\/\/www.beno.az\/ru\/wp-json\/wp\/v2\/product"}],"about":[{"href":"https:\/\/www.beno.az\/ru\/wp-json\/wp\/v2\/types\/product"}],"replies":[{"embeddable":true,"href":"https:\/\/www.beno.az\/ru\/wp-json\/wp\/v2\/comments?post=10057"}],"version-history":[{"count":1,"href":"https:\/\/www.beno.az\/ru\/wp-json\/wp\/v2\/product\/10057\/revisions"}],"predecessor-version":[{"id":10402,"href":"https:\/\/www.beno.az\/ru\/wp-json\/wp\/v2\/product\/10057\/revisions\/10402"}],"wp:featuredmedia":[{"embeddable":true,"href":"https:\/\/www.beno.az\/ru\/wp-json\/wp\/v2\/media\/10059"}],"wp:attachment":[{"href":"https:\/\/www.beno.az\/ru\/wp-json\/wp\/v2\/media?parent=10057"}],"wp:term":[{"taxonomy":"pwb-brand","embeddable":true,"href":"https:\/\/www.beno.az\/ru\/wp-json\/wp\/v2\/pwb-brand?post=10057"},{"taxonomy":"product_brand","embeddable":true,"href":"https:\/\/www.beno.az\/ru\/wp-json\/wp\/v2\/product_brand?post=10057"},{"taxonomy":"product_cat","embeddable":true,"href":"https:\/\/www.beno.az\/ru\/wp-json\/wp\/v2\/product_cat?post=10057"},{"taxonomy":"product_tag","embeddable":true,"href":"https:\/\/www.beno.az\/ru\/wp-json\/wp\/v2\/product_tag?post=10057"}],"curies":[{"name":"wp","href":"https:\/\/api.w.org\/{rel}","templated":true}]}}