{"id":341,"date":"2023-02-02T10:29:50","date_gmt":"2023-02-02T07:29:50","guid":{"rendered":"https:\/\/www.beno.az\/?page_id=341"},"modified":"2023-02-02T10:29:51","modified_gmt":"2023-02-02T07:29:51","slug":"gizlilik-siyas%c9%99ti","status":"publish","type":"page","link":"https:\/\/www.beno.az\/ru\/gizlilik-siyas%c9%99ti\/","title":{"rendered":"Gizlilik Siyas\u0259ti"},"content":{"rendered":"<ol class=\"wp-block-list\">\n<li>\u0130\u015fl\u0259nmi\u015f m\u0259lumat<br>1.1. Saytdan istifad\u0259 ed\u0259r\u0259k \u015f\u0259xsi m\u0259lumatlar\u0131n\u0131z\u0131 toplam\u0131r\u0131q.<\/li>\n<\/ol>\n\n\n\n<p>1.2. Saytda toplanm\u0131\u015f b\u00fct\u00fcn m\u0259lumatlar anonim formada (bundan sonra \u201cAnonim M\u0259lumat\u201d adland\u0131r\u0131lacaq) t\u0259qdim olunur v\u0259 q\u0259bul edilir.<\/p>\n\n\n\n<p>1.3. Anonim m\u0259lumat sizi tan\u0131mayan a\u015fa\u011f\u0131dak\u0131 m\u0259lumatlar\u0131 ehtiva edir:<\/p>\n\n\n\n<p>1.3.1. Ad v\u0259 ya telefon n\u00f6mr\u0259si v\u0259\/v\u0259 ya e-po\u00e7t \u00fcnvan\u0131 daxil olmaqla Sayt\u0131n onlayn formalar\u0131 v\u0259 proqram modullar\u0131ndan istifad\u0259 ed\u0259r\u0259k \u00f6z\u00fcn\u00fcz haqq\u0131nda verdiyiniz m\u0259lumatlar.<\/p>\n\n\n\n<p>1.3.2. \u0130stifad\u0259 etdiyiniz proqram t\u0259minat\u0131n\u0131n parametrl\u0259rind\u0259n as\u0131l\u0131 olaraq avtomatik rejimd\u0259 anonim formada \u00f6t\u00fcr\u00fcl\u0259n m\u0259lumatlar.<\/p>\n\n\n\n<p>1.4. Administrasiya Saytdan istifad\u0259 etm\u0259kl\u0259 toplanan \u015e\u0259xsi \u0130stifad\u0259\u00e7i M\u0259lumatlar\u0131n\u0131n t\u0259rkibin\u0259 dair t\u0259l\u0259bl\u0259r m\u00fc\u0259yy\u0259n etm\u0259k h\u00fcququna malikdir.<\/p>\n\n\n\n<p>1.5. M\u00fc\u0259yy\u0259n m\u0259lumatlar m\u0259cburi olaraq qeyd edilm\u0259dikd\u0259, onun verilm\u0259si v\u0259 ya a\u00e7\u0131qlanmas\u0131 \u0130stifad\u0259\u00e7i t\u0259r\u0259find\u0259n \u00f6z m\u00fclahiz\u0259sin\u0259 \u0259sas\u0259n v\u0259 \u00f6z t\u0259\u015f\u0259bb\u00fcs\u00fc il\u0259 h\u0259yata ke\u00e7irilir.<\/p>\n\n\n\n<p>1.6. Administrasiya \u0130stifad\u0259\u00e7inin vicdanla, ehtiyatl\u0131 davrand\u0131\u011f\u0131na v\u0259 bu c\u00fcr m\u0259lumatlar\u0131n aktual olmas\u0131 \u00fc\u00e7\u00fcn h\u0259r c\u00fcr s\u0259y g\u00f6st\u0259rdiyin\u0259 inanaraq, t\u0259qdim olunan m\u0259lumatlar\u0131n d\u00fczg\u00fcnl\u00fcy\u00fcn\u00fc v\u0259 \u0130stifad\u0259\u00e7inin bu Siyas\u0259t\u0259 uy\u011fun olaraq onlar\u0131n i\u015fl\u0259nm\u0259si \u00fc\u00e7\u00fcn laz\u0131mi raz\u0131l\u0131\u011f\u0131n olub-olmad\u0131\u011f\u0131n\u0131 yoxlam\u0131r. onun istifad\u0259si \u00fc\u00e7\u00fcn b\u00fct\u00fcn z\u0259ruri raz\u0131l\u0131qlar\u0131 al\u0131n.<\/p>\n\n\n\n<p>1.7. Siz Saytda \u00fc\u00e7\u00fcnc\u00fc t\u0259r\u0259f proqram t\u0259minat\u0131ndan istifad\u0259 imkan\u0131n\u0131 q\u0259bul edirsiniz v\u0259 bunun n\u0259tic\u0259sind\u0259 bel\u0259 t\u0259r\u0259fl\u0259r 1.3-c\u00fc b\u0259ndd\u0259 g\u00f6st\u0259ril\u0259n m\u0259lumatlar\u0131 anonim formada q\u0259bul edib \u00f6t\u00fcr\u0259 bil\u0259rl\u0259r.<\/p>\n\n\n\n<p>N\u00fcmun\u0259! \u00dc\u00e7\u00fcnc\u00fc t\u0259r\u0259fl\u0259rin g\u00f6st\u0259ril\u0259n proqram t\u0259minat\u0131na Google Analytics v\u0259 Yandex.Metrika ziyar\u0259tl\u0259rinin statistikas\u0131n\u0131n toplanmas\u0131 sisteml\u0259ri daxildir.<br>1.8. \u00dc\u00e7\u00fcnc\u00fc t\u0259r\u0259f proqram t\u0259minat\u0131ndan istifad\u0259 ed\u0259r\u0259k anonim m\u0259lumatlar\u0131n toplanmas\u0131 \u00fc\u00e7\u00fcn t\u0259rkibi v\u0259 \u015f\u0259rtl\u0259ri birba\u015fa onlar\u0131n m\u00fc\u0259llif h\u00fcquqlar\u0131 sahibl\u0259ri t\u0259r\u0259find\u0259n m\u00fc\u0259yy\u0259n edilir v\u0259 bunlara a\u015fa\u011f\u0131dak\u0131lar daxil ola bil\u0259r:<\/p>\n\n\n\n<p>brauzer m\u0259lumatlar\u0131 (n\u00f6v, versiya, kuki);<br>cihaz m\u0259lumatlar\u0131 v\u0259 onun yeri;<br>\u0259m\u0259liyyat sistemi m\u0259lumatlar\u0131 (n\u00f6v, versiya, ekran h\u0259lli);<br>sor\u011fu m\u0259lumat\u0131 (vaxt, istinad m\u0259nb\u0259yi, IP \u00fcnvan\u0131).<br>1.9. Administrasiya Anonim \u0130stifad\u0259\u00e7i M\u0259lumatlar\u0131n\u0131n \u00fc\u00e7\u00fcnc\u00fc \u015f\u0259xsl\u0259r t\u0259r\u0259find\u0259n istifad\u0259si proseduruna g\u00f6r\u0259 m\u0259suliyy\u0259t da\u015f\u0131m\u0131r.<\/p>\n\n\n\n<p>Biznesiniz \u00fc\u00e7\u00fcn a\u00e7ar t\u0259slim h\u0259ll<\/p>\n\n\n\n<p>Sayt \u00fc\u00e7\u00fcn s\u0259n\u0259dl\u0259r paketi<br>M\u0259\u015fhur internet xidm\u0259t modell\u0259ri \u00fc\u00e7\u00fcn s\u0259n\u0259dl\u0259r. M\u0259suliyy\u0259tin m\u0259hdudla\u015fd\u0131r\u0131lmas\u0131 v\u0259 vergi t\u0259mizliyin\u0259 z\u0259man\u0259t.<br>H\u0259ll yoluna bax\u0131n<\/p>\n\n\n\n<ol class=\"wp-block-list\" start=\"2\">\n<li>M\u0259lumatlar\u0131n emal\u0131n\u0131n m\u0259qs\u0259dl\u0259ri<br>2.1. \u0130dar\u0259 m\u0259lumatlardan a\u015fa\u011f\u0131dak\u0131 m\u0259qs\u0259dl\u0259r \u00fc\u00e7\u00fcn istifad\u0259 edir:<\/li>\n<\/ol>\n\n\n\n<p>2.1.1. Daxil olan sor\u011fular\u0131n i\u015fl\u0259nm\u0259si v\u0259 \u0130stifad\u0259\u00e7i il\u0259 \u0259laq\u0259;<\/p>\n\n\n\n<p>2.1.2. \u0130nformasiya xidm\u0259ti, o c\u00fcml\u0259d\u0259n reklam v\u0259 m\u0259lumat materiallar\u0131n\u0131n yay\u0131lmas\u0131;<\/p>\n\n\n\n<p>2.1.3. Marketinq, statistik v\u0259 dig\u0259r t\u0259dqiqatlar\u0131n apar\u0131lmas\u0131;<\/p>\n\n\n\n<p>2.1.4. Saytda reklam materiallar\u0131n\u0131n h\u0259d\u0259fl\u0259nm\u0259si.<\/p>\n\n\n\n<ol class=\"wp-block-list\" start=\"3\">\n<li>M\u0259lumat\u0131n m\u00fchafiz\u0259si t\u0259l\u0259bl\u0259ri<br>3.1. \u0130dar\u0259 daxili qaydalara v\u0259 qaydalara uy\u011fun olaraq m\u0259lumatlar\u0131 saxlay\u0131r v\u0259 onlar\u0131n icaz\u0259siz daxil olmaqdan v\u0259 yay\u0131lmas\u0131ndan qorunmas\u0131n\u0131 t\u0259min edir.<\/li>\n<\/ol>\n\n\n\n<p>3.2. \u0130stifad\u0259\u00e7i t\u0259r\u0259find\u0259n ictimaiyy\u0259t\u0259 a\u00e7\u0131qland\u0131\u011f\u0131, habel\u0259 Saytda istifad\u0259 edil\u0259n \u00fc\u00e7\u00fcnc\u00fc \u015f\u0259xsl\u0259rin texnologiyalar\u0131 v\u0259 proqram t\u0259minat\u0131 v\u0259 ya \u0130stifad\u0259\u00e7inin istifad\u0259 etdiyi proqram t\u0259minat\u0131n\u0131n parametrl\u0259ri a\u00e7\u0131q m\u00fcbadil\u0259 t\u0259min edildiyi hallar istisna olmaqla, al\u0131nan m\u0259lumatlara m\u00fcnasib\u0259td\u0259 m\u0259xfilik qorunur. bu \u015f\u0259xsl\u0259r v\u0259\/v\u0259 ya \u0130nternetin dig\u0259r i\u015ftirak\u00e7\u0131lar\u0131 v\u0259 istifad\u0259\u00e7il\u0259ri il\u0259.<\/p>\n\n\n\n<p>3.3. Administrasiya i\u015fin keyfiyy\u0259tini y\u00fcks\u0259ltm\u0259k m\u0259qs\u0259dil\u0259 \u0130stifad\u0259\u00e7inin Saytdan istifad\u0259 \u00e7\u0259r\u00e7iv\u0259sind\u0259 h\u0259yata ke\u00e7irdiyi h\u0259r\u0259k\u0259tl\u0259r\u0259 dair jurnal fayllar\u0131n\u0131 1 (Bir) il m\u00fcdd\u0259tind\u0259 saxlamaq h\u00fcququna malikdir.<\/p>\n\n\n\n<ol class=\"wp-block-list\" start=\"4\">\n<li>M\u0259lumat \u00f6t\u00fcr\u00fclm\u0259si<br>4.1. \u0130dar\u0259 a\u015fa\u011f\u0131dak\u0131 hallarda m\u0259lumatlar\u0131 \u00fc\u00e7\u00fcnc\u00fc \u015f\u0259xsl\u0259r\u0259 \u00f6t\u00fcrm\u0259k h\u00fcququna malikdir:<\/li>\n<\/ol>\n\n\n\n<p>\u0130stifad\u0259\u00e7i bu c\u00fcr h\u0259r\u0259k\u0259tl\u0259r\u0259, o c\u00fcml\u0259d\u0259n \u0130stifad\u0259\u00e7inin m\u00fc\u0259yy\u0259n m\u0259lumatlar\u0131n verilm\u0259sini m\u0259hdudla\u015fd\u0131rmayan istifad\u0259 olunan proqram t\u0259minat\u0131n\u0131n parametrl\u0259rind\u0259n istifad\u0259 etdiyi hallara \u00f6z raz\u0131l\u0131\u011f\u0131n\u0131 bildirdi;<br>K\u00f6\u00e7\u00fcrm\u0259 \u0130stifad\u0259\u00e7inin Sayt\u0131n funksionall\u0131\u011f\u0131ndan istifad\u0259sinin bir hiss\u0259si kimi z\u0259ruridir;<br>K\u00f6\u00e7\u00fcrm\u0259 m\u0259lumatlar\u0131n i\u015fl\u0259nm\u0259si m\u0259qs\u0259dl\u0259rin\u0259 uy\u011fun olaraq t\u0259l\u0259b olunur;<br>Sayt\u0131n bel\u0259 bir \u00fc\u00e7\u00fcnc\u00fc \u015f\u0259xsin m\u00fclkiyy\u0259tin\u0259, istifad\u0259sin\u0259 v\u0259 ya m\u00fclkiyy\u0259tin\u0259 verilm\u0259si il\u0259 \u0259laq\u0259dar;<br>qanunla m\u00fc\u0259yy\u0259n edilmi\u015f qaydada m\u0259hk\u0259m\u0259nin v\u0259 ya dig\u0259r s\u0259lahiyy\u0259tli d\u00f6vl\u0259t orqan\u0131n\u0131n t\u0259l\u0259bi il\u0259;<br>\u0130stifad\u0259\u00e7i t\u0259r\u0259find\u0259n yol verilmi\u015f pozuntularla \u0259laq\u0259dar Administrasiyan\u0131n h\u00fcquq v\u0259 qanuni m\u0259nafel\u0259rini qorumaq.<\/p>\n\n\n\n<ol class=\"wp-block-list\" start=\"5\">\n<li>M\u0259xfilik Siyas\u0259tin\u0259 D\u0259yi\u015fiklikl\u0259r<br>5.1. Bu Siyas\u0259t \u0130stifad\u0259\u00e7iy\u0259 \u0259vv\u0259lc\u0259d\u0259n x\u0259b\u0259rdarl\u0131q edilm\u0259d\u0259n Administrasiya t\u0259r\u0259find\u0259n birt\u0259r\u0259fli qaydada d\u0259yi\u015fdiril\u0259 v\u0259 ya l\u0259\u011fv edil\u0259 bil\u0259r. Siyas\u0259tin yeni versiyas\u0131, Siyas\u0259tin yeni versiyas\u0131nda ba\u015fqa hal n\u0259z\u0259rd\u0259 tutulmay\u0131bsa, Saytda yerl\u0259\u015fdirildiyi andan q\u00fcvv\u0259y\u0259 minir.<\/li>\n<\/ol>\n\n\n\n<p class=\"has-black-color has-text-color\">5.2. Siyas\u0259tin cari versiyas\u0131 Vebsaytda yerl\u0259\u015fir<br>Siyas\u0259tin cari versiyas\u0131 25\/06\/2021-ci il tarixlidir.<\/p>\n\n\n\n<h2 class=\"wp-block-heading\"><\/h2>","protected":false},"excerpt":{"rendered":"<p>1.2. Saytda toplanm\u0131\u015f b\u00fct\u00fcn m\u0259lumatlar anonim formada (bundan sonra \u201cAnonim M\u0259lumat\u201d adland\u0131r\u0131lacaq) t\u0259qdim olunur v\u0259 q\u0259bul edilir. 1.3. Anonim m\u0259lumat<\/p>","protected":false},"author":0,"featured_media":0,"parent":0,"menu_order":0,"comment_status":"closed","ping_status":"closed","template":"","meta":{"footnotes":""},"class_list":["post-341","page","type-page","status-publish","hentry"],"pure_taxonomies":[],"_links":{"self":[{"href":"https:\/\/www.beno.az\/ru\/wp-json\/wp\/v2\/pages\/341","targetHints":{"allow":["GET"]}}],"collection":[{"href":"https:\/\/www.beno.az\/ru\/wp-json\/wp\/v2\/pages"}],"about":[{"href":"https:\/\/www.beno.az\/ru\/wp-json\/wp\/v2\/types\/page"}],"replies":[{"embeddable":true,"href":"https:\/\/www.beno.az\/ru\/wp-json\/wp\/v2\/comments?post=341"}],"version-history":[{"count":0,"href":"https:\/\/www.beno.az\/ru\/wp-json\/wp\/v2\/pages\/341\/revisions"}],"wp:attachment":[{"href":"https:\/\/www.beno.az\/ru\/wp-json\/wp\/v2\/media?parent=341"}],"curies":[{"name":"wp","href":"https:\/\/api.w.org\/{rel}","templated":true}]}}